{"id":1532,"date":"2023-01-25T11:59:16","date_gmt":"2023-01-25T11:59:16","guid":{"rendered":"https:\/\/29e4aaa2-b025-48da-b57e-79ef59e549ee.eu02.conves.io\/?page_id=1532"},"modified":"2025-03-18T16:50:52","modified_gmt":"2025-03-18T16:50:52","slug":"objectives","status":"publish","type":"page","link":"https:\/\/bioyoutoon-project.eu\/de\/objectives\/","title":{"rendered":"Zielsetzungen"},"content":{"rendered":"<div data-elementor-type=\"wp-page\" data-elementor-id=\"1532\" class=\"elementor elementor-1532\" data-elementor-post-type=\"page\">\n\t\t\t\t\t\t<section class=\"has_eae_slider elementor-section elementor-top-section elementor-element elementor-element-be8b287 elementor-section-full_width elementor-section-height-default elementor-section-height-default\" data-eae-slider=\"69936\" data-id=\"be8b287\" data-element_type=\"section\" data-e-type=\"section\" data-settings=\"{&quot;background_background&quot;:&quot;classic&quot;}\">\n\t\t\t\t\t\t<div class=\"elementor-container elementor-column-gap-default\">\n\t\t\t\t\t<div class=\"has_eae_slider elementor-column elementor-col-100 elementor-top-column elementor-element elementor-element-ee21998\" data-eae-slider=\"12051\" data-id=\"ee21998\" data-element_type=\"column\" data-e-type=\"column\">\n\t\t\t<div class=\"elementor-widget-wrap elementor-element-populated\">\n\t\t\t\t\t\t<div class=\"elementor-element elementor-element-69e09c7 elementor-widget elementor-widget-heading\" data-id=\"69e09c7\" data-element_type=\"widget\" data-e-type=\"widget\" data-widget_type=\"heading.default\">\n\t\t\t\t<div class=\"elementor-widget-container\">\n\t\t\t\t\t<h2 class=\"elementor-heading-title elementor-size-default\">Zielsetzungen<\/h2>\t\t\t\t<\/div>\n\t\t\t\t<\/div>\n\t\t\t\t<div class=\"elementor-element elementor-element-fac178f elementor-widget-divider--view-line elementor-widget elementor-widget-divider\" data-id=\"fac178f\" data-element_type=\"widget\" data-e-type=\"widget\" data-widget_type=\"divider.default\">\n\t\t\t\t<div class=\"elementor-widget-container\">\n\t\t\t\t\t\t\t<div class=\"elementor-divider\">\n\t\t\t<span class=\"elementor-divider-separator\">\n\t\t\t\t\t\t<\/span>\n\t\t<\/div>\n\t\t\t\t\t\t<\/div>\n\t\t\t\t<\/div>\n\t\t\t\t<div class=\"elementor-element elementor-element-de9db09 elementor-widget elementor-widget-text-editor\" data-id=\"de9db09\" data-element_type=\"widget\" data-e-type=\"widget\" data-widget_type=\"text-editor.default\">\n\t\t\t\t<div class=\"elementor-widget-container\">\n\t\t\t\t\t\t\t\t\t<p>Entwicklung grundlegender F\u00e4higkeiten, Methoden und Kenntnisse bei jungen Menschen und Jugend-NGOs im Bereich der biologischen Vielfalt.<\/p>\t\t\t\t\t\t\t\t<\/div>\n\t\t\t\t<\/div>\n\t\t<div class=\"has_eae_slider elementor-element elementor-element-f72ea43 e-flex e-con-boxed e-con e-parent\" data-eae-slider=\"68414\" data-id=\"f72ea43\" data-element_type=\"container\" data-e-type=\"container\">\n\t\t\t\t\t<div class=\"e-con-inner\">\n\t\t<div class=\"has_eae_slider elementor-element elementor-element-cab5ecf e-con-full e-flex e-con e-child\" data-eae-slider=\"22273\" data-id=\"cab5ecf\" data-element_type=\"container\" data-e-type=\"container\">\n\t\t\t\t<div class=\"elementor-element elementor-element-7a8d13a elementor-widget elementor-widget-heading\" data-id=\"7a8d13a\" data-element_type=\"widget\" data-e-type=\"widget\" data-widget_type=\"heading.default\">\n\t\t\t\t<div class=\"elementor-widget-container\">\n\t\t\t\t\t<h2 class=\"elementor-heading-title elementor-size-default\">WIE?<\/h2>\t\t\t\t<\/div>\n\t\t\t\t<\/div>\n\t\t\t\t<\/div>\n\t\t<div class=\"has_eae_slider elementor-element elementor-element-76834ca e-con-full e-flex e-con e-child\" data-eae-slider=\"21972\" data-id=\"76834ca\" data-element_type=\"container\" data-e-type=\"container\">\n\t\t\t\t<div class=\"elementor-element elementor-element-92ef6f4 elementor-widget elementor-widget-text-editor\" data-id=\"92ef6f4\" data-element_type=\"widget\" data-e-type=\"widget\" data-widget_type=\"text-editor.default\">\n\t\t\t\t<div class=\"elementor-widget-container\">\n\t\t\t\t\t\t\t\t\t<p>Durch ansprechende Workshops, Bildungsressourcen und interaktive Plattformen bef\u00e4higen wir sie, das reiche Naturerbe unseres Planeten zu verstehen, zu sch\u00e4tzen und aktiv zu seiner Erhaltung beizutragen.<\/p>\t\t\t\t\t\t\t\t<\/div>\n\t\t\t\t<\/div>\n\t\t\t\t<\/div>\n\t\t\t\t\t<\/div>\n\t\t\t\t<\/div>\n\t\t\t\t<div class=\"elementor-element elementor-element-132b003 elementor-widget elementor-widget-text-editor\" data-id=\"132b003\" data-element_type=\"widget\" data-e-type=\"widget\" data-widget_type=\"text-editor.default\">\n\t\t\t\t<div class=\"elementor-widget-container\">\n\t\t\t\t\t\t\t\t\t<p>Umfassende Schulung von Jugendbetreuern und jungen Menschen, damit sie Umwelterziehungsaktivit\u00e4ten nahtlos in ihre berufliche Praxis integrieren k\u00f6nnen.<\/p>\t\t\t\t\t\t\t\t<\/div>\n\t\t\t\t<\/div>\n\t\t<div class=\"has_eae_slider elementor-element elementor-element-b8842a2 e-flex e-con-boxed e-con e-parent\" data-eae-slider=\"6182\" data-id=\"b8842a2\" data-element_type=\"container\" data-e-type=\"container\">\n\t\t\t\t\t<div class=\"e-con-inner\">\n\t\t<div class=\"has_eae_slider elementor-element elementor-element-5460bff e-con-full e-flex e-con e-child\" data-eae-slider=\"71436\" data-id=\"5460bff\" data-element_type=\"container\" data-e-type=\"container\">\n\t\t\t\t<div class=\"elementor-element elementor-element-1bb143e elementor-widget elementor-widget-heading\" data-id=\"1bb143e\" data-element_type=\"widget\" data-e-type=\"widget\" data-widget_type=\"heading.default\">\n\t\t\t\t<div class=\"elementor-widget-container\">\n\t\t\t\t\t<h2 class=\"elementor-heading-title elementor-size-default\">WIE?<\/h2>\t\t\t\t<\/div>\n\t\t\t\t<\/div>\n\t\t\t\t<\/div>\n\t\t<div class=\"has_eae_slider elementor-element elementor-element-dfe7aef e-con-full e-flex e-con e-child\" data-eae-slider=\"96172\" data-id=\"dfe7aef\" data-element_type=\"container\" data-e-type=\"container\">\n\t\t\t\t<div class=\"elementor-element elementor-element-6152086 elementor-widget elementor-widget-text-editor\" data-id=\"6152086\" data-element_type=\"widget\" data-e-type=\"widget\" data-widget_type=\"text-editor.default\">\n\t\t\t\t<div class=\"elementor-widget-container\">\n\t\t\t\t\t\t\t\t\t<p>Indem wir sie mit dem n\u00f6tigen Fachwissen ausstatten, versuchen wir, die Wirkung ihrer Bem\u00fchungen zu maximieren und eine Welle des Umweltbewusstseins zu erzeugen.<\/p>\t\t\t\t\t\t\t\t<\/div>\n\t\t\t\t<\/div>\n\t\t\t\t<\/div>\n\t\t\t\t\t<\/div>\n\t\t\t\t<\/div>\n\t\t\t\t<div class=\"elementor-element elementor-element-3de7e57 elementor-widget elementor-widget-text-editor\" data-id=\"3de7e57\" data-element_type=\"widget\" data-e-type=\"widget\" data-widget_type=\"text-editor.default\">\n\t\t\t\t<div class=\"elementor-widget-container\">\n\t\t\t\t\t\t\t\t\t<p>F\u00f6rderung einer effektiven Wissenschaftskommunikation und Zusammenarbeit bei der Erhaltung der biologischen Vielfalt. BioYouToon legt gro\u00dfen Wert auf die St\u00e4rkung der F\u00e4higkeiten junger Forscher in der Wissenschaftskommunikation und der Koproduktion von Wissen.<\/p>\t\t\t\t\t\t\t\t<\/div>\n\t\t\t\t<\/div>\n\t\t<div class=\"has_eae_slider elementor-element elementor-element-56bf5d2 e-flex e-con-boxed e-con e-parent\" data-eae-slider=\"71112\" data-id=\"56bf5d2\" data-element_type=\"container\" data-e-type=\"container\">\n\t\t\t\t\t<div class=\"e-con-inner\">\n\t\t<div class=\"has_eae_slider elementor-element elementor-element-21e2a44 e-con-full e-flex e-con e-child\" data-eae-slider=\"29283\" data-id=\"21e2a44\" data-element_type=\"container\" data-e-type=\"container\">\n\t\t\t\t<div class=\"elementor-element elementor-element-c45dff6 elementor-widget elementor-widget-heading\" data-id=\"c45dff6\" data-element_type=\"widget\" data-e-type=\"widget\" data-widget_type=\"heading.default\">\n\t\t\t\t<div class=\"elementor-widget-container\">\n\t\t\t\t\t<h2 class=\"elementor-heading-title elementor-size-default\">WIE?<\/h2>\t\t\t\t<\/div>\n\t\t\t\t<\/div>\n\t\t\t\t<\/div>\n\t\t<div class=\"has_eae_slider elementor-element elementor-element-1e1384a e-con-full e-flex e-con e-child\" data-eae-slider=\"67031\" data-id=\"1e1384a\" data-element_type=\"container\" data-e-type=\"container\">\n\t\t\t\t<div class=\"elementor-element elementor-element-1e0c913 elementor-widget elementor-widget-text-editor\" data-id=\"1e0c913\" data-element_type=\"widget\" data-e-type=\"widget\" data-widget_type=\"text-editor.default\">\n\t\t\t\t<div class=\"elementor-widget-container\">\n\t\t\t\t\t\t\t\t\t<p>Durch Mentorenprogramme, interaktive Plattformen und praktische Erfahrungen wollen wir die L\u00fccke zwischen wissenschaftlicher Forschung und ihrer sinnvollen Anwendung in realen Naturschutzinitiativen schlie\u00dfen.<\/p>\t\t\t\t\t\t\t\t<\/div>\n\t\t\t\t<\/div>\n\t\t\t\t<\/div>\n\t\t\t\t\t<\/div>\n\t\t\t\t<\/div>\n\t\t\t\t<div class=\"elementor-element elementor-element-ca35954 elementor-widget elementor-widget-text-editor\" data-id=\"ca35954\" data-element_type=\"widget\" data-e-type=\"widget\" data-widget_type=\"text-editor.default\">\n\t\t\t\t<div class=\"elementor-widget-container\">\n\t\t\t\t\t\t\t\t\t<p>Erleichterung der Zusammenarbeit zwischen nichtstaatlichen Jugendorganisationen und jungen Forschern durch die Entwicklung konkreter Methoden f\u00fcr das Matchmaking und die Zusammenarbeit bei Ma\u00dfnahmen zur Erhaltung der biologischen Vielfalt.<\/p>\t\t\t\t\t\t\t\t<\/div>\n\t\t\t\t<\/div>\n\t\t<div class=\"has_eae_slider elementor-element elementor-element-7c4299c e-flex e-con-boxed e-con e-parent\" data-eae-slider=\"96176\" data-id=\"7c4299c\" data-element_type=\"container\" data-e-type=\"container\">\n\t\t\t\t\t<div class=\"e-con-inner\">\n\t\t<div class=\"has_eae_slider elementor-element elementor-element-d91a6bd e-con-full e-flex e-con e-child\" data-eae-slider=\"89381\" data-id=\"d91a6bd\" data-element_type=\"container\" data-e-type=\"container\">\n\t\t\t\t<div class=\"elementor-element elementor-element-76ffbda elementor-widget elementor-widget-heading\" data-id=\"76ffbda\" data-element_type=\"widget\" data-e-type=\"widget\" data-widget_type=\"heading.default\">\n\t\t\t\t<div class=\"elementor-widget-container\">\n\t\t\t\t\t<h2 class=\"elementor-heading-title elementor-size-default\">WIE?<\/h2>\t\t\t\t<\/div>\n\t\t\t\t<\/div>\n\t\t\t\t<\/div>\n\t\t<div class=\"has_eae_slider elementor-element elementor-element-c714f8b e-con-full e-flex e-con e-child\" data-eae-slider=\"53559\" data-id=\"c714f8b\" data-element_type=\"container\" data-e-type=\"container\">\n\t\t\t\t<div class=\"elementor-element elementor-element-470d673 elementor-widget elementor-widget-text-editor\" data-id=\"470d673\" data-element_type=\"widget\" data-e-type=\"widget\" data-widget_type=\"text-editor.default\">\n\t\t\t\t<div class=\"elementor-widget-container\">\n\t\t\t\t\t\t\t\t\t<p>Durch die F\u00f6rderung einer dynamischen Synergie zwischen diesen beiden Gruppen schaffen wir eine starke Kraft f\u00fcr den Wandel und treiben sp\u00fcrbare Fortschritte beim Schutz der wertvollen \u00d6kosysteme unseres Planeten voran.<\/p>\t\t\t\t\t\t\t\t<\/div>\n\t\t\t\t<\/div>\n\t\t\t\t<\/div>\n\t\t\t\t\t<\/div>\n\t\t\t\t<\/div>\n\t\t\t\t<div class=\"elementor-element elementor-element-2b365e6 elementor-widget-divider--view-line elementor-widget elementor-widget-divider\" data-id=\"2b365e6\" data-element_type=\"widget\" data-e-type=\"widget\" data-widget_type=\"divider.default\">\n\t\t\t\t<div class=\"elementor-widget-container\">\n\t\t\t\t\t\t\t<div class=\"elementor-divider\">\n\t\t\t<span class=\"elementor-divider-separator\">\n\t\t\t\t\t\t<\/span>\n\t\t<\/div>\n\t\t\t\t\t\t<\/div>\n\t\t\t\t<\/div>\n\t\t\t\t<div class=\"elementor-element elementor-element-54ea724 elementor-widget elementor-widget-text-editor\" data-id=\"54ea724\" data-element_type=\"widget\" data-e-type=\"widget\" data-widget_type=\"text-editor.default\">\n\t\t\t\t<div class=\"elementor-widget-container\">\n\t\t\t\t\t\t\t\t\t<p>Begleiten Sie uns auf dieser spannenden Reise der Entdeckung, des Lernens und des gemeinsamen Handelns. Gemeinsam k\u00f6nnen wir einen nachhaltigen Einfluss auf die Erhaltung der biologischen Vielfalt aus\u00fcben und eine nachhaltige Zukunft f\u00fcr kommende Generationen sichern.<\/p><p>Werden Sie ein Teil von BioYouToon und entfalten Sie Ihr Potenzial als Umweltsch\u00fctzer!<\/p>\t\t\t\t\t\t\t\t<\/div>\n\t\t\t\t<\/div>\n\t\t\t\t\t<\/div>\n\t\t<\/div>\n\t\t\t\t\t<\/div>\n\t\t<\/section>\n\t\t<div class=\"has_eae_slider elementor-element elementor-element-0bfacaa e-flex e-con-boxed e-con e-parent\" data-eae-slider=\"24404\" data-id=\"0bfacaa\" data-element_type=\"container\" data-e-type=\"container\">\n\t\t\t\t\t<div class=\"e-con-inner\">\n\t\t\t\t\t<\/div>\n\t\t\t\t<\/div>\n\t\t\t\t<\/div>","protected":false},"excerpt":{"rendered":"<p>Ziele Entwicklung grundlegender F\u00e4higkeiten, Methoden und Kenntnisse bei jungen Menschen und Jugend-NGOs im Bereich der biologischen Vielfalt. WIE?...<\/p>","protected":false},"author":1,"featured_media":0,"parent":0,"menu_order":0,"comment_status":"closed","ping_status":"closed","template":"","meta":{"footnotes":""},"class_list":["post-1532","page","type-page","status-publish","hentry"],"jetpack_sharing_enabled":true,"_links":{"self":[{"href":"https:\/\/bioyoutoon-project.eu\/de\/wp-json\/wp\/v2\/pages\/1532","targetHints":{"allow":["GET"]}}],"collection":[{"href":"https:\/\/bioyoutoon-project.eu\/de\/wp-json\/wp\/v2\/pages"}],"about":[{"href":"https:\/\/bioyoutoon-project.eu\/de\/wp-json\/wp\/v2\/types\/page"}],"author":[{"embeddable":true,"href":"https:\/\/bioyoutoon-project.eu\/de\/wp-json\/wp\/v2\/users\/1"}],"replies":[{"embeddable":true,"href":"https:\/\/bioyoutoon-project.eu\/de\/wp-json\/wp\/v2\/comments?post=1532"}],"version-history":[{"count":44,"href":"https:\/\/bioyoutoon-project.eu\/de\/wp-json\/wp\/v2\/pages\/1532\/revisions"}],"predecessor-version":[{"id":4599,"href":"https:\/\/bioyoutoon-project.eu\/de\/wp-json\/wp\/v2\/pages\/1532\/revisions\/4599"}],"wp:attachment":[{"href":"https:\/\/bioyoutoon-project.eu\/de\/wp-json\/wp\/v2\/media?parent=1532"}],"curies":[{"name":"wp","href":"https:\/\/api.w.org\/{rel}","templated":true}]}}