{"id":1576,"date":"2023-01-25T12:59:14","date_gmt":"2023-01-25T12:59:14","guid":{"rendered":"https:\/\/29e4aaa2-b025-48da-b57e-79ef59e549ee.eu02.conves.io\/?page_id=1576"},"modified":"2025-03-18T22:58:52","modified_gmt":"2025-03-18T22:58:52","slug":"home","status":"publish","type":"page","link":"https:\/\/bioyoutoon-project.eu\/de\/","title":{"rendered":"Startseite"},"content":{"rendered":"<div data-elementor-type=\"wp-page\" data-elementor-id=\"1576\" class=\"elementor elementor-1576\" data-elementor-post-type=\"page\">\n\t\t\t\t\t\t<section class=\"has_eae_slider elementor-section elementor-top-section elementor-element elementor-element-6578e24 elementor-section-boxed elementor-section-height-default elementor-section-height-default\" data-eae-slider=\"84185\" data-id=\"6578e24\" data-element_type=\"section\" data-e-type=\"section\">\n\t\t\t\t\t\t<div class=\"elementor-container elementor-column-gap-default\">\n\t\t\t\t\t<div class=\"has_eae_slider elementor-column elementor-col-100 elementor-top-column elementor-element elementor-element-94ff816\" data-eae-slider=\"13385\" data-id=\"94ff816\" data-element_type=\"column\" data-e-type=\"column\">\n\t\t\t<div class=\"elementor-widget-wrap elementor-element-populated\">\n\t\t\t\t\t\t<div class=\"elementor-element elementor-element-b6196f3 elementor-invisible elementor-widget elementor-widget-image\" data-id=\"b6196f3\" data-element_type=\"widget\" data-e-type=\"widget\" data-settings=\"{&quot;_animation&quot;:&quot;bounceInUp&quot;}\" data-widget_type=\"image.default\">\n\t\t\t\t<div class=\"elementor-widget-container\">\n\t\t\t\t\t\t\t\t\t\t\t\t\t\t\t<img fetchpriority=\"high\" decoding=\"async\" width=\"800\" height=\"1024\" src=\"https:\/\/bioyoutoon-project.eu\/wp-content\/uploads\/2023\/06\/BioYouToon-Facebook-cover-1640-\u00d7-1640px-2-e1708946825820-800x1024.png\" class=\"attachment-large size-large wp-image-1870\" alt=\"\" srcset=\"\" sizes=\"(max-width: 800px) 100vw, 800px\" data-srcset=\"\" \/>\t\t\t\t\t\t\t\t\t\t\t\t\t\t\t<\/div>\n\t\t\t\t<\/div>\n\t\t\t\t\t<\/div>\n\t\t<\/div>\n\t\t\t\t\t<\/div>\n\t\t<\/section>\n\t\t\t\t<section class=\"has_eae_slider elementor-section elementor-top-section elementor-element elementor-element-8854421 elementor-section-boxed elementor-section-height-default elementor-section-height-default\" data-eae-slider=\"35636\" data-id=\"8854421\" data-element_type=\"section\" data-e-type=\"section\" data-settings=\"{&quot;background_background&quot;:&quot;classic&quot;}\">\n\t\t\t\t\t\t<div class=\"elementor-container elementor-column-gap-no\">\n\t\t\t\t\t<div class=\"has_eae_slider elementor-column elementor-col-100 elementor-top-column elementor-element elementor-element-6794809\" data-eae-slider=\"41027\" data-id=\"6794809\" data-element_type=\"column\" data-e-type=\"column\">\n\t\t\t<div class=\"elementor-widget-wrap elementor-element-populated\">\n\t\t\t\t\t\t<div class=\"elementor-element elementor-element-eb69ea0 elementor-widget elementor-widget-heading\" data-id=\"eb69ea0\" data-element_type=\"widget\" data-e-type=\"widget\" data-widget_type=\"heading.default\">\n\t\t\t\t<div class=\"elementor-widget-container\">\n\t\t\t\t\t<h2 class=\"elementor-heading-title elementor-size-default\">Sensibilisierung der Jugendlichen f\u00fcr <br>den Erhalt der BIOdiversit\u00e4t via WebTOONs<\/h2>\t\t\t\t<\/div>\n\t\t\t\t<\/div>\n\t\t\t\t<div class=\"elementor-element elementor-element-aab8f84 elementor-widget elementor-widget-heading\" data-id=\"aab8f84\" data-element_type=\"widget\" data-e-type=\"widget\" data-widget_type=\"heading.default\">\n\t\t\t\t<div class=\"elementor-widget-container\">\n\t\t\t\t\t<h2 class=\"elementor-heading-title elementor-size-default\">\"BioYouToon\" ist eine auf 24 Monate angelegte Kooperationspartnerschaft, die darauf abzielt, junge Menschen f\u00fcr die Bedeutung der biologischen Vielfalt zu sensibilisieren, ihnen Zusammenh\u00e4nge und Kenntnisse zu vermitelm sowie die Zusammenarbeit zwischen Einrichtungen der Jugendbildungsarbeit und jungen Forschern  zu f\u00f6rdern. Insbesondere f\u00fcr Vorhaben und Projekte, die junge Menschen in Ma\u00dfnahmen zum Erhalt der biologischen Vielfalt einbinden.<\/h2>\t\t\t\t<\/div>\n\t\t\t\t<\/div>\n\t\t\t\t<div class=\"elementor-element elementor-element-89a2879 elementor-widget-divider--view-line elementor-widget elementor-widget-divider\" data-id=\"89a2879\" data-element_type=\"widget\" data-e-type=\"widget\" data-widget_type=\"divider.default\">\n\t\t\t\t<div class=\"elementor-widget-container\">\n\t\t\t\t\t\t\t<div class=\"elementor-divider\">\n\t\t\t<span class=\"elementor-divider-separator\">\n\t\t\t\t\t\t<\/span>\n\t\t<\/div>\n\t\t\t\t\t\t<\/div>\n\t\t\t\t<\/div>\n\t\t\t\t<div class=\"elementor-element elementor-element-b6938a7 elementor-align-center elementor-widget elementor-widget-button\" data-id=\"b6938a7\" data-element_type=\"widget\" data-e-type=\"widget\" data-widget_type=\"button.default\">\n\t\t\t\t<div class=\"elementor-widget-container\">\n\t\t\t\t\t\t\t\t\t<div class=\"elementor-button-wrapper\">\n\t\t\t\t\t<a class=\"elementor-button elementor-button-link elementor-size-md elementor-animation-float\" href=\"https:\/\/bioyoutoon-project.eu\/de\/about\/\">\n\t\t\t\t\t\t<span class=\"elementor-button-content-wrapper\">\n\t\t\t\t\t\t\t\t\t<span class=\"elementor-button-text\">Mehr erfahren .. !<\/span>\n\t\t\t\t\t<\/span>\n\t\t\t\t\t<\/a>\n\t\t\t\t<\/div>\n\t\t\t\t\t\t\t\t<\/div>\n\t\t\t\t<\/div>\n\t\t\t\t\t<\/div>\n\t\t<\/div>\n\t\t\t\t\t<\/div>\n\t\t<\/section>\n\t\t\t\t<section class=\"has_eae_slider elementor-section elementor-top-section elementor-element elementor-element-74902ca elementor-section-content-middle elementor-section-boxed elementor-section-height-default elementor-section-height-default\" data-eae-slider=\"6383\" data-id=\"74902ca\" data-element_type=\"section\" data-e-type=\"section\" data-settings=\"{&quot;background_background&quot;:&quot;classic&quot;}\">\n\t\t\t\t\t\t<div class=\"elementor-container elementor-column-gap-no\">\n\t\t\t\t\t<div class=\"has_eae_slider elementor-column elementor-col-16 elementor-top-column elementor-element elementor-element-56dde03\" data-eae-slider=\"67800\" data-id=\"56dde03\" data-element_type=\"column\" data-e-type=\"column\">\n\t\t\t<div class=\"elementor-widget-wrap elementor-element-populated\">\n\t\t\t\t\t\t<div class=\"elementor-element elementor-element-4724e65 elementor-widget elementor-widget-image\" data-id=\"4724e65\" data-element_type=\"widget\" data-e-type=\"widget\" data-widget_type=\"image.default\">\n\t\t\t\t<div class=\"elementor-widget-container\">\n\t\t\t\t\t\t\t\t\t\t\t\t\t\t\t\t<a href=\"https:\/\/bioyoutoon-project.eu\/de\/partners\/\">\n\t\t\t\t\t\t\t<img decoding=\"async\" width=\"233\" height=\"115\" src=\"https:\/\/bioyoutoon-project.eu\/wp-content\/uploads\/2023\/06\/ImpactGrid_Logo-1.png\" class=\"elementor-animation-grow attachment-large size-large wp-image-1896\" alt=\"\" \/>\t\t\t\t\t\t\t\t<\/a>\n\t\t\t\t\t\t\t\t\t\t\t\t\t\t\t<\/div>\n\t\t\t\t<\/div>\n\t\t\t\t\t<\/div>\n\t\t<\/div>\n\t\t\t\t<div class=\"has_eae_slider elementor-column elementor-col-16 elementor-top-column elementor-element elementor-element-18c11cf\" data-eae-slider=\"35612\" data-id=\"18c11cf\" data-element_type=\"column\" data-e-type=\"column\">\n\t\t\t<div class=\"elementor-widget-wrap elementor-element-populated\">\n\t\t\t\t\t\t<div class=\"elementor-element elementor-element-718f176 elementor-widget elementor-widget-image\" data-id=\"718f176\" data-element_type=\"widget\" data-e-type=\"widget\" data-widget_type=\"image.default\">\n\t\t\t\t<div class=\"elementor-widget-container\">\n\t\t\t\t\t\t\t\t\t\t\t\t\t\t\t\t<a href=\"https:\/\/bioyoutoon-project.eu\/de\/partners\/\">\n\t\t\t\t\t\t\t<img decoding=\"async\" width=\"843\" height=\"203\" src=\"https:\/\/bioyoutoon-project.eu\/wp-content\/uploads\/2023\/06\/Xsentrikarts-LOGO_-1024x247.png\" class=\"elementor-animation-grow attachment-large size-large wp-image-1900\" alt=\"\" srcset=\"https:\/\/bioyoutoon-project.eu\/wp-content\/uploads\/2023\/06\/Xsentrikarts-LOGO_-1024x247.png 1024w, https:\/\/bioyoutoon-project.eu\/wp-content\/uploads\/2023\/06\/Xsentrikarts-LOGO_-300x72.png 300w, https:\/\/bioyoutoon-project.eu\/wp-content\/uploads\/2023\/06\/Xsentrikarts-LOGO_-768x185.png 768w, https:\/\/bioyoutoon-project.eu\/wp-content\/uploads\/2023\/06\/Xsentrikarts-LOGO_-1536x371.png 1536w, https:\/\/bioyoutoon-project.eu\/wp-content\/uploads\/2023\/06\/Xsentrikarts-LOGO_-2048x494.png 2048w, https:\/\/bioyoutoon-project.eu\/wp-content\/uploads\/2023\/06\/Xsentrikarts-LOGO_-18x4.png 18w\" sizes=\"(max-width: 843px) 100vw, 843px\" \/>\t\t\t\t\t\t\t\t<\/a>\n\t\t\t\t\t\t\t\t\t\t\t\t\t\t\t<\/div>\n\t\t\t\t<\/div>\n\t\t\t\t\t<\/div>\n\t\t<\/div>\n\t\t\t\t<div class=\"has_eae_slider elementor-column elementor-col-16 elementor-top-column elementor-element elementor-element-74c6e0b\" data-eae-slider=\"93176\" data-id=\"74c6e0b\" data-element_type=\"column\" data-e-type=\"column\">\n\t\t\t<div class=\"elementor-widget-wrap elementor-element-populated\">\n\t\t\t\t\t\t<div class=\"elementor-element elementor-element-3c9cee5 elementor-widget elementor-widget-image\" data-id=\"3c9cee5\" data-element_type=\"widget\" data-e-type=\"widget\" data-widget_type=\"image.default\">\n\t\t\t\t<div class=\"elementor-widget-container\">\n\t\t\t\t\t\t\t\t\t\t\t\t\t\t\t\t<a href=\"https:\/\/bioyoutoon-project.eu\/de\/partners\/\">\n\t\t\t\t\t\t\t<img loading=\"lazy\" decoding=\"async\" width=\"843\" height=\"463\" src=\"https:\/\/bioyoutoon-project.eu\/wp-content\/uploads\/2023\/06\/NGO-Nest-Logo-1024x563.png\" class=\"elementor-animation-grow attachment-large size-large wp-image-1897\" alt=\"\" srcset=\"https:\/\/bioyoutoon-project.eu\/wp-content\/uploads\/2023\/06\/NGO-Nest-Logo-1024x563.png 1024w, https:\/\/bioyoutoon-project.eu\/wp-content\/uploads\/2023\/06\/NGO-Nest-Logo-300x165.png 300w, https:\/\/bioyoutoon-project.eu\/wp-content\/uploads\/2023\/06\/NGO-Nest-Logo-768x422.png 768w, https:\/\/bioyoutoon-project.eu\/wp-content\/uploads\/2023\/06\/NGO-Nest-Logo-1536x845.png 1536w, https:\/\/bioyoutoon-project.eu\/wp-content\/uploads\/2023\/06\/NGO-Nest-Logo-18x10.png 18w, https:\/\/bioyoutoon-project.eu\/wp-content\/uploads\/2023\/06\/NGO-Nest-Logo.png 1762w\" sizes=\"(max-width: 843px) 100vw, 843px\" \/>\t\t\t\t\t\t\t\t<\/a>\n\t\t\t\t\t\t\t\t\t\t\t\t\t\t\t<\/div>\n\t\t\t\t<\/div>\n\t\t\t\t\t<\/div>\n\t\t<\/div>\n\t\t\t\t<div class=\"has_eae_slider elementor-column elementor-col-16 elementor-top-column elementor-element elementor-element-fa2870c\" data-eae-slider=\"75263\" data-id=\"fa2870c\" data-element_type=\"column\" data-e-type=\"column\">\n\t\t\t<div class=\"elementor-widget-wrap elementor-element-populated\">\n\t\t\t\t\t\t<div class=\"elementor-element elementor-element-1f46753 elementor-widget elementor-widget-image\" data-id=\"1f46753\" data-element_type=\"widget\" data-e-type=\"widget\" data-widget_type=\"image.default\">\n\t\t\t\t<div class=\"elementor-widget-container\">\n\t\t\t\t\t\t\t\t\t\t\t\t\t\t\t\t<a href=\"https:\/\/bioyoutoon-project.eu\/de\/partners\/\">\n\t\t\t\t\t\t\t<img loading=\"lazy\" decoding=\"async\" width=\"843\" height=\"468\" src=\"https:\/\/bioyoutoon-project.eu\/wp-content\/uploads\/2023\/03\/MVI-Logo-High-1024x568.png\" class=\"elementor-animation-grow attachment-large size-large wp-image-1662\" alt=\"\" srcset=\"https:\/\/bioyoutoon-project.eu\/wp-content\/uploads\/2023\/03\/MVI-Logo-High-1024x568.png 1024w, https:\/\/bioyoutoon-project.eu\/wp-content\/uploads\/2023\/03\/MVI-Logo-High-300x166.png 300w, https:\/\/bioyoutoon-project.eu\/wp-content\/uploads\/2023\/03\/MVI-Logo-High-768x426.png 768w, https:\/\/bioyoutoon-project.eu\/wp-content\/uploads\/2023\/03\/MVI-Logo-High-1536x852.png 1536w, https:\/\/bioyoutoon-project.eu\/wp-content\/uploads\/2023\/03\/MVI-Logo-High-2048x1137.png 2048w, https:\/\/bioyoutoon-project.eu\/wp-content\/uploads\/2023\/03\/MVI-Logo-High-18x10.png 18w\" sizes=\"(max-width: 843px) 100vw, 843px\" \/>\t\t\t\t\t\t\t\t<\/a>\n\t\t\t\t\t\t\t\t\t\t\t\t\t\t\t<\/div>\n\t\t\t\t<\/div>\n\t\t\t\t\t<\/div>\n\t\t<\/div>\n\t\t\t\t<div class=\"has_eae_slider elementor-column elementor-col-16 elementor-top-column elementor-element elementor-element-32ac0cc\" data-eae-slider=\"74476\" data-id=\"32ac0cc\" data-element_type=\"column\" data-e-type=\"column\">\n\t\t\t<div class=\"elementor-widget-wrap elementor-element-populated\">\n\t\t\t\t\t\t<div class=\"elementor-element elementor-element-d25140a elementor-widget elementor-widget-image\" data-id=\"d25140a\" data-element_type=\"widget\" data-e-type=\"widget\" data-widget_type=\"image.default\">\n\t\t\t\t<div class=\"elementor-widget-container\">\n\t\t\t\t\t\t\t\t\t\t\t\t\t\t\t\t<a href=\"https:\/\/bioyoutoon-project.eu\/de\/partners\/\">\n\t\t\t\t\t\t\t<img loading=\"lazy\" decoding=\"async\" width=\"843\" height=\"625\" src=\"https:\/\/bioyoutoon-project.eu\/wp-content\/uploads\/2023\/06\/Nicea-Kultur-ve-Egitim-Dernegi-LOGO-2.png\" class=\"elementor-animation-grow attachment-large size-large wp-image-1903\" alt=\"\" srcset=\"https:\/\/bioyoutoon-project.eu\/wp-content\/uploads\/2023\/06\/Nicea-Kultur-ve-Egitim-Dernegi-LOGO-2.png 847w, https:\/\/bioyoutoon-project.eu\/wp-content\/uploads\/2023\/06\/Nicea-Kultur-ve-Egitim-Dernegi-LOGO-2-300x222.png 300w, https:\/\/bioyoutoon-project.eu\/wp-content\/uploads\/2023\/06\/Nicea-Kultur-ve-Egitim-Dernegi-LOGO-2-768x569.png 768w, https:\/\/bioyoutoon-project.eu\/wp-content\/uploads\/2023\/06\/Nicea-Kultur-ve-Egitim-Dernegi-LOGO-2-16x12.png 16w\" sizes=\"(max-width: 843px) 100vw, 843px\" \/>\t\t\t\t\t\t\t\t<\/a>\n\t\t\t\t\t\t\t\t\t\t\t\t\t\t\t<\/div>\n\t\t\t\t<\/div>\n\t\t\t\t\t<\/div>\n\t\t<\/div>\n\t\t\t\t<div class=\"has_eae_slider elementor-column elementor-col-16 elementor-top-column elementor-element elementor-element-72c3ed9\" data-eae-slider=\"52580\" data-id=\"72c3ed9\" data-element_type=\"column\" data-e-type=\"column\">\n\t\t\t<div class=\"elementor-widget-wrap elementor-element-populated\">\n\t\t\t\t\t\t<div class=\"elementor-element elementor-element-d8c97b0 elementor-widget elementor-widget-image\" data-id=\"d8c97b0\" data-element_type=\"widget\" data-e-type=\"widget\" data-widget_type=\"image.default\">\n\t\t\t\t<div class=\"elementor-widget-container\">\n\t\t\t\t\t\t\t\t\t\t\t\t\t\t\t\t<a href=\"https:\/\/bioyoutoon-project.eu\/de\/partners\/\">\n\t\t\t\t\t\t\t<img loading=\"lazy\" decoding=\"async\" width=\"340\" height=\"71\" src=\"https:\/\/bioyoutoon-project.eu\/wp-content\/uploads\/2023\/06\/PolygonalNorth-oy-logo.png\" class=\"elementor-animation-grow attachment-large size-large wp-image-1899\" alt=\"\" srcset=\"https:\/\/bioyoutoon-project.eu\/wp-content\/uploads\/2023\/06\/PolygonalNorth-oy-logo.png 340w, https:\/\/bioyoutoon-project.eu\/wp-content\/uploads\/2023\/06\/PolygonalNorth-oy-logo-300x63.png 300w, https:\/\/bioyoutoon-project.eu\/wp-content\/uploads\/2023\/06\/PolygonalNorth-oy-logo-18x4.png 18w\" sizes=\"(max-width: 340px) 100vw, 340px\" \/>\t\t\t\t\t\t\t\t<\/a>\n\t\t\t\t\t\t\t\t\t\t\t\t\t\t\t<\/div>\n\t\t\t\t<\/div>\n\t\t\t\t\t<\/div>\n\t\t<\/div>\n\t\t\t\t\t<\/div>\n\t\t<\/section>\n\t\t\t\t<section class=\"has_eae_slider elementor-section elementor-top-section elementor-element elementor-element-d3ea863 elementor-section-boxed elementor-section-height-default elementor-section-height-default\" data-eae-slider=\"1493\" data-id=\"d3ea863\" data-element_type=\"section\" data-e-type=\"section\">\n\t\t\t\t\t\t<div class=\"elementor-container elementor-column-gap-default\">\n\t\t\t\t\t<div class=\"has_eae_slider elementor-column elementor-col-100 elementor-top-column elementor-element elementor-element-ecbc3bb\" data-eae-slider=\"20420\" data-id=\"ecbc3bb\" data-element_type=\"column\" data-e-type=\"column\">\n\t\t\t<div class=\"elementor-widget-wrap\">\n\t\t\t\t\t\t\t<\/div>\n\t\t<\/div>\n\t\t\t\t\t<\/div>\n\t\t<\/section>\n\t\t\t\t<\/div>","protected":false},"excerpt":{"rendered":"<p>Sensibilisierung der Jugendlichen f\u00fcr die Erhaltung der biologischen Vielfalt via WebTOON \"BioYouToon\" ist eine 24-monatige Kooperationspartnerschaft mit dem Ziel der Sensibilisierung und Unterst\u00fctzung...<\/p>","protected":false},"author":1,"featured_media":0,"parent":0,"menu_order":0,"comment_status":"closed","ping_status":"closed","template":"","meta":{"footnotes":""},"class_list":["post-1576","page","type-page","status-publish","hentry"],"jetpack_sharing_enabled":true,"_links":{"self":[{"href":"https:\/\/bioyoutoon-project.eu\/de\/wp-json\/wp\/v2\/pages\/1576","targetHints":{"allow":["GET"]}}],"collection":[{"href":"https:\/\/bioyoutoon-project.eu\/de\/wp-json\/wp\/v2\/pages"}],"about":[{"href":"https:\/\/bioyoutoon-project.eu\/de\/wp-json\/wp\/v2\/types\/page"}],"author":[{"embeddable":true,"href":"https:\/\/bioyoutoon-project.eu\/de\/wp-json\/wp\/v2\/users\/1"}],"replies":[{"embeddable":true,"href":"https:\/\/bioyoutoon-project.eu\/de\/wp-json\/wp\/v2\/comments?post=1576"}],"version-history":[{"count":83,"href":"https:\/\/bioyoutoon-project.eu\/de\/wp-json\/wp\/v2\/pages\/1576\/revisions"}],"predecessor-version":[{"id":4614,"href":"https:\/\/bioyoutoon-project.eu\/de\/wp-json\/wp\/v2\/pages\/1576\/revisions\/4614"}],"wp:attachment":[{"href":"https:\/\/bioyoutoon-project.eu\/de\/wp-json\/wp\/v2\/media?parent=1576"}],"curies":[{"name":"wp","href":"https:\/\/api.w.org\/{rel}","templated":true}]}}