{"id":1630,"date":"2023-03-09T20:40:30","date_gmt":"2023-03-09T20:40:30","guid":{"rendered":"https:\/\/29e4aaa2-b025-48da-b57e-79ef59e549ee.eu02.conves.io\/?page_id=1630"},"modified":"2025-03-20T01:08:06","modified_gmt":"2025-03-20T01:08:06","slug":"results","status":"publish","type":"page","link":"https:\/\/bioyoutoon-project.eu\/de\/results\/","title":{"rendered":"Ergebnisse"},"content":{"rendered":"<div data-elementor-type=\"wp-page\" data-elementor-id=\"1630\" class=\"elementor elementor-1630\" data-elementor-post-type=\"page\">\n\t\t\t\t\t\t<section class=\"has_eae_slider elementor-section elementor-top-section elementor-element elementor-element-8b0fc0f elementor-section-boxed elementor-section-height-default elementor-section-height-default\" data-eae-slider=\"18916\" data-id=\"8b0fc0f\" data-element_type=\"section\" data-e-type=\"section\">\n\t\t\t\t\t\t<div class=\"elementor-container elementor-column-gap-default\">\n\t\t\t\t\t<div class=\"has_eae_slider elementor-column elementor-col-100 elementor-top-column elementor-element elementor-element-46d1978\" data-eae-slider=\"13015\" data-id=\"46d1978\" data-element_type=\"column\" data-e-type=\"column\">\n\t\t\t<div class=\"elementor-widget-wrap elementor-element-populated\">\n\t\t\t\t\t\t<div class=\"elementor-element elementor-element-6d2e86c elementor-widget elementor-widget-heading\" data-id=\"6d2e86c\" data-element_type=\"widget\" data-e-type=\"widget\" data-widget_type=\"heading.default\">\n\t\t\t\t<div class=\"elementor-widget-container\">\n\t\t\t\t\t<h2 class=\"elementor-heading-title elementor-size-default\">Ergebnisse<\/h2>\t\t\t\t<\/div>\n\t\t\t\t<\/div>\n\t\t\t\t<div class=\"elementor-element elementor-element-abaed6c elementor-widget-divider--view-line elementor-widget elementor-widget-divider\" data-id=\"abaed6c\" data-element_type=\"widget\" data-e-type=\"widget\" data-widget_type=\"divider.default\">\n\t\t\t\t<div class=\"elementor-widget-container\">\n\t\t\t\t\t\t\t<div class=\"elementor-divider\">\n\t\t\t<span class=\"elementor-divider-separator\">\n\t\t\t\t\t\t<\/span>\n\t\t<\/div>\n\t\t\t\t\t\t<\/div>\n\t\t\t\t<\/div>\n\t\t\t\t\t<\/div>\n\t\t<\/div>\n\t\t\t\t\t<\/div>\n\t\t<\/section>\n\t\t\t\t<section class=\"has_eae_slider elementor-section elementor-top-section elementor-element elementor-element-3431746 elementor-section-boxed elementor-section-height-default elementor-section-height-default\" data-eae-slider=\"65888\" data-id=\"3431746\" data-element_type=\"section\" data-e-type=\"section\">\n\t\t\t\t\t\t<div class=\"elementor-container elementor-column-gap-default\">\n\t\t\t\t\t<div class=\"has_eae_slider elementor-column elementor-col-50 elementor-top-column elementor-element elementor-element-4c3b930\" data-eae-slider=\"74849\" data-id=\"4c3b930\" data-element_type=\"column\" data-e-type=\"column\" data-settings=\"{&quot;background_background&quot;:&quot;classic&quot;}\">\n\t\t\t<div class=\"elementor-widget-wrap elementor-element-populated\">\n\t\t\t\t\t\t<div class=\"elementor-element elementor-element-503d457 elementor-widget elementor-widget-image\" data-id=\"503d457\" data-element_type=\"widget\" data-e-type=\"widget\" data-widget_type=\"image.default\">\n\t\t\t\t<div class=\"elementor-widget-container\">\n\t\t\t\t\t\t\t\t\t\t\t\t\t\t\t<img fetchpriority=\"high\" decoding=\"async\" width=\"512\" height=\"512\" src=\"https:\/\/bioyoutoon-project.eu\/wp-content\/uploads\/2023\/06\/1568375.png\" class=\"attachment-large size-large wp-image-1844\" alt=\"\" srcset=\"https:\/\/bioyoutoon-project.eu\/wp-content\/uploads\/2023\/06\/1568375.png 512w, https:\/\/bioyoutoon-project.eu\/wp-content\/uploads\/2023\/06\/1568375-300x300.png 300w, https:\/\/bioyoutoon-project.eu\/wp-content\/uploads\/2023\/06\/1568375-150x150.png 150w, https:\/\/bioyoutoon-project.eu\/wp-content\/uploads\/2023\/06\/1568375-12x12.png 12w\" sizes=\"(max-width: 512px) 100vw, 512px\" \/>\t\t\t\t\t\t\t\t\t\t\t\t\t\t\t<\/div>\n\t\t\t\t<\/div>\n\t\t\t\t<div class=\"elementor-element elementor-element-62a07e0 elementor-widget elementor-widget-heading\" data-id=\"62a07e0\" data-element_type=\"widget\" data-e-type=\"widget\" data-widget_type=\"heading.default\">\n\t\t\t\t<div class=\"elementor-widget-container\">\n\t\t\t\t\t<h2 class=\"elementor-heading-title elementor-size-default\">Toolkit<\/h2>\t\t\t\t<\/div>\n\t\t\t\t<\/div>\n\t\t\t\t<div class=\"elementor-element elementor-element-822d91b elementor-widget elementor-widget-text-editor\" data-id=\"822d91b\" data-element_type=\"widget\" data-e-type=\"widget\" data-widget_type=\"text-editor.default\">\n\t\t\t\t<div class=\"elementor-widget-container\">\n\t\t\t\t\t\t\t\t\t<p><span class=\"OYPEnA font-feature-liga-off font-feature-clig-off font-feature-calt-off text-decoration-none text-strikethrough-none\">Eine fesselnde Ressource, die die biologische Vielfalt, ihren Nutzen und die Bem\u00fchungen um ihre Erhaltung durch interaktive Aktivit\u00e4ten erforscht. Es wurde sowohl f\u00fcr Einzelpersonen als auch f\u00fcr P\u00e4dagogen entwickelt und vermittelt ein umfassendes Verst\u00e4ndnis der biologischen Vielfalt und ihres Schutzes.<\/span><\/p>\t\t\t\t\t\t\t\t<\/div>\n\t\t\t\t<\/div>\n\t\t\t\t<div class=\"elementor-element elementor-element-136a399 elementor-align-center elementor-widget elementor-widget-button\" data-id=\"136a399\" data-element_type=\"widget\" data-e-type=\"widget\" data-widget_type=\"button.default\">\n\t\t\t\t<div class=\"elementor-widget-container\">\n\t\t\t\t\t\t\t\t\t<div class=\"elementor-button-wrapper\">\n\t\t\t\t\t<a class=\"elementor-button elementor-button-link elementor-size-sm elementor-animation-float\" href=\"https:\/\/bioyoutoon-project.eu\/de\/toolkit\/\">\n\t\t\t\t\t\t<span class=\"elementor-button-content-wrapper\">\n\t\t\t\t\t\t\t\t\t<span class=\"elementor-button-text\">Klicken Sie hier!<\/span>\n\t\t\t\t\t<\/span>\n\t\t\t\t\t<\/a>\n\t\t\t\t<\/div>\n\t\t\t\t\t\t\t\t<\/div>\n\t\t\t\t<\/div>\n\t\t\t\t\t<\/div>\n\t\t<\/div>\n\t\t\t\t<div class=\"has_eae_slider elementor-column elementor-col-50 elementor-top-column elementor-element elementor-element-d6d00f7\" data-eae-slider=\"59823\" data-id=\"d6d00f7\" data-element_type=\"column\" data-e-type=\"column\" data-settings=\"{&quot;background_background&quot;:&quot;classic&quot;}\">\n\t\t\t<div class=\"elementor-widget-wrap elementor-element-populated\">\n\t\t\t\t\t\t<div class=\"elementor-element elementor-element-4d11595 elementor-widget elementor-widget-image\" data-id=\"4d11595\" data-element_type=\"widget\" data-e-type=\"widget\" data-widget_type=\"image.default\">\n\t\t\t\t<div class=\"elementor-widget-container\">\n\t\t\t\t\t\t\t\t\t\t\t\t\t\t\t<img decoding=\"async\" width=\"512\" height=\"512\" src=\"https:\/\/bioyoutoon-project.eu\/wp-content\/uploads\/2023\/06\/2281832.png\" class=\"attachment-large size-large wp-image-1845\" alt=\"\" srcset=\"https:\/\/bioyoutoon-project.eu\/wp-content\/uploads\/2023\/06\/2281832.png 512w, https:\/\/bioyoutoon-project.eu\/wp-content\/uploads\/2023\/06\/2281832-300x300.png 300w, https:\/\/bioyoutoon-project.eu\/wp-content\/uploads\/2023\/06\/2281832-150x150.png 150w, https:\/\/bioyoutoon-project.eu\/wp-content\/uploads\/2023\/06\/2281832-12x12.png 12w\" sizes=\"(max-width: 512px) 100vw, 512px\" \/>\t\t\t\t\t\t\t\t\t\t\t\t\t\t\t<\/div>\n\t\t\t\t<\/div>\n\t\t\t\t<div class=\"elementor-element elementor-element-14ab0f1 elementor-widget elementor-widget-heading\" data-id=\"14ab0f1\" data-element_type=\"widget\" data-e-type=\"widget\" data-widget_type=\"heading.default\">\n\t\t\t\t<div class=\"elementor-widget-container\">\n\t\t\t\t\t<h2 class=\"elementor-heading-title elementor-size-default\">Webtoon-Comics<\/h2>\t\t\t\t<\/div>\n\t\t\t\t<\/div>\n\t\t\t\t<div class=\"elementor-element elementor-element-21afbaf elementor-widget elementor-widget-text-editor\" data-id=\"21afbaf\" data-element_type=\"widget\" data-e-type=\"widget\" data-widget_type=\"text-editor.default\">\n\t\t\t\t<div class=\"elementor-widget-container\">\n\t\t\t\t\t\t\t\t\t<p><span class=\"OYPEnA font-feature-liga-off font-feature-clig-off font-feature-calt-off text-decoration-none text-strikethrough-none\">Gemeinsam mit jungen Teilnehmern und Partnern entwickelt, um das Bewusstsein f\u00fcr die biologische Vielfalt zu sch\u00e4rfen und gleichzeitig junge Menschen als Wissensmultiplikatoren und Botschafter f\u00fcr die biologische Vielfalt zu st\u00e4rken.<\/span><\/p>\t\t\t\t\t\t\t\t<\/div>\n\t\t\t\t<\/div>\n\t\t<div class=\"has_eae_slider elementor-element elementor-element-db24aee e-flex e-con-boxed e-con e-parent\" data-eae-slider=\"2549\" data-id=\"db24aee\" data-element_type=\"container\" data-e-type=\"container\">\n\t\t\t\t\t<div class=\"e-con-inner\">\n\t\t\t\t<div class=\"elementor-element elementor-element-c85cd19 elementor-align-center elementor-widget elementor-widget-button\" data-id=\"c85cd19\" data-element_type=\"widget\" data-e-type=\"widget\" data-widget_type=\"button.default\">\n\t\t\t\t<div class=\"elementor-widget-container\">\n\t\t\t\t\t\t\t\t\t<div class=\"elementor-button-wrapper\">\n\t\t\t\t\t<a class=\"elementor-button elementor-button-link elementor-size-sm elementor-animation-float\" href=\"https:\/\/bioyoutoon-project.eu\/de\/webtoon-comics\/\">\n\t\t\t\t\t\t<span class=\"elementor-button-content-wrapper\">\n\t\t\t\t\t\t\t\t\t<span class=\"elementor-button-text\">Klicken Sie hier!<\/span>\n\t\t\t\t\t<\/span>\n\t\t\t\t\t<\/a>\n\t\t\t\t<\/div>\n\t\t\t\t\t\t\t\t<\/div>\n\t\t\t\t<\/div>\n\t\t\t\t\t<\/div>\n\t\t\t\t<\/div>\n\t\t\t\t\t<\/div>\n\t\t<\/div>\n\t\t\t\t\t<\/div>\n\t\t<\/section>\n\t\t\t\t<section class=\"has_eae_slider elementor-section elementor-top-section elementor-element elementor-element-617ba87 elementor-section-boxed elementor-section-height-default elementor-section-height-default\" data-eae-slider=\"72884\" data-id=\"617ba87\" data-element_type=\"section\" data-e-type=\"section\" data-settings=\"{&quot;background_background&quot;:&quot;classic&quot;}\">\n\t\t\t\t\t\t<div class=\"elementor-container elementor-column-gap-default\">\n\t\t\t\t\t<div class=\"has_eae_slider elementor-column elementor-col-50 elementor-top-column elementor-element elementor-element-f994d56\" data-eae-slider=\"73079\" data-id=\"f994d56\" data-element_type=\"column\" data-e-type=\"column\" data-settings=\"{&quot;background_background&quot;:&quot;classic&quot;}\">\n\t\t\t<div class=\"elementor-widget-wrap elementor-element-populated\">\n\t\t\t\t\t\t<div class=\"elementor-element elementor-element-984ef47 elementor-widget elementor-widget-image\" data-id=\"984ef47\" data-element_type=\"widget\" data-e-type=\"widget\" data-widget_type=\"image.default\">\n\t\t\t\t<div class=\"elementor-widget-container\">\n\t\t\t\t\t\t\t\t\t\t\t\t\t\t\t<img decoding=\"async\" width=\"512\" height=\"512\" src=\"https:\/\/bioyoutoon-project.eu\/wp-content\/uploads\/2025\/03\/contract.png\" class=\"attachment-large size-large wp-image-4358\" alt=\"\" srcset=\"https:\/\/bioyoutoon-project.eu\/wp-content\/uploads\/2025\/03\/contract.png 512w, https:\/\/bioyoutoon-project.eu\/wp-content\/uploads\/2025\/03\/contract-300x300.png 300w, https:\/\/bioyoutoon-project.eu\/wp-content\/uploads\/2025\/03\/contract-150x150.png 150w, https:\/\/bioyoutoon-project.eu\/wp-content\/uploads\/2025\/03\/contract-12x12.png 12w\" sizes=\"(max-width: 512px) 100vw, 512px\" \/>\t\t\t\t\t\t\t\t\t\t\t\t\t\t\t<\/div>\n\t\t\t\t<\/div>\n\t\t\t\t<div class=\"elementor-element elementor-element-ebf8651 elementor-widget elementor-widget-heading\" data-id=\"ebf8651\" data-element_type=\"widget\" data-e-type=\"widget\" data-widget_type=\"heading.default\">\n\t\t\t\t<div class=\"elementor-widget-container\">\n\t\t\t\t\t<h2 class=\"elementor-heading-title elementor-size-default\">Forschungsbericht<\/h2>\t\t\t\t<\/div>\n\t\t\t\t<\/div>\n\t\t\t\t<div class=\"elementor-element elementor-element-86541be elementor-widget elementor-widget-text-editor\" data-id=\"86541be\" data-element_type=\"widget\" data-e-type=\"widget\" data-widget_type=\"text-editor.default\">\n\t\t\t\t<div class=\"elementor-widget-container\">\n\t\t\t\t\t\t\t\t\t<p>Der Forschungsbericht zeigt Hindernisse auf, die der Beteiligung junger Menschen am Schutz der biologischen Vielfalt entgegenstehen, und schl\u00e4gt L\u00f6sungen sowie eine Schulungsmethode f\u00fcr Jugendbetreuer und P\u00e4dagogen vor, um junge Menschen wirksam f\u00fcr den Schutz der biologischen Vielfalt zu gewinnen und zu schulen.<\/p>\t\t\t\t\t\t\t\t<\/div>\n\t\t\t\t<\/div>\n\t\t\t\t<div class=\"elementor-element elementor-element-0a7b3a6 elementor-align-center elementor-widget elementor-widget-button\" data-id=\"0a7b3a6\" data-element_type=\"widget\" data-e-type=\"widget\" data-widget_type=\"button.default\">\n\t\t\t\t<div class=\"elementor-widget-container\">\n\t\t\t\t\t\t\t\t\t<div class=\"elementor-button-wrapper\">\n\t\t\t\t\t<a class=\"elementor-button elementor-button-link elementor-size-sm elementor-animation-float\" href=\"https:\/\/bioyoutoon-project.eu\/de\/final-research-report\/\">\n\t\t\t\t\t\t<span class=\"elementor-button-content-wrapper\">\n\t\t\t\t\t\t\t\t\t<span class=\"elementor-button-text\">Klicken Sie hier!<\/span>\n\t\t\t\t\t<\/span>\n\t\t\t\t\t<\/a>\n\t\t\t\t<\/div>\n\t\t\t\t\t\t\t\t<\/div>\n\t\t\t\t<\/div>\n\t\t\t\t\t<\/div>\n\t\t<\/div>\n\t\t\t\t<div class=\"has_eae_slider elementor-column elementor-col-50 elementor-top-column elementor-element elementor-element-4fa538e\" data-eae-slider=\"20086\" data-id=\"4fa538e\" data-element_type=\"column\" data-e-type=\"column\" data-settings=\"{&quot;background_background&quot;:&quot;classic&quot;}\">\n\t\t\t<div class=\"elementor-widget-wrap elementor-element-populated\">\n\t\t\t\t\t\t<div class=\"elementor-element elementor-element-ac97325 elementor-widget elementor-widget-image\" data-id=\"ac97325\" data-element_type=\"widget\" data-e-type=\"widget\" data-widget_type=\"image.default\">\n\t\t\t\t<div class=\"elementor-widget-container\">\n\t\t\t\t\t\t\t\t\t\t\t\t\t\t\t<img loading=\"lazy\" decoding=\"async\" width=\"512\" height=\"512\" src=\"https:\/\/bioyoutoon-project.eu\/wp-content\/uploads\/2023\/06\/10213586.png\" class=\"attachment-large size-large wp-image-1846\" alt=\"\" srcset=\"https:\/\/bioyoutoon-project.eu\/wp-content\/uploads\/2023\/06\/10213586.png 512w, https:\/\/bioyoutoon-project.eu\/wp-content\/uploads\/2023\/06\/10213586-300x300.png 300w, https:\/\/bioyoutoon-project.eu\/wp-content\/uploads\/2023\/06\/10213586-150x150.png 150w, https:\/\/bioyoutoon-project.eu\/wp-content\/uploads\/2023\/06\/10213586-12x12.png 12w\" sizes=\"(max-width: 512px) 100vw, 512px\" \/>\t\t\t\t\t\t\t\t\t\t\t\t\t\t\t<\/div>\n\t\t\t\t<\/div>\n\t\t\t\t<div class=\"elementor-element elementor-element-d8c8145 elementor-widget elementor-widget-heading\" data-id=\"d8c8145\" data-element_type=\"widget\" data-e-type=\"widget\" data-widget_type=\"heading.default\">\n\t\t\t\t<div class=\"elementor-widget-container\">\n\t\t\t\t\t<h2 class=\"elementor-heading-title elementor-size-default\">E-Manual<\/h2>\t\t\t\t<\/div>\n\t\t\t\t<\/div>\n\t\t\t\t<div class=\"elementor-element elementor-element-6841abf elementor-widget elementor-widget-text-editor\" data-id=\"6841abf\" data-element_type=\"widget\" data-e-type=\"widget\" data-widget_type=\"text-editor.default\">\n\t\t\t\t<div class=\"elementor-widget-container\">\n\t\t\t\t\t\t\t\t\t<p>Das E-Manual ist ein praktischer und aufschlussreicher Leitfaden, der junge Menschen f\u00fcr die Erhaltung der biologischen Vielfalt begeistern und ihnen helfen soll, die nat\u00fcrliche Welt zu verstehen und zu sch\u00fctzen.<\/p>\t\t\t\t\t\t\t\t<\/div>\n\t\t\t\t<\/div>\n\t\t<div class=\"has_eae_slider elementor-element elementor-element-cfcf293 e-flex e-con-boxed e-con e-parent\" data-eae-slider=\"2907\" data-id=\"cfcf293\" data-element_type=\"container\" data-e-type=\"container\">\n\t\t\t\t\t<div class=\"e-con-inner\">\n\t\t\t\t<div class=\"elementor-element elementor-element-3b15b10 elementor-align-center elementor-widget elementor-widget-button\" data-id=\"3b15b10\" data-element_type=\"widget\" data-e-type=\"widget\" data-widget_type=\"button.default\">\n\t\t\t\t<div class=\"elementor-widget-container\">\n\t\t\t\t\t\t\t\t\t<div class=\"elementor-button-wrapper\">\n\t\t\t\t\t<a class=\"elementor-button elementor-button-link elementor-size-sm elementor-animation-float\" href=\"https:\/\/bioyoutoon-project.eu\/de\/e-manual\/\">\n\t\t\t\t\t\t<span class=\"elementor-button-content-wrapper\">\n\t\t\t\t\t\t\t\t\t<span class=\"elementor-button-text\">Klicken Sie hier!<\/span>\n\t\t\t\t\t<\/span>\n\t\t\t\t\t<\/a>\n\t\t\t\t<\/div>\n\t\t\t\t\t\t\t\t<\/div>\n\t\t\t\t<\/div>\n\t\t\t\t\t<\/div>\n\t\t\t\t<\/div>\n\t\t\t\t\t<\/div>\n\t\t<\/div>\n\t\t\t\t\t<\/div>\n\t\t<\/section>\n\t\t\t\t<section class=\"has_eae_slider elementor-section elementor-top-section elementor-element elementor-element-d0055fe elementor-section-boxed elementor-section-height-default elementor-section-height-default\" data-eae-slider=\"46879\" data-id=\"d0055fe\" data-element_type=\"section\" data-e-type=\"section\" data-settings=\"{&quot;background_background&quot;:&quot;classic&quot;}\">\n\t\t\t\t\t\t<div class=\"elementor-container elementor-column-gap-default\">\n\t\t\t\t\t<div class=\"has_eae_slider elementor-column elementor-col-50 elementor-top-column elementor-element elementor-element-cd39320\" data-eae-slider=\"93904\" data-id=\"cd39320\" data-element_type=\"column\" data-e-type=\"column\">\n\t\t\t<div class=\"elementor-widget-wrap\">\n\t\t\t\t\t\t\t<\/div>\n\t\t<\/div>\n\t\t\t\t<div class=\"has_eae_slider elementor-column elementor-col-50 elementor-top-column elementor-element elementor-element-d9baa1c\" data-eae-slider=\"75799\" data-id=\"d9baa1c\" data-element_type=\"column\" data-e-type=\"column\">\n\t\t\t<div class=\"elementor-widget-wrap\">\n\t\t\t\t\t\t\t<\/div>\n\t\t<\/div>\n\t\t\t\t\t<\/div>\n\t\t<\/section>\n\t\t<div class=\"has_eae_slider elementor-element elementor-element-2f6c972 e-flex e-con-boxed e-con e-parent\" data-eae-slider=\"6247\" data-id=\"2f6c972\" data-element_type=\"container\" data-e-type=\"container\">\n\t\t\t\t\t<div class=\"e-con-inner\">\n\t\t\t\t\t<\/div>\n\t\t\t\t<\/div>\n\t\t<div class=\"has_eae_slider elementor-element elementor-element-f624cfa e-flex e-con-boxed e-con e-parent\" data-eae-slider=\"64730\" data-id=\"f624cfa\" data-element_type=\"container\" data-e-type=\"container\">\n\t\t\t\t\t<div class=\"e-con-inner\">\n\t\t\t\t\t<\/div>\n\t\t\t\t<\/div>\n\t\t\t\t<\/div>","protected":false},"excerpt":{"rendered":"<p>Results Toolkit Eine ansprechende Ressource, die durch interaktive Aktivit\u00e4ten die biologische Vielfalt, ihren Nutzen und ihre Erhaltungsbem\u00fchungen untersucht. Konzipiert f\u00fcr Einzelpersonen und...<\/p>","protected":false},"author":1,"featured_media":0,"parent":0,"menu_order":0,"comment_status":"closed","ping_status":"closed","template":"","meta":{"footnotes":""},"class_list":["post-1630","page","type-page","status-publish","hentry"],"jetpack_sharing_enabled":true,"_links":{"self":[{"href":"https:\/\/bioyoutoon-project.eu\/de\/wp-json\/wp\/v2\/pages\/1630","targetHints":{"allow":["GET"]}}],"collection":[{"href":"https:\/\/bioyoutoon-project.eu\/de\/wp-json\/wp\/v2\/pages"}],"about":[{"href":"https:\/\/bioyoutoon-project.eu\/de\/wp-json\/wp\/v2\/types\/page"}],"author":[{"embeddable":true,"href":"https:\/\/bioyoutoon-project.eu\/de\/wp-json\/wp\/v2\/users\/1"}],"replies":[{"embeddable":true,"href":"https:\/\/bioyoutoon-project.eu\/de\/wp-json\/wp\/v2\/comments?post=1630"}],"version-history":[{"count":275,"href":"https:\/\/bioyoutoon-project.eu\/de\/wp-json\/wp\/v2\/pages\/1630\/revisions"}],"predecessor-version":[{"id":4826,"href":"https:\/\/bioyoutoon-project.eu\/de\/wp-json\/wp\/v2\/pages\/1630\/revisions\/4826"}],"wp:attachment":[{"href":"https:\/\/bioyoutoon-project.eu\/de\/wp-json\/wp\/v2\/media?parent=1630"}],"curies":[{"name":"wp","href":"https:\/\/api.w.org\/{rel}","templated":true}]}}