{"id":4789,"date":"2025-03-20T00:46:19","date_gmt":"2025-03-20T00:46:19","guid":{"rendered":"https:\/\/bioyoutoon-project.eu\/?page_id=4789"},"modified":"2025-05-14T13:15:58","modified_gmt":"2025-05-14T13:15:58","slug":"final-research-report","status":"publish","type":"page","link":"https:\/\/bioyoutoon-project.eu\/de\/final-research-report\/","title":{"rendered":"Forschungsbericht"},"content":{"rendered":"<div data-elementor-type=\"wp-page\" data-elementor-id=\"4789\" class=\"elementor elementor-4789\" data-elementor-post-type=\"page\">\n\t\t\t\t\t\t<section class=\"has_eae_slider elementor-section elementor-top-section elementor-element elementor-element-03ddf16 elementor-section-boxed elementor-section-height-default elementor-section-height-default\" data-eae-slider=\"27013\" data-id=\"03ddf16\" data-element_type=\"section\" data-e-type=\"section\">\n\t\t\t\t\t\t<div class=\"elementor-container elementor-column-gap-default\">\n\t\t\t\t\t<div class=\"has_eae_slider elementor-column elementor-col-100 elementor-top-column elementor-element elementor-element-5947fd1\" data-eae-slider=\"38471\" data-id=\"5947fd1\" data-element_type=\"column\" data-e-type=\"column\" data-settings=\"{&quot;background_background&quot;:&quot;classic&quot;}\">\n\t\t\t<div class=\"elementor-widget-wrap elementor-element-populated\">\n\t\t\t\t\t\t<div class=\"elementor-element elementor-element-4130532 elementor-widget elementor-widget-image\" data-id=\"4130532\" data-element_type=\"widget\" data-e-type=\"widget\" data-widget_type=\"image.default\">\n\t\t\t\t<div class=\"elementor-widget-container\">\n\t\t\t\t\t\t\t\t\t\t\t\t\t\t\t<img fetchpriority=\"high\" decoding=\"async\" width=\"512\" height=\"512\" src=\"https:\/\/bioyoutoon-project.eu\/wp-content\/uploads\/2025\/03\/contract.png\" class=\"attachment-large size-large wp-image-4358\" alt=\"\" srcset=\"https:\/\/bioyoutoon-project.eu\/wp-content\/uploads\/2025\/03\/contract.png 512w, https:\/\/bioyoutoon-project.eu\/wp-content\/uploads\/2025\/03\/contract-300x300.png 300w, https:\/\/bioyoutoon-project.eu\/wp-content\/uploads\/2025\/03\/contract-150x150.png 150w, https:\/\/bioyoutoon-project.eu\/wp-content\/uploads\/2025\/03\/contract-12x12.png 12w\" sizes=\"(max-width: 512px) 100vw, 512px\" \/>\t\t\t\t\t\t\t\t\t\t\t\t\t\t\t<\/div>\n\t\t\t\t<\/div>\n\t\t\t\t<div class=\"elementor-element elementor-element-ffdc7b2 elementor-widget elementor-widget-heading\" data-id=\"ffdc7b2\" data-element_type=\"widget\" data-e-type=\"widget\" data-widget_type=\"heading.default\">\n\t\t\t\t<div class=\"elementor-widget-container\">\n\t\t\t\t\t<h2 class=\"elementor-heading-title elementor-size-default\">Forschungsbericht<\/h2>\t\t\t\t<\/div>\n\t\t\t\t<\/div>\n\t\t\t\t<div class=\"elementor-element elementor-element-988378a elementor-widget elementor-widget-text-editor\" data-id=\"988378a\" data-element_type=\"widget\" data-e-type=\"widget\" data-widget_type=\"text-editor.default\">\n\t\t\t\t<div class=\"elementor-widget-container\">\n\t\t\t\t\t\t\t\t\t<p>Der Forschungsbericht zeigt Hindernisse auf, die der Beteiligung junger Menschen am Schutz der biologischen Vielfalt entgegenstehen, und schl\u00e4gt L\u00f6sungen sowie eine Schulungsmethode f\u00fcr Jugendbetreuer und P\u00e4dagogen vor, um junge Menschen wirksam f\u00fcr den Schutz der biologischen Vielfalt zu gewinnen und zu schulen.<\/p>\t\t\t\t\t\t\t\t<\/div>\n\t\t\t\t<\/div>\n\t\t\t\t<div class=\"elementor-element elementor-element-fd93a3e elementor-align-center elementor-widget__width-inherit elementor-widget elementor-widget-button\" data-id=\"fd93a3e\" data-element_type=\"widget\" data-e-type=\"widget\" data-widget_type=\"button.default\">\n\t\t\t\t<div class=\"elementor-widget-container\">\n\t\t\t\t\t\t\t\t\t<div class=\"elementor-button-wrapper\">\n\t\t\t\t\t<a class=\"elementor-button elementor-size-sm\" role=\"button\">\n\t\t\t\t\t\t<span class=\"elementor-button-content-wrapper\">\n\t\t\t\t\t\t\t\t\t<span class=\"elementor-button-text\">Sprache w\u00e4hlen<\/span>\n\t\t\t\t\t<\/span>\n\t\t\t\t\t<\/a>\n\t\t\t\t<\/div>\n\t\t\t\t\t\t\t\t<\/div>\n\t\t\t\t<\/div>\n\t\t<div class=\"has_eae_slider elementor-element elementor-element-f160e31 e-grid e-con-boxed e-con e-parent\" data-eae-slider=\"78466\" data-id=\"f160e31\" data-element_type=\"container\" data-e-type=\"container\">\n\t\t\t\t\t<div class=\"e-con-inner\">\n\t\t\t\t<div class=\"elementor-element elementor-element-62a814e elementor-widget elementor-widget-image\" data-id=\"62a814e\" data-element_type=\"widget\" data-e-type=\"widget\" data-widget_type=\"image.default\">\n\t\t\t\t<div class=\"elementor-widget-container\">\n\t\t\t\t\t\t\t\t\t\t\t\t\t\t\t\t<a href=\"https:\/\/bioyoutoon-project.eu\/wp-content\/uploads\/2025\/05\/BioYouToon_WP2_Consortium-Report_En_CC.pdf\">\n\t\t\t\t\t\t\t<img decoding=\"async\" width=\"150\" height=\"100\" src=\"https:\/\/bioyoutoon-project.eu\/wp-content\/uploads\/2024\/11\/en.jpg\" class=\"elementor-animation-pulse attachment-thumbnail size-thumbnail wp-image-2616\" alt=\"\" srcset=\"https:\/\/bioyoutoon-project.eu\/wp-content\/uploads\/2024\/11\/en.jpg 150w, https:\/\/bioyoutoon-project.eu\/wp-content\/uploads\/2024\/11\/en-18x12.jpg 18w\" sizes=\"(max-width: 150px) 100vw, 150px\" \/>\t\t\t\t\t\t\t\t<\/a>\n\t\t\t\t\t\t\t\t\t\t\t\t\t\t\t<\/div>\n\t\t\t\t<\/div>\n\t\t\t\t<div class=\"elementor-element elementor-element-cc8724b elementor-widget elementor-widget-image\" data-id=\"cc8724b\" data-element_type=\"widget\" data-e-type=\"widget\" data-widget_type=\"image.default\">\n\t\t\t\t<div class=\"elementor-widget-container\">\n\t\t\t\t\t\t\t\t\t\t\t\t\t\t\t\t<a href=\"https:\/\/bioyoutoon-project.eu\/wp-content\/uploads\/2025\/05\/BioYouToon_WP2_Consortium-Report_It_CC.pdf\">\n\t\t\t\t\t\t\t<img decoding=\"async\" width=\"150\" height=\"100\" src=\"https:\/\/bioyoutoon-project.eu\/wp-content\/uploads\/2024\/11\/itl.jpg\" class=\"elementor-animation-pulse attachment-large size-large wp-image-2619\" alt=\"\" srcset=\"https:\/\/bioyoutoon-project.eu\/wp-content\/uploads\/2024\/11\/itl.jpg 150w, https:\/\/bioyoutoon-project.eu\/wp-content\/uploads\/2024\/11\/itl-18x12.jpg 18w\" sizes=\"(max-width: 150px) 100vw, 150px\" \/>\t\t\t\t\t\t\t\t<\/a>\n\t\t\t\t\t\t\t\t\t\t\t\t\t\t\t<\/div>\n\t\t\t\t<\/div>\n\t\t\t\t<div class=\"elementor-element elementor-element-75e3bfb elementor-widget elementor-widget-image\" data-id=\"75e3bfb\" data-element_type=\"widget\" data-e-type=\"widget\" data-widget_type=\"image.default\">\n\t\t\t\t<div class=\"elementor-widget-container\">\n\t\t\t\t\t\t\t\t\t\t\t\t\t\t\t\t<a href=\"https:\/\/bioyoutoon-project.eu\/wp-content\/uploads\/2025\/05\/BioYouToon_WP2_Consortium-Report_De_CC.pdf\">\n\t\t\t\t\t\t\t<img loading=\"lazy\" decoding=\"async\" width=\"150\" height=\"100\" src=\"https:\/\/bioyoutoon-project.eu\/wp-content\/uploads\/2024\/11\/ger.jpg\" class=\"elementor-animation-pulse attachment-large size-large wp-image-2618\" alt=\"\" srcset=\"https:\/\/bioyoutoon-project.eu\/wp-content\/uploads\/2024\/11\/ger.jpg 150w, https:\/\/bioyoutoon-project.eu\/wp-content\/uploads\/2024\/11\/ger-18x12.jpg 18w\" sizes=\"(max-width: 150px) 100vw, 150px\" \/>\t\t\t\t\t\t\t\t<\/a>\n\t\t\t\t\t\t\t\t\t\t\t\t\t\t\t<\/div>\n\t\t\t\t<\/div>\n\t\t\t\t<div class=\"elementor-element elementor-element-6b391ba elementor-widget elementor-widget-image\" data-id=\"6b391ba\" data-element_type=\"widget\" data-e-type=\"widget\" data-widget_type=\"image.default\">\n\t\t\t\t<div class=\"elementor-widget-container\">\n\t\t\t\t\t\t\t\t\t\t\t\t\t\t\t\t<a href=\"https:\/\/bioyoutoon-project.eu\/wp-content\/uploads\/2025\/05\/BioYouToon_WP2_Consortium-Report_Tr_CC.pdf\">\n\t\t\t\t\t\t\t<img loading=\"lazy\" decoding=\"async\" width=\"150\" height=\"101\" src=\"https:\/\/bioyoutoon-project.eu\/wp-content\/uploads\/2024\/11\/tr.jpg\" class=\"elementor-animation-pulse attachment-large size-large wp-image-2620\" alt=\"\" srcset=\"https:\/\/bioyoutoon-project.eu\/wp-content\/uploads\/2024\/11\/tr.jpg 150w, https:\/\/bioyoutoon-project.eu\/wp-content\/uploads\/2024\/11\/tr-18x12.jpg 18w\" sizes=\"(max-width: 150px) 100vw, 150px\" \/>\t\t\t\t\t\t\t\t<\/a>\n\t\t\t\t\t\t\t\t\t\t\t\t\t\t\t<\/div>\n\t\t\t\t<\/div>\n\t\t\t\t<div class=\"elementor-element elementor-element-e46395f elementor-widget elementor-widget-image\" data-id=\"e46395f\" data-element_type=\"widget\" data-e-type=\"widget\" data-widget_type=\"image.default\">\n\t\t\t\t<div class=\"elementor-widget-container\">\n\t\t\t\t\t\t\t\t\t\t\t\t\t\t\t\t<a href=\"https:\/\/bioyoutoon-project.eu\/wp-content\/uploads\/2025\/05\/BioYouToon_WP2_Consortium-Report_Fi_CC-1.pdf\">\n\t\t\t\t\t\t\t<img loading=\"lazy\" decoding=\"async\" width=\"150\" height=\"100\" src=\"https:\/\/bioyoutoon-project.eu\/wp-content\/uploads\/2024\/11\/fin.jpg\" class=\"elementor-animation-pulse attachment-large size-large wp-image-2617\" alt=\"\" srcset=\"https:\/\/bioyoutoon-project.eu\/wp-content\/uploads\/2024\/11\/fin.jpg 150w, https:\/\/bioyoutoon-project.eu\/wp-content\/uploads\/2024\/11\/fin-18x12.jpg 18w\" sizes=\"(max-width: 150px) 100vw, 150px\" \/>\t\t\t\t\t\t\t\t<\/a>\n\t\t\t\t\t\t\t\t\t\t\t\t\t\t\t<\/div>\n\t\t\t\t<\/div>\n\t\t\t\t\t<\/div>\n\t\t\t\t<\/div>\n\t\t\t\t<div class=\"elementor-element elementor-element-ee078f3 elementor-hidden-desktop elementor-widget elementor-widget-spacer\" data-id=\"ee078f3\" data-element_type=\"widget\" data-e-type=\"widget\" data-widget_type=\"spacer.default\">\n\t\t\t\t<div class=\"elementor-widget-container\">\n\t\t\t\t\t\t\t<div class=\"elementor-spacer\">\n\t\t\t<div class=\"elementor-spacer-inner\"><\/div>\n\t\t<\/div>\n\t\t\t\t\t\t<\/div>\n\t\t\t\t<\/div>\n\t\t\t\t\t<\/div>\n\t\t<\/div>\n\t\t\t\t\t<\/div>\n\t\t<\/section>\n\t\t\t\t<\/div>","protected":false},"excerpt":{"rendered":"<p>Final Research Report Research Report, identifies barriers to youth participation in biodiversity conservation and proposes solutions along with a training&hellip;<\/p>","protected":false},"author":1,"featured_media":0,"parent":0,"menu_order":0,"comment_status":"closed","ping_status":"closed","template":"","meta":{"footnotes":""},"class_list":["post-4789","page","type-page","status-publish","hentry"],"jetpack_sharing_enabled":true,"_links":{"self":[{"href":"https:\/\/bioyoutoon-project.eu\/de\/wp-json\/wp\/v2\/pages\/4789","targetHints":{"allow":["GET"]}}],"collection":[{"href":"https:\/\/bioyoutoon-project.eu\/de\/wp-json\/wp\/v2\/pages"}],"about":[{"href":"https:\/\/bioyoutoon-project.eu\/de\/wp-json\/wp\/v2\/types\/page"}],"author":[{"embeddable":true,"href":"https:\/\/bioyoutoon-project.eu\/de\/wp-json\/wp\/v2\/users\/1"}],"replies":[{"embeddable":true,"href":"https:\/\/bioyoutoon-project.eu\/de\/wp-json\/wp\/v2\/comments?post=4789"}],"version-history":[{"count":10,"href":"https:\/\/bioyoutoon-project.eu\/de\/wp-json\/wp\/v2\/pages\/4789\/revisions"}],"predecessor-version":[{"id":5504,"href":"https:\/\/bioyoutoon-project.eu\/de\/wp-json\/wp\/v2\/pages\/4789\/revisions\/5504"}],"wp:attachment":[{"href":"https:\/\/bioyoutoon-project.eu\/de\/wp-json\/wp\/v2\/media?parent=4789"}],"curies":[{"name":"wp","href":"https:\/\/api.w.org\/{rel}","templated":true}]}}