{"id":1527,"date":"2023-01-25T11:56:34","date_gmt":"2023-01-25T11:56:34","guid":{"rendered":"https:\/\/29e4aaa2-b025-48da-b57e-79ef59e549ee.eu02.conves.io\/?page_id=1527"},"modified":"2025-03-18T16:51:03","modified_gmt":"2025-03-18T16:51:03","slug":"about","status":"publish","type":"page","link":"https:\/\/bioyoutoon-project.eu\/de_at\/about\/","title":{"rendered":"\u00dcber"},"content":{"rendered":"<div data-elementor-type=\"wp-page\" data-elementor-id=\"1527\" class=\"elementor elementor-1527\" data-elementor-post-type=\"page\">\n\t\t\t\t\t\t<section class=\"has_eae_slider elementor-section elementor-top-section elementor-element elementor-element-6dee5ae elementor-section-full_width elementor-section-height-default elementor-section-height-default\" data-eae-slider=\"37838\" data-id=\"6dee5ae\" data-element_type=\"section\" data-e-type=\"section\" data-settings=\"{&quot;background_background&quot;:&quot;classic&quot;}\">\n\t\t\t\t\t\t<div class=\"elementor-container elementor-column-gap-default\">\n\t\t\t\t\t<div class=\"has_eae_slider elementor-column elementor-col-100 elementor-top-column elementor-element elementor-element-0a0ee8f\" data-eae-slider=\"86763\" data-id=\"0a0ee8f\" data-element_type=\"column\" data-e-type=\"column\">\n\t\t\t<div class=\"elementor-widget-wrap elementor-element-populated\">\n\t\t\t\t\t\t<div class=\"elementor-element elementor-element-fc3a57e elementor-widget elementor-widget-heading\" data-id=\"fc3a57e\" data-element_type=\"widget\" data-e-type=\"widget\" data-widget_type=\"heading.default\">\n\t\t\t\t<div class=\"elementor-widget-container\">\n\t\t\t\t\t<h2 class=\"elementor-heading-title elementor-size-default\">\u00dcber<\/h2>\t\t\t\t<\/div>\n\t\t\t\t<\/div>\n\t\t\t\t<div class=\"elementor-element elementor-element-d8db896 elementor-widget-divider--view-line elementor-widget elementor-widget-divider\" data-id=\"d8db896\" data-element_type=\"widget\" data-e-type=\"widget\" data-widget_type=\"divider.default\">\n\t\t\t\t<div class=\"elementor-widget-container\">\n\t\t\t\t\t\t\t<div class=\"elementor-divider\">\n\t\t\t<span class=\"elementor-divider-separator\">\n\t\t\t\t\t\t<\/span>\n\t\t<\/div>\n\t\t\t\t\t\t<\/div>\n\t\t\t\t<\/div>\n\t\t\t\t<div class=\"elementor-element elementor-element-752c821 elementor-widget elementor-widget-text-editor\" data-id=\"752c821\" data-element_type=\"widget\" data-e-type=\"widget\" data-widget_type=\"text-editor.default\">\n\t\t\t\t<div class=\"elementor-widget-container\">\n\t\t\t\t\t\t\t\t\t<p>\"Sensibilisierung der Jugend f\u00fcr die Erhaltung der biologischen Vielfalt durch webTOON\"- Bio-You Toon ist eine 24-monatige Kooperationspartnerschaft, die darauf abzielt, das Bewusstsein der heutigen Jugend f\u00fcr die entscheidende Bedeutung der biologischen Vielfalt zu sch\u00e4rfen und ihre Bildung zu f\u00f6rdern. Unser Ziel ist es, junge Menschen zu bef\u00e4higen, sich f\u00fcr die Erhaltung der biologischen Vielfalt zu engagieren und die Zusammenarbeit zwischen Jugend-NGOs und angehenden Forschern zu f\u00f6rdern, und das alles mit Hilfe eines innovativen Mediums: Comics.<\/p><p>Mit \"BioYouToon\" wird das Konsortium die fesselnde Kraft von Webtoon-Erz\u00e4hlungen nutzen, um Jugendliche auf der ganzen Welt zu begeistern und zu inspirieren. Wir werden eine Reihe interaktiver und visuell beeindruckender Webcomics erstellen, die die Leser in eine Welt entf\u00fchren, in der die biologische Vielfalt lebendig wird. Durch fesselnde Erz\u00e4hlungen, sympathische Charaktere und zum Nachdenken anregende Handlungsstr\u00e4nge werden wir junge Leser in die Wunder der Natur eintauchen lassen und ihr Verantwortungsgef\u00fchl als Verwalter unseres Planeten wecken.<\/p><p>Begleiten Sie uns auf dieser transformativen Reise, auf der wir die n\u00e4chste Generation bef\u00e4higen, sich f\u00fcr die Erhaltung der biologischen Vielfalt einzusetzen. Gemeinsam k\u00f6nnen wir die Geschichte der Zukunft unseres Planeten neu schreiben und eine bl\u00fchende, harmonische Welt f\u00fcr die kommenden Generationen sichern.<\/p>\t\t\t\t\t\t\t\t<\/div>\n\t\t\t\t<\/div>\n\t\t\t\t\t<\/div>\n\t\t<\/div>\n\t\t\t\t\t<\/div>\n\t\t<\/section>\n\t\t\t\t<\/div>","protected":false},"excerpt":{"rendered":"<p>\u00dcber \"Sensibilisierung von IHNEN f\u00fcr die Erhaltung der BIO-Diversit\u00e4t durch webTOON\"- Bio-You Toon ist eine 24-monatige Kooperationspartnerschaft, die darauf abzielt,...<\/p>","protected":false},"author":1,"featured_media":0,"parent":0,"menu_order":0,"comment_status":"closed","ping_status":"closed","template":"","meta":{"footnotes":""},"class_list":["post-1527","page","type-page","status-publish","hentry"],"jetpack_sharing_enabled":true,"_links":{"self":[{"href":"https:\/\/bioyoutoon-project.eu\/de_at\/wp-json\/wp\/v2\/pages\/1527","targetHints":{"allow":["GET"]}}],"collection":[{"href":"https:\/\/bioyoutoon-project.eu\/de_at\/wp-json\/wp\/v2\/pages"}],"about":[{"href":"https:\/\/bioyoutoon-project.eu\/de_at\/wp-json\/wp\/v2\/types\/page"}],"author":[{"embeddable":true,"href":"https:\/\/bioyoutoon-project.eu\/de_at\/wp-json\/wp\/v2\/users\/1"}],"replies":[{"embeddable":true,"href":"https:\/\/bioyoutoon-project.eu\/de_at\/wp-json\/wp\/v2\/comments?post=1527"}],"version-history":[{"count":33,"href":"https:\/\/bioyoutoon-project.eu\/de_at\/wp-json\/wp\/v2\/pages\/1527\/revisions"}],"predecessor-version":[{"id":4602,"href":"https:\/\/bioyoutoon-project.eu\/de_at\/wp-json\/wp\/v2\/pages\/1527\/revisions\/4602"}],"wp:attachment":[{"href":"https:\/\/bioyoutoon-project.eu\/de_at\/wp-json\/wp\/v2\/media?parent=1527"}],"curies":[{"name":"wp","href":"https:\/\/api.w.org\/{rel}","templated":true}]}}