{"id":4780,"date":"2025-03-20T00:43:07","date_gmt":"2025-03-20T00:43:07","guid":{"rendered":"https:\/\/bioyoutoon-project.eu\/?page_id=4780"},"modified":"2025-05-14T13:15:16","modified_gmt":"2025-05-14T13:15:16","slug":"e-manual","status":"publish","type":"page","link":"https:\/\/bioyoutoon-project.eu\/de_at\/e-manual\/","title":{"rendered":"E-Handbuch"},"content":{"rendered":"<div data-elementor-type=\"wp-page\" data-elementor-id=\"4780\" class=\"elementor elementor-4780\" data-elementor-post-type=\"page\">\n\t\t\t\t\t\t<section class=\"has_eae_slider elementor-section elementor-top-section elementor-element elementor-element-03ddf16 elementor-section-boxed elementor-section-height-default elementor-section-height-default\" data-eae-slider=\"43115\" data-id=\"03ddf16\" data-element_type=\"section\" data-e-type=\"section\">\n\t\t\t\t\t\t<div class=\"elementor-container elementor-column-gap-default\">\n\t\t\t\t\t<div class=\"has_eae_slider elementor-column elementor-col-100 elementor-top-column elementor-element elementor-element-5947fd1\" data-eae-slider=\"59879\" data-id=\"5947fd1\" data-element_type=\"column\" data-e-type=\"column\" data-settings=\"{&quot;background_background&quot;:&quot;classic&quot;}\">\n\t\t\t<div class=\"elementor-widget-wrap elementor-element-populated\">\n\t\t\t\t\t\t<div class=\"elementor-element elementor-element-5518bfa elementor-widget elementor-widget-image\" data-id=\"5518bfa\" data-element_type=\"widget\" data-e-type=\"widget\" data-widget_type=\"image.default\">\n\t\t\t\t<div class=\"elementor-widget-container\">\n\t\t\t\t\t\t\t\t\t\t\t\t\t\t\t<img fetchpriority=\"high\" decoding=\"async\" width=\"512\" height=\"512\" src=\"https:\/\/bioyoutoon-project.eu\/wp-content\/uploads\/2023\/06\/10213586.png\" class=\"attachment-large size-large wp-image-1846\" alt=\"\" srcset=\"https:\/\/bioyoutoon-project.eu\/wp-content\/uploads\/2023\/06\/10213586.png 512w, https:\/\/bioyoutoon-project.eu\/wp-content\/uploads\/2023\/06\/10213586-300x300.png 300w, https:\/\/bioyoutoon-project.eu\/wp-content\/uploads\/2023\/06\/10213586-150x150.png 150w, https:\/\/bioyoutoon-project.eu\/wp-content\/uploads\/2023\/06\/10213586-12x12.png 12w\" sizes=\"(max-width: 512px) 100vw, 512px\" \/>\t\t\t\t\t\t\t\t\t\t\t\t\t\t\t<\/div>\n\t\t\t\t<\/div>\n\t\t\t\t<div class=\"elementor-element elementor-element-ffdc7b2 elementor-widget elementor-widget-heading\" data-id=\"ffdc7b2\" data-element_type=\"widget\" data-e-type=\"widget\" data-widget_type=\"heading.default\">\n\t\t\t\t<div class=\"elementor-widget-container\">\n\t\t\t\t\t<h2 class=\"elementor-heading-title elementor-size-default\">E-Handbuch<\/h2>\t\t\t\t<\/div>\n\t\t\t\t<\/div>\n\t\t\t\t<div class=\"elementor-element elementor-element-988378a elementor-widget elementor-widget-text-editor\" data-id=\"988378a\" data-element_type=\"widget\" data-e-type=\"widget\" data-widget_type=\"text-editor.default\">\n\t\t\t\t<div class=\"elementor-widget-container\">\n\t\t\t\t\t\t\t\t\t<p>Das E-Manual ist ein praktischer und aufschlussreicher Leitfaden, der junge Menschen f\u00fcr die Erhaltung der biologischen Vielfalt begeistern und ihnen helfen soll, die nat\u00fcrliche Welt zu verstehen und zu sch\u00fctzen.<\/p>\t\t\t\t\t\t\t\t<\/div>\n\t\t\t\t<\/div>\n\t\t\t\t<div class=\"elementor-element elementor-element-fd93a3e elementor-align-center elementor-widget__width-inherit elementor-widget elementor-widget-button\" data-id=\"fd93a3e\" data-element_type=\"widget\" data-e-type=\"widget\" data-widget_type=\"button.default\">\n\t\t\t\t<div class=\"elementor-widget-container\">\n\t\t\t\t\t\t\t\t\t<div class=\"elementor-button-wrapper\">\n\t\t\t\t\t<a class=\"elementor-button elementor-size-sm\" role=\"button\">\n\t\t\t\t\t\t<span class=\"elementor-button-content-wrapper\">\n\t\t\t\t\t\t\t\t\t<span class=\"elementor-button-text\">Sprache w\u00e4hlen<\/span>\n\t\t\t\t\t<\/span>\n\t\t\t\t\t<\/a>\n\t\t\t\t<\/div>\n\t\t\t\t\t\t\t\t<\/div>\n\t\t\t\t<\/div>\n\t\t<div class=\"has_eae_slider elementor-element elementor-element-b76a21f e-grid e-con-boxed e-con e-parent\" data-eae-slider=\"6835\" data-id=\"b76a21f\" data-element_type=\"container\" data-e-type=\"container\">\n\t\t\t\t\t<div class=\"e-con-inner\">\n\t\t\t\t<div class=\"elementor-element elementor-element-acd6a71 elementor-widget elementor-widget-image\" data-id=\"acd6a71\" data-element_type=\"widget\" data-e-type=\"widget\" data-widget_type=\"image.default\">\n\t\t\t\t<div class=\"elementor-widget-container\">\n\t\t\t\t\t\t\t\t\t\t\t\t\t\t\t\t<a href=\"https:\/\/bioyoutoon-project.eu\/wp-content\/uploads\/2025\/05\/BioYouToon-E-Manual_En_CC.pdf\">\n\t\t\t\t\t\t\t<img decoding=\"async\" width=\"150\" height=\"100\" src=\"https:\/\/bioyoutoon-project.eu\/wp-content\/uploads\/2024\/11\/en.jpg\" class=\"elementor-animation-pulse attachment-thumbnail size-thumbnail wp-image-2616\" alt=\"\" srcset=\"https:\/\/bioyoutoon-project.eu\/wp-content\/uploads\/2024\/11\/en.jpg 150w, https:\/\/bioyoutoon-project.eu\/wp-content\/uploads\/2024\/11\/en-18x12.jpg 18w\" sizes=\"(max-width: 150px) 100vw, 150px\" \/>\t\t\t\t\t\t\t\t<\/a>\n\t\t\t\t\t\t\t\t\t\t\t\t\t\t\t<\/div>\n\t\t\t\t<\/div>\n\t\t\t\t<div class=\"elementor-element elementor-element-559ada9 elementor-widget elementor-widget-image\" data-id=\"559ada9\" data-element_type=\"widget\" data-e-type=\"widget\" data-widget_type=\"image.default\">\n\t\t\t\t<div class=\"elementor-widget-container\">\n\t\t\t\t\t\t\t\t\t\t\t\t\t\t\t\t<a href=\"https:\/\/bioyoutoon-project.eu\/wp-content\/uploads\/2025\/05\/BioYouToon-E-Manual_It_CC.pdf\">\n\t\t\t\t\t\t\t<img decoding=\"async\" width=\"150\" height=\"100\" src=\"https:\/\/bioyoutoon-project.eu\/wp-content\/uploads\/2024\/11\/itl.jpg\" class=\"elementor-animation-pulse attachment-large size-large wp-image-2619\" alt=\"\" srcset=\"https:\/\/bioyoutoon-project.eu\/wp-content\/uploads\/2024\/11\/itl.jpg 150w, https:\/\/bioyoutoon-project.eu\/wp-content\/uploads\/2024\/11\/itl-18x12.jpg 18w\" sizes=\"(max-width: 150px) 100vw, 150px\" \/>\t\t\t\t\t\t\t\t<\/a>\n\t\t\t\t\t\t\t\t\t\t\t\t\t\t\t<\/div>\n\t\t\t\t<\/div>\n\t\t\t\t<div class=\"elementor-element elementor-element-1f011dc elementor-widget elementor-widget-image\" data-id=\"1f011dc\" data-element_type=\"widget\" data-e-type=\"widget\" data-widget_type=\"image.default\">\n\t\t\t\t<div class=\"elementor-widget-container\">\n\t\t\t\t\t\t\t\t\t\t\t\t\t\t\t\t<a href=\"https:\/\/bioyoutoon-project.eu\/wp-content\/uploads\/2025\/05\/BioYouToon-E-Manual_De_CC.pdf\">\n\t\t\t\t\t\t\t<img loading=\"lazy\" decoding=\"async\" width=\"150\" height=\"100\" src=\"https:\/\/bioyoutoon-project.eu\/wp-content\/uploads\/2024\/11\/ger.jpg\" class=\"elementor-animation-pulse attachment-large size-large wp-image-2618\" alt=\"\" srcset=\"https:\/\/bioyoutoon-project.eu\/wp-content\/uploads\/2024\/11\/ger.jpg 150w, https:\/\/bioyoutoon-project.eu\/wp-content\/uploads\/2024\/11\/ger-18x12.jpg 18w\" sizes=\"(max-width: 150px) 100vw, 150px\" \/>\t\t\t\t\t\t\t\t<\/a>\n\t\t\t\t\t\t\t\t\t\t\t\t\t\t\t<\/div>\n\t\t\t\t<\/div>\n\t\t\t\t<div class=\"elementor-element elementor-element-7e99ca6 elementor-widget elementor-widget-image\" data-id=\"7e99ca6\" data-element_type=\"widget\" data-e-type=\"widget\" data-widget_type=\"image.default\">\n\t\t\t\t<div class=\"elementor-widget-container\">\n\t\t\t\t\t\t\t\t\t\t\t\t\t\t\t\t<a href=\"https:\/\/bioyoutoon-project.eu\/wp-content\/uploads\/2025\/05\/BioYouToon-E-Manual_Tr_CC.pdf\">\n\t\t\t\t\t\t\t<img loading=\"lazy\" decoding=\"async\" width=\"150\" height=\"101\" src=\"https:\/\/bioyoutoon-project.eu\/wp-content\/uploads\/2024\/11\/tr.jpg\" class=\"elementor-animation-pulse attachment-large size-large wp-image-2620\" alt=\"\" srcset=\"https:\/\/bioyoutoon-project.eu\/wp-content\/uploads\/2024\/11\/tr.jpg 150w, https:\/\/bioyoutoon-project.eu\/wp-content\/uploads\/2024\/11\/tr-18x12.jpg 18w\" sizes=\"(max-width: 150px) 100vw, 150px\" \/>\t\t\t\t\t\t\t\t<\/a>\n\t\t\t\t\t\t\t\t\t\t\t\t\t\t\t<\/div>\n\t\t\t\t<\/div>\n\t\t\t\t<div class=\"elementor-element elementor-element-d3c0376 elementor-widget elementor-widget-image\" data-id=\"d3c0376\" data-element_type=\"widget\" data-e-type=\"widget\" data-widget_type=\"image.default\">\n\t\t\t\t<div class=\"elementor-widget-container\">\n\t\t\t\t\t\t\t\t\t\t\t\t\t\t\t\t<a href=\"https:\/\/bioyoutoon-project.eu\/wp-content\/uploads\/2025\/05\/BioYouToon-E-Manual_Fi_CC.pdf\">\n\t\t\t\t\t\t\t<img loading=\"lazy\" decoding=\"async\" width=\"150\" height=\"100\" src=\"https:\/\/bioyoutoon-project.eu\/wp-content\/uploads\/2024\/11\/fin.jpg\" class=\"elementor-animation-pulse attachment-large size-large wp-image-2617\" alt=\"\" srcset=\"https:\/\/bioyoutoon-project.eu\/wp-content\/uploads\/2024\/11\/fin.jpg 150w, https:\/\/bioyoutoon-project.eu\/wp-content\/uploads\/2024\/11\/fin-18x12.jpg 18w\" sizes=\"(max-width: 150px) 100vw, 150px\" \/>\t\t\t\t\t\t\t\t<\/a>\n\t\t\t\t\t\t\t\t\t\t\t\t\t\t\t<\/div>\n\t\t\t\t<\/div>\n\t\t\t\t\t<\/div>\n\t\t\t\t<\/div>\n\t\t\t\t<div class=\"elementor-element elementor-element-ee078f3 elementor-hidden-desktop elementor-widget elementor-widget-spacer\" data-id=\"ee078f3\" data-element_type=\"widget\" data-e-type=\"widget\" data-widget_type=\"spacer.default\">\n\t\t\t\t<div class=\"elementor-widget-container\">\n\t\t\t\t\t\t\t<div class=\"elementor-spacer\">\n\t\t\t<div class=\"elementor-spacer-inner\"><\/div>\n\t\t<\/div>\n\t\t\t\t\t\t<\/div>\n\t\t\t\t<\/div>\n\t\t\t\t\t<\/div>\n\t\t<\/div>\n\t\t\t\t\t<\/div>\n\t\t<\/section>\n\t\t\t\t<\/div>","protected":false},"excerpt":{"rendered":"<p>E-Manual E-Manual is a practical and insightful guide aimed at empowering and engaging young people in biodiversity conservation, helping them&hellip;<\/p>","protected":false},"author":1,"featured_media":0,"parent":0,"menu_order":0,"comment_status":"closed","ping_status":"closed","template":"","meta":{"footnotes":""},"class_list":["post-4780","page","type-page","status-publish","hentry"],"jetpack_sharing_enabled":true,"_links":{"self":[{"href":"https:\/\/bioyoutoon-project.eu\/de_at\/wp-json\/wp\/v2\/pages\/4780","targetHints":{"allow":["GET"]}}],"collection":[{"href":"https:\/\/bioyoutoon-project.eu\/de_at\/wp-json\/wp\/v2\/pages"}],"about":[{"href":"https:\/\/bioyoutoon-project.eu\/de_at\/wp-json\/wp\/v2\/types\/page"}],"author":[{"embeddable":true,"href":"https:\/\/bioyoutoon-project.eu\/de_at\/wp-json\/wp\/v2\/users\/1"}],"replies":[{"embeddable":true,"href":"https:\/\/bioyoutoon-project.eu\/de_at\/wp-json\/wp\/v2\/comments?post=4780"}],"version-history":[{"count":19,"href":"https:\/\/bioyoutoon-project.eu\/de_at\/wp-json\/wp\/v2\/pages\/4780\/revisions"}],"predecessor-version":[{"id":5501,"href":"https:\/\/bioyoutoon-project.eu\/de_at\/wp-json\/wp\/v2\/pages\/4780\/revisions\/5501"}],"wp:attachment":[{"href":"https:\/\/bioyoutoon-project.eu\/de_at\/wp-json\/wp\/v2\/media?parent=4780"}],"curies":[{"name":"wp","href":"https:\/\/api.w.org\/{rel}","templated":true}]}}