{"id":1527,"date":"2023-01-25T11:56:34","date_gmt":"2023-01-25T11:56:34","guid":{"rendered":"https:\/\/29e4aaa2-b025-48da-b57e-79ef59e549ee.eu02.conves.io\/?page_id=1527"},"modified":"2025-03-18T16:51:03","modified_gmt":"2025-03-18T16:51:03","slug":"about","status":"publish","type":"page","link":"https:\/\/bioyoutoon-project.eu\/fi\/about\/","title":{"rendered":"Tietoja"},"content":{"rendered":"<div data-elementor-type=\"wp-page\" data-elementor-id=\"1527\" class=\"elementor elementor-1527\" data-elementor-post-type=\"page\">\n\t\t\t\t\t\t<section class=\"has_eae_slider elementor-section elementor-top-section elementor-element elementor-element-6dee5ae elementor-section-full_width elementor-section-height-default elementor-section-height-default\" data-eae-slider=\"93275\" data-id=\"6dee5ae\" data-element_type=\"section\" data-e-type=\"section\" data-settings=\"{&quot;background_background&quot;:&quot;classic&quot;}\">\n\t\t\t\t\t\t<div class=\"elementor-container elementor-column-gap-default\">\n\t\t\t\t\t<div class=\"has_eae_slider elementor-column elementor-col-100 elementor-top-column elementor-element elementor-element-0a0ee8f\" data-eae-slider=\"48267\" data-id=\"0a0ee8f\" data-element_type=\"column\" data-e-type=\"column\">\n\t\t\t<div class=\"elementor-widget-wrap elementor-element-populated\">\n\t\t\t\t\t\t<div class=\"elementor-element elementor-element-fc3a57e elementor-widget elementor-widget-heading\" data-id=\"fc3a57e\" data-element_type=\"widget\" data-e-type=\"widget\" data-widget_type=\"heading.default\">\n\t\t\t\t<div class=\"elementor-widget-container\">\n\t\t\t\t\t<h2 class=\"elementor-heading-title elementor-size-default\">Tietoja<\/h2>\t\t\t\t<\/div>\n\t\t\t\t<\/div>\n\t\t\t\t<div class=\"elementor-element elementor-element-d8db896 elementor-widget-divider--view-line elementor-widget elementor-widget-divider\" data-id=\"d8db896\" data-element_type=\"widget\" data-e-type=\"widget\" data-widget_type=\"divider.default\">\n\t\t\t\t<div class=\"elementor-widget-container\">\n\t\t\t\t\t\t\t<div class=\"elementor-divider\">\n\t\t\t<span class=\"elementor-divider-separator\">\n\t\t\t\t\t\t<\/span>\n\t\t<\/div>\n\t\t\t\t\t\t<\/div>\n\t\t\t\t<\/div>\n\t\t\t\t<div class=\"elementor-element elementor-element-752c821 elementor-widget elementor-widget-text-editor\" data-id=\"752c821\" data-element_type=\"widget\" data-e-type=\"widget\" data-widget_type=\"text-editor.default\">\n\t\t\t\t<div class=\"elementor-widget-container\">\n\t\t\t\t\t\t\t\t\t<p>\"Raising YOUth awareness of BIO-diversity conservation via webTOON\"- Bio-You Toon on 24 kuukautta kest\u00e4v\u00e4 yhteisty\u00f6kumppanuus, jonka tavoitteena on lis\u00e4t\u00e4 tietoisuutta ja edist\u00e4\u00e4 nykyp\u00e4iv\u00e4n nuorten koulutusta biologisen monimuotoisuuden kriittisest\u00e4 merkityksest\u00e4. Teht\u00e4v\u00e4mme on antaa nuorille mahdollisuus ryhty\u00e4 toimiin biologisen monimuotoisuuden s\u00e4ilytt\u00e4miseksi ja edist\u00e4\u00e4 yhteisty\u00f6t\u00e4 nuorten kansalaisj\u00e4rjest\u00f6jen ja aloittelevien tutkijoiden v\u00e4lill\u00e4 innovatiivisen v\u00e4lineen, sarjakuvan, avulla.<\/p><p>BioYouToonin kautta konsortio valjastaa webtoon-kertomusten kiehtovan voiman sitouttamaan ja innostamaan nuoria ymp\u00e4ri maailmaa. Luomme sarjan vuorovaikutteisia ja visuaalisesti upeita verkkosarjakuvia, jotka viev\u00e4t lukijat maailmaan, jossa biologinen monimuotoisuus her\u00e4\u00e4 eloon. Kiehtovien tarinoiden, samaistuttavien hahmojen ja ajatuksia her\u00e4tt\u00e4vien juonenk\u00e4\u00e4nteiden avulla upotamme nuoret lukijat luonnon ihmeisiin ja her\u00e4t\u00e4mme heid\u00e4n vastuuntuntonsa planeettamme hoitajina.<\/p><p>Tule mukaan t\u00e4lle mullistavalle matkalle, kun annamme seuraavalle sukupolvelle valmiudet edist\u00e4\u00e4 biologisen monimuotoisuuden s\u00e4ilytt\u00e4mist\u00e4. Yhdess\u00e4 voimme kirjoittaa planeettamme tulevaisuuden tarinan uudelleen ja varmistaa kukoistavan ja harmonisen maailman tuleville sukupolville.<\/p>\t\t\t\t\t\t\t\t<\/div>\n\t\t\t\t<\/div>\n\t\t\t\t\t<\/div>\n\t\t<\/div>\n\t\t\t\t\t<\/div>\n\t\t<\/section>\n\t\t\t\t<\/div>","protected":false},"excerpt":{"rendered":"<p>Tietoja \"SINUN tietoisuuden lis\u00e4\u00e4minen BIO- monimuotoisuuden s\u00e4ilytt\u00e4misest\u00e4 webTOONin avulla\"- Bio-You Toon on 24 kuukautta kest\u00e4v\u00e4 yhteisty\u00f6kumppanuus, jonka tavoitteena on lis\u00e4t\u00e4...<\/p>","protected":false},"author":1,"featured_media":0,"parent":0,"menu_order":0,"comment_status":"closed","ping_status":"closed","template":"","meta":{"footnotes":""},"class_list":["post-1527","page","type-page","status-publish","hentry"],"jetpack_sharing_enabled":true,"_links":{"self":[{"href":"https:\/\/bioyoutoon-project.eu\/fi\/wp-json\/wp\/v2\/pages\/1527","targetHints":{"allow":["GET"]}}],"collection":[{"href":"https:\/\/bioyoutoon-project.eu\/fi\/wp-json\/wp\/v2\/pages"}],"about":[{"href":"https:\/\/bioyoutoon-project.eu\/fi\/wp-json\/wp\/v2\/types\/page"}],"author":[{"embeddable":true,"href":"https:\/\/bioyoutoon-project.eu\/fi\/wp-json\/wp\/v2\/users\/1"}],"replies":[{"embeddable":true,"href":"https:\/\/bioyoutoon-project.eu\/fi\/wp-json\/wp\/v2\/comments?post=1527"}],"version-history":[{"count":33,"href":"https:\/\/bioyoutoon-project.eu\/fi\/wp-json\/wp\/v2\/pages\/1527\/revisions"}],"predecessor-version":[{"id":4602,"href":"https:\/\/bioyoutoon-project.eu\/fi\/wp-json\/wp\/v2\/pages\/1527\/revisions\/4602"}],"wp:attachment":[{"href":"https:\/\/bioyoutoon-project.eu\/fi\/wp-json\/wp\/v2\/media?parent=1527"}],"curies":[{"name":"wp","href":"https:\/\/api.w.org\/{rel}","templated":true}]}}