{"id":4731,"date":"2025-03-19T01:07:52","date_gmt":"2025-03-19T01:07:52","guid":{"rendered":"https:\/\/bioyoutoon-project.eu\/?page_id=4731"},"modified":"2025-03-19T01:09:05","modified_gmt":"2025-03-19T01:09:05","slug":"local-activities-polygonal","status":"publish","type":"page","link":"https:\/\/bioyoutoon-project.eu\/fi\/local-activities-polygonal\/","title":{"rendered":"Local Activities Polygonal"},"content":{"rendered":"<div data-elementor-type=\"wp-page\" data-elementor-id=\"4731\" class=\"elementor elementor-4731\" data-elementor-post-type=\"page\">\n\t\t\t\t<div class=\"has_eae_slider elementor-element elementor-element-3521346 e-flex e-con-boxed e-con e-parent\" data-eae-slider=\"7377\" data-id=\"3521346\" data-element_type=\"container\" data-e-type=\"container\" id=\"kickoffmeeting\">\n\t\t\t\t\t<div class=\"e-con-inner\">\n\t\t\t\t<div class=\"elementor-element elementor-element-99fd009 eae--hr-position-center eae--vr-position-middle elementor-widget elementor-widget-eae-thumbgallery\" data-id=\"99fd009\" data-element_type=\"widget\" data-e-type=\"widget\" data-settings=\"{&quot;thumb_slides_per_view&quot;:3,&quot;thumb_slides_per_view_tablet&quot;:3,&quot;thumb_slides_per_view_mobile&quot;:2,&quot;thumb_space_between&quot;:10,&quot;thumb_space_between_tablet&quot;:10,&quot;thumb_space_between_mobile&quot;:5,&quot;slider_space_between&quot;:{&quot;unit&quot;:&quot;px&quot;,&quot;size&quot;:10,&quot;sizes&quot;:[]},&quot;slider_space_between_tablet&quot;:{&quot;unit&quot;:&quot;px&quot;,&quot;size&quot;:15,&quot;sizes&quot;:[]},&quot;slider_space_between_mobile&quot;:{&quot;unit&quot;:&quot;px&quot;,&quot;size&quot;:10,&quot;sizes&quot;:[]}}\" data-widget_type=\"eae-thumbgallery.default\">\n\t\t\t\t<div class=\"elementor-widget-container\">\n\t\t\t\t\t\n\t\t<div class=\"eae-swiper-outer-wrapper eae-swiper\" data-swiper-settings=\"{&quot;breakpoints_value&quot;:{&quot;mobile&quot;:320,&quot;tablet&quot;:768,&quot;desktop&quot;:1025},&quot;thumbs&quot;:{&quot;spaceBetween&quot;:{&quot;mobile&quot;:5,&quot;tablet&quot;:10,&quot;default&quot;:10},&quot;slidesPerView&quot;:{&quot;mobile&quot;:2,&quot;tablet&quot;:3,&quot;default&quot;:3}},&quot;effect&quot;:&quot;slide&quot;,&quot;speed&quot;:500,&quot;autoplay&quot;:{&quot;duration&quot;:5000,&quot;reverseDirection&quot;:false,&quot;slider_direction&quot;:&quot;ltr&quot;,&quot;disableOnInteraction&quot;:true},&quot;pauseOnHover&quot;:&quot;yes&quot;,&quot;spaceBetween&quot;:{&quot;mobile&quot;:1,&quot;tablet&quot;:1,&quot;default&quot;:10},&quot;loop&quot;:&quot;yes&quot;,&quot;navigation&quot;:&quot;yes&quot;,&quot;clickable&quot;:false,&quot;keyboard&quot;:true}\">\n\t\t\t\t\t   \n\t\t\t<div class=\"eae-swiper-container swiper\">\n\t\t\t\t<div class=\"eae-swiper-wrapper swiper-wrapper slider_vertical_wrapper\">\n\t\t\t\t\t\n\n\t\t\t\t\t<div class=\"elementor-repeater-item-e9f9627 eae-swiper-slide swiper-slide\" style=\"background-image : url(https:\/\/bioyoutoon-project.eu\/wp-content\/uploads\/2025\/03\/POLNOR1.jpg);\">\n\t\t\t\t   \n\t\t\t\t\t\t\t\t\t\t\t\t<div class=\"eae-slide-inner\">\t\t\t\t\t\t\t\t\t\t\t\t\t\t\t<div class=\"eae-slide-content\">\n\t\t\t\t\t\t\t\t\t\t\t\t\t\t\t\t\t\t\t<div class=\"eae-slide-heading\">Paikalliset aktiviteetit<\/div>\n\t\t\t\t\t\t\t\t\t\n\t\t\t\t\t\t\t\t\t\t\n\t\t\t\t\t\t\t\t\t<div class=\"eae-slide-text\">Polygonal North - Suomi<\/div>\n\t\t\t\t\t\t\t\t\t \n\t\t\t\t\t\t\t\t\t\t\t\t\t\t\t\t\t<\/div>\n\t\t\t\t\t\t\t\t\t\t\t\t\t\t<\/div>\t\t\t\t\t\t\t<\/div>\n\t\t\t\t   \n\t\t\t\t\t\n\n\t\t\t\t\t<div class=\"elementor-repeater-item-7176dba eae-swiper-slide swiper-slide\" style=\"background-image : url(https:\/\/bioyoutoon-project.eu\/wp-content\/uploads\/2025\/03\/POLNOR2.jpg);\">\n\t\t\t\t   \n\t\t\t\t\t\t\t\t\t\t\t\t<div class=\"eae-slide-inner\">\t\t\t\t\t\t\t\t\t\t\t\t\t\t\t<div class=\"eae-slide-content\">\n\t\t\t\t\t\t\t\t\t\t\t\t\t\t\t\t\t\t\t<div class=\"eae-slide-heading\">Paikalliset aktiviteetit<\/div>\n\t\t\t\t\t\t\t\t\t\n\t\t\t\t\t\t\t\t\t\t\n\t\t\t\t\t\t\t\t\t<div class=\"eae-slide-text\">Polygonal North - Suomi<\/div>\n\t\t\t\t\t\t\t\t\t \n\t\t\t\t\t\t\t\t\t\t\t\t\t\t\t\t\t<\/div>\n\t\t\t\t\t\t\t\t\t\t\t\t\t\t<\/div>\t\t\t\t\t\t\t<\/div>\n\t\t\t\t   \n\t\t\t\t\t \n\t\t\t\t<\/div>\n\t\t\t   \n\t\t\t\t\t\t\t\t\t\t\t\t\t\t<div class = \"eae-swiper-button eae-slider-nav-button  eae-swiper-button-prev\">\n\t\t\t\t\t\t\t<i class=\"fa fa-angle-left\"><\/i>\t\t\t\t\t\t<\/div>\t\n\t\t\t\t\t\t   \n\t\t\t\t\t\t<div class = \"eae-swiper-button eae-slider-nav-button eae-swiper-button-next\">\n\t\t\t\t\t\t\t<i class=\"fa fa-angle-right\"><\/i>\t\t\t\t\t\t<\/div>\t\n\t\t\t\t\t\t\t\t   \n\t\t\t\t\t\n\t\t\t<\/div>\t\n\t\t\n\t\t\t<div class=\"eae-thumb-container swiper eae-gallery-thumbs eae-thumb-horizontal-bottom\">\n\t\t\t\t<div class=\"eae-thumb-wrapper swiper-wrapper\">\n\t\t\t\t\t\t\t\t\t\t   \n\t\t\t\t\t\t<div class=\"elementor-repeater-item-e9f9627 eae-thumb-slide swiper-slide\" style=\"background-image : url(https:\/\/bioyoutoon-project.eu\/wp-content\/uploads\/2025\/03\/POLNOR1.jpg);\">\n\t\t\t\t\t\t\t\t<div class='eae-fit-aspect-ratio'><\/div>\n\t\t\t\t\t\t<\/div>\n\t\t\t\t\t\t\t\t\t\t   \n\t\t\t\t\t\t<div class=\"elementor-repeater-item-7176dba eae-thumb-slide swiper-slide\" style=\"background-image : url(https:\/\/bioyoutoon-project.eu\/wp-content\/uploads\/2025\/03\/POLNOR2.jpg);\">\n\t\t\t\t\t\t\t\t<div class='eae-fit-aspect-ratio'><\/div>\n\t\t\t\t\t\t<\/div>\n\t\t\t\t\t \n\t\t\t\t<\/div>\n\n\t\t\t\t\n\t\t\t<\/div>\n\n\t\t\t\t<\/div> \n\t\t\t\t\t\t<\/div>\n\t\t\t\t<\/div>\n\t\t\t\t<div class=\"elementor-element elementor-element-b715105 elementor-widget elementor-widget-heading\" data-id=\"b715105\" data-element_type=\"widget\" data-e-type=\"widget\" data-widget_type=\"heading.default\">\n\t\t\t\t<div class=\"elementor-widget-container\">\n\t\t\t\t\t<h2 class=\"elementor-heading-title elementor-size-default\">Paikalliset aktiviteetit Suomessa - Polygonal North<\/h2>\t\t\t\t<\/div>\n\t\t\t\t<\/div>\n\t\t\t\t<div class=\"elementor-element elementor-element-07baab2 elementor-widget elementor-widget-text-editor\" data-id=\"07baab2\" data-element_type=\"widget\" data-e-type=\"widget\" data-widget_type=\"text-editor.default\">\n\t\t\t\t<div class=\"elementor-widget-container\">\n\t\t\t\t\t\t\t\t\t<p>Suomessa hankkeen esittelyn j\u00e4lkeen osallistujat osallistuivat interaktiiviseen ja luovaan ty\u00f6pajaan, jossa he kehittiv\u00e4t tarinoita yhteisty\u00f6ss\u00e4 ja mukaansatempaavassa ilmapiiriss\u00e4. He paransivat tarinankerronnan taitojaan, syvensiv\u00e4t ymm\u00e4rryst\u00e4\u00e4n biologisesta monimuotoisuudesta ja loivat pysyvi\u00e4 yhteyksi\u00e4. Istunto tarjosi k\u00e4yt\u00e4nn\u00f6n kokemusta tarinoiden muotoilusta, jossa keskityttiin vahvasti luonnon monimuotoisuuden teemojen havainnollistamiseen.<\/p>\t\t\t\t\t\t\t\t<\/div>\n\t\t\t\t<\/div>\n\t\t\t\t\t<\/div>\n\t\t\t\t<\/div>\n\t\t\t\t<\/div>","protected":false},"excerpt":{"rendered":"<p>Local Activities Polygonal North &#8211; Finland Local Activities Polygonal North &#8211; Finland Local Activities in Finland &#8211; Polygonal North In&hellip;<\/p>","protected":false},"author":1,"featured_media":0,"parent":0,"menu_order":0,"comment_status":"closed","ping_status":"closed","template":"","meta":{"footnotes":""},"class_list":["post-4731","page","type-page","status-publish","hentry"],"jetpack_sharing_enabled":true,"_links":{"self":[{"href":"https:\/\/bioyoutoon-project.eu\/fi\/wp-json\/wp\/v2\/pages\/4731","targetHints":{"allow":["GET"]}}],"collection":[{"href":"https:\/\/bioyoutoon-project.eu\/fi\/wp-json\/wp\/v2\/pages"}],"about":[{"href":"https:\/\/bioyoutoon-project.eu\/fi\/wp-json\/wp\/v2\/types\/page"}],"author":[{"embeddable":true,"href":"https:\/\/bioyoutoon-project.eu\/fi\/wp-json\/wp\/v2\/users\/1"}],"replies":[{"embeddable":true,"href":"https:\/\/bioyoutoon-project.eu\/fi\/wp-json\/wp\/v2\/comments?post=4731"}],"version-history":[{"count":7,"href":"https:\/\/bioyoutoon-project.eu\/fi\/wp-json\/wp\/v2\/pages\/4731\/revisions"}],"predecessor-version":[{"id":4738,"href":"https:\/\/bioyoutoon-project.eu\/fi\/wp-json\/wp\/v2\/pages\/4731\/revisions\/4738"}],"wp:attachment":[{"href":"https:\/\/bioyoutoon-project.eu\/fi\/wp-json\/wp\/v2\/media?parent=4731"}],"curies":[{"name":"wp","href":"https:\/\/api.w.org\/{rel}","templated":true}]}}