{"id":5269,"date":"2025-04-07T08:18:06","date_gmt":"2025-04-07T08:18:06","guid":{"rendered":"https:\/\/bioyoutoon-project.eu\/?page_id=5269"},"modified":"2025-04-09T15:21:37","modified_gmt":"2025-04-09T15:21:37","slug":"multiplier-event-in-turkey","status":"publish","type":"page","link":"https:\/\/bioyoutoon-project.eu\/it\/multiplier-event-in-turkey\/","title":{"rendered":"Multiplier Event in Turchia"},"content":{"rendered":"<div data-elementor-type=\"wp-page\" data-elementor-id=\"5269\" class=\"elementor elementor-5269\" data-elementor-post-type=\"page\">\n\t\t\t\t<div class=\"has_eae_slider elementor-element elementor-element-3521346 e-flex e-con-boxed e-con e-parent\" data-eae-slider=\"33053\" data-id=\"3521346\" data-element_type=\"container\" data-e-type=\"container\" id=\"kickoffmeeting\">\n\t\t\t\t\t<div class=\"e-con-inner\">\n\t\t\t\t<div class=\"elementor-element elementor-element-99fd009 eae--hr-position-center eae--vr-position-middle elementor-widget elementor-widget-eae-thumbgallery\" data-id=\"99fd009\" data-element_type=\"widget\" data-e-type=\"widget\" data-settings=\"{&quot;thumb_slides_per_view&quot;:6,&quot;thumb_space_between&quot;:8,&quot;thumb_slides_per_view_tablet&quot;:3,&quot;thumb_slides_per_view_mobile&quot;:2,&quot;thumb_space_between_tablet&quot;:10,&quot;thumb_space_between_mobile&quot;:5,&quot;slider_space_between&quot;:{&quot;unit&quot;:&quot;px&quot;,&quot;size&quot;:10,&quot;sizes&quot;:[]},&quot;slider_space_between_tablet&quot;:{&quot;unit&quot;:&quot;px&quot;,&quot;size&quot;:15,&quot;sizes&quot;:[]},&quot;slider_space_between_mobile&quot;:{&quot;unit&quot;:&quot;px&quot;,&quot;size&quot;:10,&quot;sizes&quot;:[]}}\" data-widget_type=\"eae-thumbgallery.default\">\n\t\t\t\t<div class=\"elementor-widget-container\">\n\t\t\t\t\t\n\t\t<div class=\"eae-swiper-outer-wrapper eae-swiper\" data-swiper-settings=\"{&quot;breakpoints_value&quot;:{&quot;mobile&quot;:320,&quot;tablet&quot;:768,&quot;desktop&quot;:1025},&quot;thumbs&quot;:{&quot;spaceBetween&quot;:{&quot;mobile&quot;:5,&quot;tablet&quot;:10,&quot;default&quot;:8},&quot;slidesPerView&quot;:{&quot;mobile&quot;:2,&quot;tablet&quot;:3,&quot;default&quot;:6}},&quot;effect&quot;:&quot;slide&quot;,&quot;speed&quot;:500,&quot;autoplay&quot;:{&quot;duration&quot;:5000,&quot;reverseDirection&quot;:false,&quot;slider_direction&quot;:&quot;ltr&quot;,&quot;disableOnInteraction&quot;:true},&quot;pauseOnHover&quot;:&quot;yes&quot;,&quot;spaceBetween&quot;:{&quot;mobile&quot;:1,&quot;tablet&quot;:1,&quot;default&quot;:10},&quot;loop&quot;:&quot;yes&quot;,&quot;navigation&quot;:&quot;yes&quot;,&quot;clickable&quot;:false,&quot;keyboard&quot;:true}\">\n\t\t\t\t\t   \n\t\t\t<div class=\"eae-swiper-container swiper\">\n\t\t\t\t<div class=\"eae-swiper-wrapper swiper-wrapper slider_vertical_wrapper\">\n\t\t\t\t\t\n\n\t\t\t\t\t<div class=\"elementor-repeater-item-e9f9627 eae-swiper-slide swiper-slide\" style=\"background-image : url(https:\/\/bioyoutoon-project.eu\/wp-content\/uploads\/2025\/04\/WhatsApp-Image-2025-03-26-at-14.13.16-4-scaled.jpeg);\">\n\t\t\t\t   \n\t\t\t\t\t\t\t\t\t\t\t\t<div class=\"eae-slide-inner\">\t\t\t\t\t\t\t\t\t\t\t\t\t\t\t<div class=\"eae-slide-content\">\n\t\t\t\t\t\t\t\t\t\t\t\t\t\t\t\t\t\t\t<div class=\"eae-slide-heading\">Evento moltiplicatore a Iznik<\/div>\n\t\t\t\t\t\t\t\t\t\n\t\t\t\t\t\t\t\t\t\t\n\t\t\t\t\t\t\t\t\t<div class=\"eae-slide-text\">NICEA<\/div>\n\t\t\t\t\t\t\t\t\t \n\t\t\t\t\t\t\t\t\t\t\t\t\t\t\t\t\t<\/div>\n\t\t\t\t\t\t\t\t\t\t\t\t\t\t<\/div>\t\t\t\t\t\t\t<\/div>\n\t\t\t\t   \n\t\t\t\t\t\n\n\t\t\t\t\t<div class=\"elementor-repeater-item-19ad20c eae-swiper-slide swiper-slide\" style=\"background-image : url(https:\/\/bioyoutoon-project.eu\/wp-content\/uploads\/2025\/04\/WhatsApp-Image-2025-03-26-at-14.13.16-1-scaled.jpeg);\">\n\t\t\t\t   \n\t\t\t\t\t\t\t\t\t\t\t\t<div class=\"eae-slide-inner\">\t\t\t\t\t\t\t\t\t\t\t\t\t\t\t<div class=\"eae-slide-content\">\n\t\t\t\t\t\t\t\t\t\t\t\t\t\t\t\t\t\t\t<div class=\"eae-slide-heading\">Evento moltiplicatore a Iznik<\/div>\n\t\t\t\t\t\t\t\t\t\n\t\t\t\t\t\t\t\t\t\t\n\t\t\t\t\t\t\t\t\t<div class=\"eae-slide-text\">NICEA<\/div>\n\t\t\t\t\t\t\t\t\t \n\t\t\t\t\t\t\t\t\t\t\t\t\t\t\t\t\t<\/div>\n\t\t\t\t\t\t\t\t\t\t\t\t\t\t<\/div>\t\t\t\t\t\t\t<\/div>\n\t\t\t\t   \n\t\t\t\t\t\n\n\t\t\t\t\t<div class=\"elementor-repeater-item-0e5f256 eae-swiper-slide swiper-slide\" style=\"background-image : url(https:\/\/bioyoutoon-project.eu\/wp-content\/uploads\/2025\/04\/WhatsApp-Image-2025-03-26-at-14.13.16-2-scaled.jpeg);\">\n\t\t\t\t   \n\t\t\t\t\t\t\t\t\t\t\t\t<div class=\"eae-slide-inner\">\t\t\t\t\t\t\t\t\t\t\t\t\t\t\t<div class=\"eae-slide-content\">\n\t\t\t\t\t\t\t\t\t\t\t\t\t\t\t\t\t\t\t<div class=\"eae-slide-heading\">Evento moltiplicatore a Iznik<\/div>\n\t\t\t\t\t\t\t\t\t\n\t\t\t\t\t\t\t\t\t\t\n\t\t\t\t\t\t\t\t\t<div class=\"eae-slide-text\">NICEA<\/div>\n\t\t\t\t\t\t\t\t\t \n\t\t\t\t\t\t\t\t\t\t\t\t\t\t\t\t\t<\/div>\n\t\t\t\t\t\t\t\t\t\t\t\t\t\t<\/div>\t\t\t\t\t\t\t<\/div>\n\t\t\t\t   \n\t\t\t\t\t\n\n\t\t\t\t\t<div class=\"elementor-repeater-item-c18afe1 eae-swiper-slide swiper-slide\" style=\"background-image : url(https:\/\/bioyoutoon-project.eu\/wp-content\/uploads\/2025\/04\/WhatsApp-Image-2025-03-26-at-14.13.16-3-scaled.jpeg);\">\n\t\t\t\t   \n\t\t\t\t\t\t\t\t\t\t\t\t<div class=\"eae-slide-inner\">\t\t\t\t\t\t\t\t\t\t\t\t\t\t\t<div class=\"eae-slide-content\">\n\t\t\t\t\t\t\t\t\t\t\t\t\t\t\t\t\t\t\t<div class=\"eae-slide-heading\">Evento moltiplicatore a Iznik<\/div>\n\t\t\t\t\t\t\t\t\t\n\t\t\t\t\t\t\t\t\t\t\n\t\t\t\t\t\t\t\t\t<div class=\"eae-slide-text\">NICEA<\/div>\n\t\t\t\t\t\t\t\t\t \n\t\t\t\t\t\t\t\t\t\t\t\t\t\t\t\t\t<\/div>\n\t\t\t\t\t\t\t\t\t\t\t\t\t\t<\/div>\t\t\t\t\t\t\t<\/div>\n\t\t\t\t   \n\t\t\t\t\t\n\n\t\t\t\t\t<div class=\"elementor-repeater-item-13969eb eae-swiper-slide swiper-slide\" style=\"background-image : url(https:\/\/bioyoutoon-project.eu\/wp-content\/uploads\/2025\/04\/WhatsApp-Image-2025-03-26-at-14.13.16-5-scaled.jpeg);\">\n\t\t\t\t   \n\t\t\t\t\t\t\t\t\t\t\t\t<div class=\"eae-slide-inner\">\t\t\t\t\t\t\t\t\t\t\t\t\t\t\t<div class=\"eae-slide-content\">\n\t\t\t\t\t\t\t\t\t\t\t\t\t\t\t\t\t\t\t<div class=\"eae-slide-heading\">Evento moltiplicatore a Iznik<\/div>\n\t\t\t\t\t\t\t\t\t\n\t\t\t\t\t\t\t\t\t\t\n\t\t\t\t\t\t\t\t\t<div class=\"eae-slide-text\">NICEA<\/div>\n\t\t\t\t\t\t\t\t\t \n\t\t\t\t\t\t\t\t\t\t\t\t\t\t\t\t\t<\/div>\n\t\t\t\t\t\t\t\t\t\t\t\t\t\t<\/div>\t\t\t\t\t\t\t<\/div>\n\t\t\t\t   \n\t\t\t\t\t\n\n\t\t\t\t\t<div class=\"elementor-repeater-item-1a1a073 eae-swiper-slide swiper-slide\" style=\"background-image : url(https:\/\/bioyoutoon-project.eu\/wp-content\/uploads\/2025\/04\/WhatsApp-Image-2025-03-26-at-14.13.16-6-scaled.jpeg);\">\n\t\t\t\t   \n\t\t\t\t\t\t\t\t\t\t\t\t<div class=\"eae-slide-inner\">\t\t\t\t\t\t\t\t\t\t\t\t\t\t\t<div class=\"eae-slide-content\">\n\t\t\t\t\t\t\t\t\t\t\t\t\t\t\t\t\t\t\t<div class=\"eae-slide-heading\">Evento moltiplicatore a Iznik<\/div>\n\t\t\t\t\t\t\t\t\t\n\t\t\t\t\t\t\t\t\t\t\n\t\t\t\t\t\t\t\t\t<div class=\"eae-slide-text\">NICEA<\/div>\n\t\t\t\t\t\t\t\t\t \n\t\t\t\t\t\t\t\t\t\t\t\t\t\t\t\t\t<\/div>\n\t\t\t\t\t\t\t\t\t\t\t\t\t\t<\/div>\t\t\t\t\t\t\t<\/div>\n\t\t\t\t   \n\t\t\t\t\t\n\n\t\t\t\t\t<div class=\"elementor-repeater-item-0abab94 eae-swiper-slide swiper-slide\" style=\"background-image : url(https:\/\/bioyoutoon-project.eu\/wp-content\/uploads\/2025\/04\/WhatsApp-Image-2025-03-26-at-14.13.17-11-scaled.jpeg);\">\n\t\t\t\t   \n\t\t\t\t\t\t\t\t\t\t\t\t<div class=\"eae-slide-inner\">\t\t\t\t\t\t\t\t\t\t\t\t\t\t\t<div class=\"eae-slide-content\">\n\t\t\t\t\t\t\t\t\t\t\t\t\t\t\t\t\t\t\t<div class=\"eae-slide-heading\">Evento moltiplicatore a Iznik<\/div>\n\t\t\t\t\t\t\t\t\t\n\t\t\t\t\t\t\t\t\t\t\n\t\t\t\t\t\t\t\t\t<div class=\"eae-slide-text\">NICEA<\/div>\n\t\t\t\t\t\t\t\t\t \n\t\t\t\t\t\t\t\t\t\t\t\t\t\t\t\t\t<\/div>\n\t\t\t\t\t\t\t\t\t\t\t\t\t\t<\/div>\t\t\t\t\t\t\t<\/div>\n\t\t\t\t   \n\t\t\t\t\t\n\n\t\t\t\t\t<div class=\"elementor-repeater-item-630a5eb eae-swiper-slide swiper-slide\" style=\"background-image : url(https:\/\/bioyoutoon-project.eu\/wp-content\/uploads\/2025\/04\/WhatsApp-Image-2025-03-26-at-14.13.17-1-scaled.jpeg);\">\n\t\t\t\t   \n\t\t\t\t\t\t\t\t\t\t\t\t<div class=\"eae-slide-inner\">\t\t\t\t\t\t\t\t\t\t\t\t\t\t\t<div class=\"eae-slide-content\">\n\t\t\t\t\t\t\t\t\t\t\t\t\t\t\t\t\t\t\t<div class=\"eae-slide-heading\">Evento moltiplicatore a Iznik<\/div>\n\t\t\t\t\t\t\t\t\t\n\t\t\t\t\t\t\t\t\t\t\n\t\t\t\t\t\t\t\t\t<div class=\"eae-slide-text\">NICEA<\/div>\n\t\t\t\t\t\t\t\t\t \n\t\t\t\t\t\t\t\t\t\t\t\t\t\t\t\t\t<\/div>\n\t\t\t\t\t\t\t\t\t\t\t\t\t\t<\/div>\t\t\t\t\t\t\t<\/div>\n\t\t\t\t   \n\t\t\t\t\t\n\n\t\t\t\t\t<div class=\"elementor-repeater-item-ba252c7 eae-swiper-slide swiper-slide\" style=\"background-image : url(https:\/\/bioyoutoon-project.eu\/wp-content\/uploads\/2025\/04\/WhatsApp-Image-2025-03-26-at-14.13.17-2-scaled.jpeg);\">\n\t\t\t\t   \n\t\t\t\t\t\t\t\t\t\t\t\t<div class=\"eae-slide-inner\">\t\t\t\t\t\t\t\t\t\t\t\t\t\t\t<div class=\"eae-slide-content\">\n\t\t\t\t\t\t\t\t\t\t\t\t\t\t\t\t\t\t\t<div class=\"eae-slide-heading\">Evento moltiplicatore a Iznik<\/div>\n\t\t\t\t\t\t\t\t\t\n\t\t\t\t\t\t\t\t\t\t\n\t\t\t\t\t\t\t\t\t<div class=\"eae-slide-text\">NICEA<\/div>\n\t\t\t\t\t\t\t\t\t \n\t\t\t\t\t\t\t\t\t\t\t\t\t\t\t\t\t<\/div>\n\t\t\t\t\t\t\t\t\t\t\t\t\t\t<\/div>\t\t\t\t\t\t\t<\/div>\n\t\t\t\t   \n\t\t\t\t\t\n\n\t\t\t\t\t<div class=\"elementor-repeater-item-995ed89 eae-swiper-slide swiper-slide\" style=\"background-image : url(https:\/\/bioyoutoon-project.eu\/wp-content\/uploads\/2025\/04\/WhatsApp-Image-2025-03-26-at-14.13.17-3-scaled.jpeg);\">\n\t\t\t\t   \n\t\t\t\t\t\t\t\t\t\t\t\t<div class=\"eae-slide-inner\">\t\t\t\t\t\t\t\t\t\t\t\t\t\t\t<div class=\"eae-slide-content\">\n\t\t\t\t\t\t\t\t\t\t\t\t\t\t\t\t\t\t\t<div class=\"eae-slide-heading\">Evento moltiplicatore a Iznik<\/div>\n\t\t\t\t\t\t\t\t\t\n\t\t\t\t\t\t\t\t\t\t\n\t\t\t\t\t\t\t\t\t<div class=\"eae-slide-text\">NICEA<\/div>\n\t\t\t\t\t\t\t\t\t \n\t\t\t\t\t\t\t\t\t\t\t\t\t\t\t\t\t<\/div>\n\t\t\t\t\t\t\t\t\t\t\t\t\t\t<\/div>\t\t\t\t\t\t\t<\/div>\n\t\t\t\t   \n\t\t\t\t\t \n\t\t\t\t<\/div>\n\t\t\t   \n\t\t\t\t\t\t\t\t\t\t\t\t\t\t<div class = \"eae-swiper-button eae-slider-nav-button  eae-swiper-button-prev\">\n\t\t\t\t\t\t\t<i class=\"fa fa-angle-left\"><\/i>\t\t\t\t\t\t<\/div>\t\n\t\t\t\t\t\t   \n\t\t\t\t\t\t<div class = \"eae-swiper-button eae-slider-nav-button eae-swiper-button-next\">\n\t\t\t\t\t\t\t<i class=\"fa fa-angle-right\"><\/i>\t\t\t\t\t\t<\/div>\t\n\t\t\t\t\t\t\t\t   \n\t\t\t\t\t\n\t\t\t<\/div>\t\n\t\t\n\t\t\t<div class=\"eae-thumb-container swiper eae-gallery-thumbs eae-thumb-horizontal-bottom\">\n\t\t\t\t<div class=\"eae-thumb-wrapper swiper-wrapper\">\n\t\t\t\t\t\t\t\t\t\t   \n\t\t\t\t\t\t<div class=\"elementor-repeater-item-e9f9627 eae-thumb-slide swiper-slide\" style=\"background-image : url(https:\/\/bioyoutoon-project.eu\/wp-content\/uploads\/2025\/04\/WhatsApp-Image-2025-03-26-at-14.13.16-4-scaled.jpeg);\">\n\t\t\t\t\t\t\t\t<div class='eae-fit-aspect-ratio'><\/div>\n\t\t\t\t\t\t<\/div>\n\t\t\t\t\t\t\t\t\t\t   \n\t\t\t\t\t\t<div class=\"elementor-repeater-item-19ad20c eae-thumb-slide swiper-slide\" style=\"background-image : url(https:\/\/bioyoutoon-project.eu\/wp-content\/uploads\/2025\/04\/WhatsApp-Image-2025-03-26-at-14.13.16-1-scaled.jpeg);\">\n\t\t\t\t\t\t\t\t<div class='eae-fit-aspect-ratio'><\/div>\n\t\t\t\t\t\t<\/div>\n\t\t\t\t\t\t\t\t\t\t   \n\t\t\t\t\t\t<div class=\"elementor-repeater-item-0e5f256 eae-thumb-slide swiper-slide\" style=\"background-image : url(https:\/\/bioyoutoon-project.eu\/wp-content\/uploads\/2025\/04\/WhatsApp-Image-2025-03-26-at-14.13.16-2-scaled.jpeg);\">\n\t\t\t\t\t\t\t\t<div class='eae-fit-aspect-ratio'><\/div>\n\t\t\t\t\t\t<\/div>\n\t\t\t\t\t\t\t\t\t\t   \n\t\t\t\t\t\t<div class=\"elementor-repeater-item-c18afe1 eae-thumb-slide swiper-slide\" style=\"background-image : url(https:\/\/bioyoutoon-project.eu\/wp-content\/uploads\/2025\/04\/WhatsApp-Image-2025-03-26-at-14.13.16-3-scaled.jpeg);\">\n\t\t\t\t\t\t\t\t<div class='eae-fit-aspect-ratio'><\/div>\n\t\t\t\t\t\t<\/div>\n\t\t\t\t\t\t\t\t\t\t   \n\t\t\t\t\t\t<div class=\"elementor-repeater-item-13969eb eae-thumb-slide swiper-slide\" style=\"background-image : url(https:\/\/bioyoutoon-project.eu\/wp-content\/uploads\/2025\/04\/WhatsApp-Image-2025-03-26-at-14.13.16-5-scaled.jpeg);\">\n\t\t\t\t\t\t\t\t<div class='eae-fit-aspect-ratio'><\/div>\n\t\t\t\t\t\t<\/div>\n\t\t\t\t\t\t\t\t\t\t   \n\t\t\t\t\t\t<div class=\"elementor-repeater-item-1a1a073 eae-thumb-slide swiper-slide\" style=\"background-image : url(https:\/\/bioyoutoon-project.eu\/wp-content\/uploads\/2025\/04\/WhatsApp-Image-2025-03-26-at-14.13.16-6-scaled.jpeg);\">\n\t\t\t\t\t\t\t\t<div class='eae-fit-aspect-ratio'><\/div>\n\t\t\t\t\t\t<\/div>\n\t\t\t\t\t\t\t\t\t\t   \n\t\t\t\t\t\t<div class=\"elementor-repeater-item-0abab94 eae-thumb-slide swiper-slide\" style=\"background-image : url(https:\/\/bioyoutoon-project.eu\/wp-content\/uploads\/2025\/04\/WhatsApp-Image-2025-03-26-at-14.13.17-11-scaled.jpeg);\">\n\t\t\t\t\t\t\t\t<div class='eae-fit-aspect-ratio'><\/div>\n\t\t\t\t\t\t<\/div>\n\t\t\t\t\t\t\t\t\t\t   \n\t\t\t\t\t\t<div class=\"elementor-repeater-item-630a5eb eae-thumb-slide swiper-slide\" style=\"background-image : url(https:\/\/bioyoutoon-project.eu\/wp-content\/uploads\/2025\/04\/WhatsApp-Image-2025-03-26-at-14.13.17-1-scaled.jpeg);\">\n\t\t\t\t\t\t\t\t<div class='eae-fit-aspect-ratio'><\/div>\n\t\t\t\t\t\t<\/div>\n\t\t\t\t\t\t\t\t\t\t   \n\t\t\t\t\t\t<div class=\"elementor-repeater-item-ba252c7 eae-thumb-slide swiper-slide\" style=\"background-image : url(https:\/\/bioyoutoon-project.eu\/wp-content\/uploads\/2025\/04\/WhatsApp-Image-2025-03-26-at-14.13.17-2-scaled.jpeg);\">\n\t\t\t\t\t\t\t\t<div class='eae-fit-aspect-ratio'><\/div>\n\t\t\t\t\t\t<\/div>\n\t\t\t\t\t\t\t\t\t\t   \n\t\t\t\t\t\t<div class=\"elementor-repeater-item-995ed89 eae-thumb-slide swiper-slide\" style=\"background-image : url(https:\/\/bioyoutoon-project.eu\/wp-content\/uploads\/2025\/04\/WhatsApp-Image-2025-03-26-at-14.13.17-3-scaled.jpeg);\">\n\t\t\t\t\t\t\t\t<div class='eae-fit-aspect-ratio'><\/div>\n\t\t\t\t\t\t<\/div>\n\t\t\t\t\t \n\t\t\t\t<\/div>\n\n\t\t\t\t\n\t\t\t<\/div>\n\n\t\t\t\t<\/div> \n\t\t\t\t\t\t<\/div>\n\t\t\t\t<\/div>\n\t\t\t\t<div class=\"elementor-element elementor-element-b715105 elementor-widget elementor-widget-heading\" data-id=\"b715105\" data-element_type=\"widget\" data-e-type=\"widget\" data-widget_type=\"heading.default\">\n\t\t\t\t<div class=\"elementor-widget-container\">\n\t\t\t\t\t<h2 class=\"elementor-heading-title elementor-size-default\">Evento moltiplicatore a Iznik - NICEA<\/h2>\t\t\t\t<\/div>\n\t\t\t\t<\/div>\n\t\t\t\t<div class=\"elementor-element elementor-element-07baab2 elementor-widget elementor-widget-text-editor\" data-id=\"07baab2\" data-element_type=\"widget\" data-e-type=\"widget\" data-widget_type=\"text-editor.default\">\n\t\t\t\t<div class=\"elementor-widget-container\">\n\t\t\t\t\t\t\t\t\t<p><span class=\"TextRun SCXW146546684 BCX0\" lang=\"EN-US\" xml:lang=\"EN-US\" data-contrast=\"auto\"><span class=\"NormalTextRun SCXW146546684 BCX0\">Alla fine di marzo, la citt\u00e0 di Bursa ha ospitato un evento moltiplicatore locale per la <\/span><span class=\"NormalTextRun SCXW146546684 BCX0\">BioYouToon<\/span><span class=\"NormalTextRun SCXW146546684 BCX0\"> accogliendo 20 partecipanti che hanno potuto scoprire e confrontarsi con i principali risultati del progetto. L'obiettivo dell'evento era presentare le risorse educative sviluppate nel corso del progetto - tra cui i fumetti, il toolkit e il manuale elettronico - e stimolare il dialogo sulla conservazione della biodiversit\u00e0 attraverso la narrazione digitale. L'evento \u00e8 iniziato con una breve introduzione e con la presentazione del progetto. <\/span><span class=\"NormalTextRun SCXW146546684 BCX0\">BioYouToon<\/span><span class=\"NormalTextRun SCXW146546684 BCX0\"> progetto, delineandone gli obiettivi, il processo creativo e le tappe fondamentali raggiunte. \u00c8 seguita una presentazione dettagliata dei risultati creativi del progetto: la serie di fumetti \u00e8 stata evidenziata per le sue narrazioni coinvolgenti e il suo valore educativo; il kit di strumenti \u00e8 stato presentato come una risorsa completa per gli educatori e gli operatori giovanili; il manuale elettronico \u00e8 stato presentato come una guida pratica per responsabilizzare i giovani nella conservazione della biodiversit\u00e0. Una pausa caff\u00e8 \u00e8 stata dedicata al networking informale, seguita da una sessione di discussione interattiva in cui i partecipanti hanno condiviso le loro impressioni ed esplorato come gli strumenti potrebbero essere adattati a diversi contesti educativi e comunitari. L'evento si \u00e8 concluso con le osservazioni conclusive e un'ultima opportunit\u00e0 di networking.<\/span><\/span><span class=\"EOP SCXW146546684 BCX0\" data-ccp-props=\"{&quot;134233117&quot;:false,&quot;134233118&quot;:false,&quot;201341983&quot;:0,&quot;335551550&quot;:6,&quot;335551620&quot;:6,&quot;335559738&quot;:240,&quot;335559739&quot;:0,&quot;335559740&quot;:259}\">\u00a0<\/span><\/p>\t\t\t\t\t\t\t\t<\/div>\n\t\t\t\t<\/div>\n\t\t\t\t\t<\/div>\n\t\t\t\t<\/div>\n\t\t\t\t<\/div>","protected":false},"excerpt":{"rendered":"<p>Multiplier Event in Iznik NICEA Multiplier Event in Iznik NICEA Multiplier Event in Iznik NICEA Multiplier Event in Iznik NICEA&hellip;<\/p>","protected":false},"author":1,"featured_media":0,"parent":0,"menu_order":0,"comment_status":"closed","ping_status":"closed","template":"","meta":{"footnotes":""},"class_list":["post-5269","page","type-page","status-publish","hentry"],"jetpack_sharing_enabled":true,"_links":{"self":[{"href":"https:\/\/bioyoutoon-project.eu\/it\/wp-json\/wp\/v2\/pages\/5269","targetHints":{"allow":["GET"]}}],"collection":[{"href":"https:\/\/bioyoutoon-project.eu\/it\/wp-json\/wp\/v2\/pages"}],"about":[{"href":"https:\/\/bioyoutoon-project.eu\/it\/wp-json\/wp\/v2\/types\/page"}],"author":[{"embeddable":true,"href":"https:\/\/bioyoutoon-project.eu\/it\/wp-json\/wp\/v2\/users\/1"}],"replies":[{"embeddable":true,"href":"https:\/\/bioyoutoon-project.eu\/it\/wp-json\/wp\/v2\/comments?post=5269"}],"version-history":[{"count":7,"href":"https:\/\/bioyoutoon-project.eu\/it\/wp-json\/wp\/v2\/pages\/5269\/revisions"}],"predecessor-version":[{"id":5345,"href":"https:\/\/bioyoutoon-project.eu\/it\/wp-json\/wp\/v2\/pages\/5269\/revisions\/5345"}],"wp:attachment":[{"href":"https:\/\/bioyoutoon-project.eu\/it\/wp-json\/wp\/v2\/media?parent=5269"}],"curies":[{"name":"wp","href":"https:\/\/api.w.org\/{rel}","templated":true}]}}