{"id":1957,"date":"2023-06-27T12:27:29","date_gmt":"2023-06-27T12:27:29","guid":{"rendered":"https:\/\/29e4aaa2-b025-48da-b57e-79ef59e549ee.eu02.conves.io\/?page_id=1957"},"modified":"2025-08-27T14:34:24","modified_gmt":"2025-08-27T14:34:24","slug":"privay-policy","status":"publish","type":"page","link":"https:\/\/bioyoutoon-project.eu\/tr\/privay-policy\/","title":{"rendered":"Privay Politikas\u0131"},"content":{"rendered":"<div data-elementor-type=\"wp-page\" data-elementor-id=\"1957\" class=\"elementor elementor-1957\" data-elementor-post-type=\"page\">\n\t\t\t\t\t\t<section class=\"has_eae_slider elementor-section elementor-top-section elementor-element elementor-element-6dee5ae elementor-section-full_width elementor-section-height-default elementor-section-height-default\" data-eae-slider=\"70186\" data-id=\"6dee5ae\" data-element_type=\"section\" data-e-type=\"section\" data-settings=\"{&quot;background_background&quot;:&quot;classic&quot;}\">\n\t\t\t\t\t\t<div class=\"elementor-container elementor-column-gap-default\">\n\t\t\t\t\t<div class=\"has_eae_slider elementor-column elementor-col-100 elementor-top-column elementor-element elementor-element-0a0ee8f\" data-eae-slider=\"66988\" data-id=\"0a0ee8f\" data-element_type=\"column\" data-e-type=\"column\">\n\t\t\t<div class=\"elementor-widget-wrap elementor-element-populated\">\n\t\t\t\t\t\t<div class=\"elementor-element elementor-element-fc3a57e elementor-widget elementor-widget-heading\" data-id=\"fc3a57e\" data-element_type=\"widget\" data-e-type=\"widget\" data-widget_type=\"heading.default\">\n\t\t\t\t<div class=\"elementor-widget-container\">\n\t\t\t\t\t<h2 class=\"elementor-heading-title elementor-size-default\">Gizlilik Politikas\u0131<\/h2>\t\t\t\t<\/div>\n\t\t\t\t<\/div>\n\t\t\t\t<div class=\"elementor-element elementor-element-d8db896 elementor-widget-divider--view-line elementor-widget elementor-widget-divider\" data-id=\"d8db896\" data-element_type=\"widget\" data-e-type=\"widget\" data-widget_type=\"divider.default\">\n\t\t\t\t<div class=\"elementor-widget-container\">\n\t\t\t\t\t\t\t<div class=\"elementor-divider\">\n\t\t\t<span class=\"elementor-divider-separator\">\n\t\t\t\t\t\t<\/span>\n\t\t<\/div>\n\t\t\t\t\t\t<\/div>\n\t\t\t\t<\/div>\n\t\t\t\t<div class=\"elementor-element elementor-element-752c821 elementor-widget elementor-widget-text-editor\" data-id=\"752c821\" data-element_type=\"widget\" data-e-type=\"widget\" data-widget_type=\"text-editor.default\">\n\t\t\t\t<div class=\"elementor-widget-container\">\n\t\t\t\t\t\t\t\t\t<p>At <b>BioYouToon<\/b>gizlili\u011finizi korumay\u0131 ve ki\u015fisel verilerinizi Genel Veri Koruma Y\u00f6netmeli\u011fi (AB) 2016\/679 (GDPR) ve y\u00fcr\u00fcrl\u00fckteki di\u011fer veri koruma yasalar\u0131na uygun olarak yasal, adil ve \u015feffaf bir \u015fekilde i\u015flemeyi taahh\u00fct ediyoruz.&nbsp;<\/p>\n<p>Bu Gizlilik Politikas\u0131, web sitemizi kulland\u0131\u011f\u0131n\u0131zda ki\u015fisel verilerinizi nas\u0131l toplad\u0131\u011f\u0131m\u0131z\u0131, kulland\u0131\u011f\u0131m\u0131z\u0131, saklad\u0131\u011f\u0131m\u0131z\u0131 ve korudu\u011fumuzu a\u00e7\u0131klamaktad\u0131r.&nbsp;<\/p>\n<p><br><\/p>\n<h5>1. Veri Kontrol\u00f6r\u00fc&nbsp;<\/h5>\n<p>Bu web sitesindeki ki\u015fisel verilerinizin i\u015flenmesinden sorumlu veri denetleyicisi:&nbsp;<\/p>\n<p><b>Impact Grid e.V.&nbsp;<\/b><\/p>\n<p><b>Adres:<\/b> Braunschweiger Str. 41, 12055 Berlin&nbsp;<\/p>\n<p><b>E-posta:<\/b> impactgrid@gmail.com&nbsp;&nbsp;<\/p>\n<p>Verileriniz hakk\u0131nda herhangi bir sorunuz varsa veya GDPR kapsam\u0131ndaki haklar\u0131n\u0131z\u0131 kullanmak istiyorsan\u0131z, yukar\u0131daki ayr\u0131nt\u0131lar\u0131 kullanarak bizimle ileti\u015fime ge\u00e7ebilirsiniz.&nbsp;<\/p>\n<p><br><\/p>\n<h5>2. Toplanan Veri Kategorileri&nbsp;<\/h5>\n<p>A\u015fa\u011f\u0131daki veri kategorilerini toplayabiliriz:&nbsp;<\/p>\n<ul>\n<li>Tarama Verileri: IP adresi, taray\u0131c\u0131 tipi, i\u015fletim sistemi, eri\u015fim tarihi ve saati, ziyaret edilen sayfalar (teknik ve g\u00fcvenlik amac\u0131yla otomatik olarak toplan\u0131r).&nbsp;<\/li>\n<li>Ki\u015fisel Veriler: Ad, soyad, e-posta adresi ve ileti\u015fim veya kay\u0131t formlar\u0131 arac\u0131l\u0131\u011f\u0131yla g\u00f6n\u00fcll\u00fc olarak sa\u011flanan di\u011fer bilgiler.&nbsp;<\/li>\n<li>\u00c7erezler ve Benzer Teknolojiler: \u00c7erezler veya benzer izleme ara\u00e7lar\u0131 arac\u0131l\u0131\u011f\u0131yla toplanan bilgiler (bkz. B\u00f6l\u00fcm 6).&nbsp;<\/li>\n<\/ul>\n<p>Bilerek 16 ya\u015f\u0131n alt\u0131ndaki bireylerden veri toplam\u0131yoruz. Bu t\u00fcr verilerin ebeveyn izni olmadan topland\u0131\u011f\u0131n\u0131 tespit edersek, derhal sileriz.&nbsp;<\/p>\n<p><br><\/p>\n<p>3. Verileri Nas\u0131l Topluyoruz&nbsp;<\/p>\n<ul>\n<li>Web sitemize g\u00f6z att\u0131\u011f\u0131n\u0131zda.&nbsp;<\/li>\n<li>Bir ileti\u015fim, kay\u0131t veya abonelik formu doldurdu\u011funuzda.&nbsp;<\/li>\n<li>\u00c7erezler ve benzer teknolojiler arac\u0131l\u0131\u011f\u0131yla.&nbsp;<\/li>\n<li>G\u00f6m\u00fcl\u00fc \u00fc\u00e7\u00fcnc\u00fc taraf i\u00e7eri\u011fi (\u00f6r. videolar, haritalar) ile etkile\u015fime girdi\u011finizde.&nbsp;<\/li>\n<\/ul>\n<div><br><\/div>\n<p><\/p>\n<p>4. \u0130\u015flemenin Amac\u0131 ve Yasal Dayana\u011f\u0131&nbsp;<\/p>\n<p>Ki\u015fisel verileriniz a\u015fa\u011f\u0131daki ama\u00e7larla i\u015flenmektedir:&nbsp;<\/p>\n<ul>\n<li>Web sitesinin i\u015flevselli\u011fini, g\u00fcvenli\u011fini ve performans\u0131n\u0131 sa\u011flamak i\u00e7in - GDPR Madde 6(1)(f) (me\u015fru menfaat) kapsam\u0131nda i\u015flenir.&nbsp;<\/li>\n<li>\u0130leti\u015fim veya kay\u0131t taleplerine yan\u0131t vermek i\u00e7in - GDPR Madde 6(1)(a) (r\u0131za) kapsam\u0131nda i\u015flenir.&nbsp;<\/li>\n<li>Gerekli olmayan \u00e7erezler arac\u0131l\u0131\u011f\u0131yla web sitesi kullan\u0131m\u0131n\u0131 analiz etmek ve kullan\u0131c\u0131 deneyimini iyile\u015ftirmek i\u00e7in - GDPR Madde 6 (1) (a) (onay) kapsam\u0131nda i\u015flenir.&nbsp;<\/li>\n<li>\u0130dari ve raporlama gereklilikleri dahil olmak \u00fczere yasal y\u00fck\u00fcml\u00fcl\u00fcklere uymak i\u00e7in - GDPR Madde 6(1)(c) (yasal y\u00fck\u00fcml\u00fcl\u00fck) kapsam\u0131nda i\u015flenir.&nbsp;<\/li>\n<\/ul>\n<p>Ki\u015fisel verilerinizi otomatik karar verme veya profilleme i\u00e7in kullanm\u0131yoruz.&nbsp;<\/p>\n<p><br><\/p>\n<h5>5. Veri Saklama S\u00fcresi&nbsp;<\/h5>\n<p>Ki\u015fisel veriler yaln\u0131zca toplanma ama\u00e7lar\u0131n\u0131 yerine getirmek i\u00e7in gerekli oldu\u011fu s\u00fcrece ve projenin s\u00fcresine uygun olarak saklanacakt\u0131r.&nbsp;<\/p>\n<p>Yasal, idari veya denetim ama\u00e7lar\u0131 i\u00e7in aksi gerekmedik\u00e7e, ki\u015fisel veriler silinecektir <b>Projenin resmi olarak sona ermesinden sonra en ge\u00e7 iki (2) y\u0131l i\u00e7inde.<\/b><\/p>\n<p><b><br><\/b><\/p>\n<h5>6. Veri Payla\u015f\u0131m\u0131 ve \u00dc\u00e7\u00fcnc\u00fc Taraf Hizmetleri&nbsp;<\/h5>\n<p>Web sitemizin i\u015flevselli\u011fini geli\u015ftirmek, kullan\u0131m\u0131 analiz etmek ve belirli \u00f6zellikleri etkinle\u015ftirmek i\u00e7in \u00e7erezleri kullan\u0131yoruz. \u00c7erezler \u015fu \u015fekilde kategorize edilir:&nbsp;<\/p>\n<ul>\n<li>Kesinlikle Gerekli \u00c7erezler - Sitenin \u00e7al\u0131\u015fmas\u0131 i\u00e7in gereklidir (devre d\u0131\u015f\u0131 b\u0131rak\u0131lamaz).&nbsp;<\/li>\n<li>\u0130\u015flevsel \u00c7erezler - Ek i\u015flevsellik ve ki\u015fiselle\u015ftirme sa\u011flar.&nbsp;<\/li>\n<li>Analitik \u00c7erezler - Web sitesi trafi\u011fini anlamam\u0131za yard\u0131mc\u0131 olur (\u00f6r. Google Analytics).&nbsp;<\/li>\n<\/ul>\n<p>\u00c7erez tercihlerinizi \u00c7erez Onay Arac\u0131m\u0131z (CookieYes taraf\u0131ndan desteklenmektedir) arac\u0131l\u0131\u011f\u0131yla y\u00f6netebilir ve onay\u0131n\u0131z\u0131 istedi\u011finiz zaman geri \u00e7ekebilirsiniz.&nbsp;<\/p>\n<p><br><\/p>\n<h5>7. Veri Payla\u015f\u0131m\u0131 ve \u00dc\u00e7\u00fcnc\u00fc Taraf Hizmetleri&nbsp;<\/h5>\n<p>Ki\u015fisel verilerinizi satm\u0131yor veya ticaretini yapm\u0131yoruz. Ancak, web sitesinin i\u015flevselli\u011fini sa\u011flamak i\u00e7in g\u00fcvenilir hizmet sa\u011flay\u0131c\u0131larla payla\u015fabiliriz. Bunlar \u015funlar\u0131 i\u00e7erebilir:&nbsp;<\/p>\n<ul>\n<li><b>YouTube <\/b>- G\u00f6m\u00fcl\u00fc videolar.&nbsp;<\/li>\n<li><b>Google Analytics \/ WP \u0130statistikleri <\/b>- Web sitesi analizleri.&nbsp;<\/li>\n<li><b>Di\u011fer WordPress eklentileri<\/b> - \u0130\u00e7erik da\u011f\u0131t\u0131m\u0131 ve kullan\u0131c\u0131 etkile\u015fimi.&nbsp;<\/li>\n<\/ul>\n<p>Bu sa\u011flay\u0131c\u0131lardan baz\u0131lar\u0131 verileri AB\/AEA d\u0131\u015f\u0131nda (\u00f6rne\u011fin, Amerika Birle\u015fik Devletleri'nde) i\u015fleyebilir. Bu gibi durumlarda, GDPR uyumlulu\u011funu \u015fu yollarla sa\u011flar\u0131z:&nbsp;<\/p>\n<ul>\n<li>Avrupa Komisyonu taraf\u0131ndan yay\u0131nlanan Yeterlilik Kararlar\u0131 veya<\/li>\n<li>Avrupa Komisyonu taraf\u0131ndan onaylanan Standart S\u00f6zle\u015fme Maddeleri (SCC'ler).&nbsp;<\/li>\n<\/ul>\n<p>\u00dc\u00e7\u00fcnc\u00fc taraf gizlilik politikalar\u0131na ba\u011flant\u0131lar:&nbsp;<\/p>\n<ul>\n<li>Google: https:\/\/policies.google.com\/privacy&nbsp;<\/li>\n<li>YouTube: https:\/\/www.youtube.com\/t\/privacy&nbsp;<\/li>\n<\/ul>\n<p><br><\/p>\n<h5>8. Veri Koruma Haklar\u0131n\u0131z&nbsp;<\/h5>\n<p>Buna hakk\u0131n\u0131z var:&nbsp;<\/p>\n<ul>\n<li>Ki\u015fisel verilerinize eri\u015fin (GDPR Madde 15).&nbsp;<\/li>\n<li>Yanl\u0131\u015f veya eksik verileri d\u00fczeltme (GDPR Madde 16).&nbsp;<\/li>\n<li>Verilerinizin silinmesini talep edin (GDPR Madde 17).&nbsp;<\/li>\n<li>Belirli durumlarda i\u015flemeyi k\u0131s\u0131tlama (GDPR Madde 18).&nbsp;<\/li>\n<li>Me\u015fru menfaate dayal\u0131 i\u015flemeye itiraz (GDPR Madde 21).&nbsp;<\/li>\n<li>Verilerinizi ta\u015f\u0131nabilir bir formatta al\u0131n (GDPR Madde 20).&nbsp;<\/li>\n<li>Geri \u00e7ekmeden \u00f6nce i\u015flemenin yasall\u0131\u011f\u0131n\u0131 etkilemeden herhangi bir zamanda onay\u0131 geri \u00e7ekin (GDPR Madde 7).&nbsp;<\/li>\n<li>Ulusal Veri Koruma Kurumunuza \u015fikayette bulunun.&nbsp;<\/li>\n<\/ul>\n<p>Bu haklar\u0131 kullanmak i\u00e7in l\u00fctfen B\u00f6l\u00fcm 1'de verilen e-posta adresinden bizimle ileti\u015fime ge\u00e7in.&nbsp;<\/p>\n<p><br><\/p>\n<h5>9. G\u00fcvenlik \u00d6nlemleri&nbsp;<\/h5>\n<p>Ki\u015fisel verilerinizin g\u00fcvenli\u011fini sa\u011flamak i\u00e7in \u015fifreleme (SSL\/TLS), eri\u015fim kontrolleri ve d\u00fczenli g\u00fcvenlik denetimleri dahil olmak \u00fczere uygun teknik ve organizasyonel \u00f6nlemler uyguluyoruz.&nbsp;<\/p><p><br><\/p>\n<h5>10. G\u00fcncellemeler&nbsp;<\/h5>\n<p>Bu Gizlilik Politikas\u0131 yasal, teknik veya operasyonel de\u011fi\u015fiklikleri yans\u0131tacak \u015fekilde g\u00fcncellenebilir. T\u00fcm g\u00fcncellemeler bu sayfada yay\u0131nlanacakt\u0131r.&nbsp;<\/p>\t\t\t\t\t\t\t\t<\/div>\n\t\t\t\t<\/div>\n\t\t\t\t\t<\/div>\n\t\t<\/div>\n\t\t\t\t\t<\/div>\n\t\t<\/section>\n\t\t\t\t<\/div>","protected":false},"excerpt":{"rendered":"<p>Privacy Policy At BioYouToon, we are committed to protecting your privacy and processing your personal data lawfully, fairly, and transparently&hellip;<\/p>","protected":false},"author":1,"featured_media":0,"parent":0,"menu_order":0,"comment_status":"closed","ping_status":"closed","template":"","meta":{"footnotes":""},"class_list":["post-1957","page","type-page","status-publish","hentry"],"jetpack_sharing_enabled":true,"_links":{"self":[{"href":"https:\/\/bioyoutoon-project.eu\/tr\/wp-json\/wp\/v2\/pages\/1957","targetHints":{"allow":["GET"]}}],"collection":[{"href":"https:\/\/bioyoutoon-project.eu\/tr\/wp-json\/wp\/v2\/pages"}],"about":[{"href":"https:\/\/bioyoutoon-project.eu\/tr\/wp-json\/wp\/v2\/types\/page"}],"author":[{"embeddable":true,"href":"https:\/\/bioyoutoon-project.eu\/tr\/wp-json\/wp\/v2\/users\/1"}],"replies":[{"embeddable":true,"href":"https:\/\/bioyoutoon-project.eu\/tr\/wp-json\/wp\/v2\/comments?post=1957"}],"version-history":[{"count":19,"href":"https:\/\/bioyoutoon-project.eu\/tr\/wp-json\/wp\/v2\/pages\/1957\/revisions"}],"predecessor-version":[{"id":5551,"href":"https:\/\/bioyoutoon-project.eu\/tr\/wp-json\/wp\/v2\/pages\/1957\/revisions\/5551"}],"wp:attachment":[{"href":"https:\/\/bioyoutoon-project.eu\/tr\/wp-json\/wp\/v2\/media?parent=1957"}],"curies":[{"name":"wp","href":"https:\/\/api.w.org\/{rel}","templated":true}]}}