{"id":4335,"date":"2025-03-05T16:45:12","date_gmt":"2025-03-05T16:45:12","guid":{"rendered":"https:\/\/bioyoutoon-project.eu\/?page_id=4335"},"modified":"2025-03-27T14:02:37","modified_gmt":"2025-03-27T14:02:37","slug":"webtoon-comics","status":"publish","type":"page","link":"https:\/\/bioyoutoon-project.eu\/tr\/webtoon-comics\/","title":{"rendered":"Webtoon \u00c7izgi Romanlar\u0131"},"content":{"rendered":"<div data-elementor-type=\"wp-page\" data-elementor-id=\"4335\" class=\"elementor elementor-4335\" data-elementor-post-type=\"page\">\n\t\t\t\t\t\t<section class=\"has_eae_slider elementor-section elementor-top-section elementor-element elementor-element-8b0fc0f elementor-section-boxed elementor-section-height-default elementor-section-height-default\" data-eae-slider=\"86296\" data-id=\"8b0fc0f\" data-element_type=\"section\" data-e-type=\"section\">\n\t\t\t\t\t\t<div class=\"elementor-container elementor-column-gap-default\">\n\t\t\t\t\t<div class=\"has_eae_slider elementor-column elementor-col-100 elementor-top-column elementor-element elementor-element-46d1978\" data-eae-slider=\"37067\" data-id=\"46d1978\" data-element_type=\"column\" data-e-type=\"column\">\n\t\t\t<div class=\"elementor-widget-wrap elementor-element-populated\">\n\t\t\t\t\t\t<div class=\"elementor-element elementor-element-6d2e86c elementor-widget elementor-widget-heading\" data-id=\"6d2e86c\" data-element_type=\"widget\" data-e-type=\"widget\" data-widget_type=\"heading.default\">\n\t\t\t\t<div class=\"elementor-widget-container\">\n\t\t\t\t\t<h2 class=\"elementor-heading-title elementor-size-default\">Webtoon \u00c7izgi Romanlar\u0131\n<\/h2>\t\t\t\t<\/div>\n\t\t\t\t<\/div>\n\t\t\t\t<div class=\"elementor-element elementor-element-abaed6c elementor-widget-divider--view-line elementor-widget elementor-widget-divider\" data-id=\"abaed6c\" data-element_type=\"widget\" data-e-type=\"widget\" data-widget_type=\"divider.default\">\n\t\t\t\t<div class=\"elementor-widget-container\">\n\t\t\t\t\t\t\t<div class=\"elementor-divider\">\n\t\t\t<span class=\"elementor-divider-separator\">\n\t\t\t\t\t\t<\/span>\n\t\t<\/div>\n\t\t\t\t\t\t<\/div>\n\t\t\t\t<\/div>\n\t\t\t\t\t<\/div>\n\t\t<\/div>\n\t\t\t\t\t<\/div>\n\t\t<\/section>\n\t\t\t\t<section class=\"has_eae_slider elementor-section elementor-top-section elementor-element elementor-element-3431746 elementor-section-boxed elementor-section-height-default elementor-section-height-default\" data-eae-slider=\"28067\" data-id=\"3431746\" data-element_type=\"section\" data-e-type=\"section\">\n\t\t\t\t\t\t<div class=\"elementor-container elementor-column-gap-default\">\n\t\t\t\t\t<div class=\"has_eae_slider elementor-column elementor-col-50 elementor-top-column elementor-element elementor-element-4c3b930\" data-eae-slider=\"262\" data-id=\"4c3b930\" data-element_type=\"column\" data-e-type=\"column\" data-settings=\"{&quot;background_background&quot;:&quot;classic&quot;}\">\n\t\t\t<div class=\"elementor-widget-wrap elementor-element-populated\">\n\t\t\t\t\t\t<div class=\"elementor-element elementor-element-503d457 elementor-widget elementor-widget-image\" data-id=\"503d457\" data-element_type=\"widget\" data-e-type=\"widget\" data-widget_type=\"image.default\">\n\t\t\t\t<div class=\"elementor-widget-container\">\n\t\t\t\t\t\t\t\t\t\t\t\t\t\t\t\t<a href=\"https:\/\/bioyoutoon-project.eu\/tr\/danny-the-wool-carder-bee\/\" target=\"_blank\">\n\t\t\t\t\t\t\t<img fetchpriority=\"high\" decoding=\"async\" width=\"800\" height=\"800\" src=\"https:\/\/bioyoutoon-project.eu\/wp-content\/uploads\/2025\/03\/cover1.png\" class=\"elementor-animation-grow attachment-large size-large wp-image-4337\" alt=\"\" srcset=\"https:\/\/bioyoutoon-project.eu\/wp-content\/uploads\/2025\/03\/cover1.png 800w, https:\/\/bioyoutoon-project.eu\/wp-content\/uploads\/2025\/03\/cover1-300x300.png 300w, https:\/\/bioyoutoon-project.eu\/wp-content\/uploads\/2025\/03\/cover1-150x150.png 150w, https:\/\/bioyoutoon-project.eu\/wp-content\/uploads\/2025\/03\/cover1-768x768.png 768w, https:\/\/bioyoutoon-project.eu\/wp-content\/uploads\/2025\/03\/cover1-12x12.png 12w\" sizes=\"(max-width: 800px) 100vw, 800px\" \/>\t\t\t\t\t\t\t\t<\/a>\n\t\t\t\t\t\t\t\t\t\t\t\t\t\t\t<\/div>\n\t\t\t\t<\/div>\n\t\t\t\t<div class=\"elementor-element elementor-element-f8ae9d9 elementor-widget elementor-widget-heading\" data-id=\"f8ae9d9\" data-element_type=\"widget\" data-e-type=\"widget\" data-widget_type=\"heading.default\">\n\t\t\t\t<div class=\"elementor-widget-container\">\n\t\t\t\t\t<h2 class=\"elementor-heading-title elementor-size-default\">Y\u00fcn Tarak\u00e7\u0131 Ar\u0131 Danny<\/h2>\t\t\t\t<\/div>\n\t\t\t\t<\/div>\n\t\t\t\t<div class=\"elementor-element elementor-element-01d1ed9 elementor-align-center elementor-widget elementor-widget-button\" data-id=\"01d1ed9\" data-element_type=\"widget\" data-e-type=\"widget\" data-widget_type=\"button.default\">\n\t\t\t\t<div class=\"elementor-widget-container\">\n\t\t\t\t\t\t\t\t\t<div class=\"elementor-button-wrapper\">\n\t\t\t\t\t<a class=\"elementor-button elementor-button-link elementor-size-sm elementor-animation-float\" href=\"https:\/\/bioyoutoon-project.eu\/tr\/danny-the-wool-carder-bee\/\">\n\t\t\t\t\t\t<span class=\"elementor-button-content-wrapper\">\n\t\t\t\t\t\t\t\t\t<span class=\"elementor-button-text\">Buraya T\u0131klay\u0131n!<\/span>\n\t\t\t\t\t<\/span>\n\t\t\t\t\t<\/a>\n\t\t\t\t<\/div>\n\t\t\t\t\t\t\t\t<\/div>\n\t\t\t\t<\/div>\n\t\t\t\t\t<\/div>\n\t\t<\/div>\n\t\t\t\t<div class=\"has_eae_slider elementor-column elementor-col-50 elementor-top-column elementor-element elementor-element-d6d00f7\" data-eae-slider=\"76377\" data-id=\"d6d00f7\" data-element_type=\"column\" data-e-type=\"column\" data-settings=\"{&quot;background_background&quot;:&quot;classic&quot;}\">\n\t\t\t<div class=\"elementor-widget-wrap elementor-element-populated\">\n\t\t\t\t\t\t<div class=\"elementor-element elementor-element-4d11595 elementor-widget elementor-widget-image\" data-id=\"4d11595\" data-element_type=\"widget\" data-e-type=\"widget\" data-widget_type=\"image.default\">\n\t\t\t\t<div class=\"elementor-widget-container\">\n\t\t\t\t\t\t\t\t\t\t\t\t\t\t\t\t<a href=\"https:\/\/bioyoutoon-project.eu\/tr\/ela-kayra-the-magic-drawer\/\" target=\"_blank\">\n\t\t\t\t\t\t\t<img decoding=\"async\" width=\"800\" height=\"800\" src=\"https:\/\/bioyoutoon-project.eu\/wp-content\/uploads\/2025\/03\/cover2.png\" class=\"elementor-animation-grow attachment-large size-large wp-image-4338\" alt=\"\" srcset=\"https:\/\/bioyoutoon-project.eu\/wp-content\/uploads\/2025\/03\/cover2.png 800w, https:\/\/bioyoutoon-project.eu\/wp-content\/uploads\/2025\/03\/cover2-300x300.png 300w, https:\/\/bioyoutoon-project.eu\/wp-content\/uploads\/2025\/03\/cover2-150x150.png 150w, https:\/\/bioyoutoon-project.eu\/wp-content\/uploads\/2025\/03\/cover2-768x768.png 768w, https:\/\/bioyoutoon-project.eu\/wp-content\/uploads\/2025\/03\/cover2-12x12.png 12w\" sizes=\"(max-width: 800px) 100vw, 800px\" \/>\t\t\t\t\t\t\t\t<\/a>\n\t\t\t\t\t\t\t\t\t\t\t\t\t\t\t<\/div>\n\t\t\t\t<\/div>\n\t\t\t\t<div class=\"elementor-element elementor-element-14ab0f1 elementor-widget elementor-widget-heading\" data-id=\"14ab0f1\" data-element_type=\"widget\" data-e-type=\"widget\" data-widget_type=\"heading.default\">\n\t\t\t\t<div class=\"elementor-widget-container\">\n\t\t\t\t\t<h2 class=\"elementor-heading-title elementor-size-default\">Ela, Kayra ve Sihirli \u00c7ekmece<\/h2>\t\t\t\t<\/div>\n\t\t\t\t<\/div>\n\t\t\t\t<div class=\"elementor-element elementor-element-e1b4d5a elementor-align-center elementor-widget elementor-widget-button\" data-id=\"e1b4d5a\" data-element_type=\"widget\" data-e-type=\"widget\" data-widget_type=\"button.default\">\n\t\t\t\t<div class=\"elementor-widget-container\">\n\t\t\t\t\t\t\t\t\t<div class=\"elementor-button-wrapper\">\n\t\t\t\t\t<a class=\"elementor-button elementor-button-link elementor-size-sm elementor-animation-float\" href=\"https:\/\/bioyoutoon-project.eu\/tr\/ela-kayra-the-magic-drawer\/\" target=\"_blank\">\n\t\t\t\t\t\t<span class=\"elementor-button-content-wrapper\">\n\t\t\t\t\t\t\t\t\t<span class=\"elementor-button-text\">Buraya T\u0131klay\u0131n!<\/span>\n\t\t\t\t\t<\/span>\n\t\t\t\t\t<\/a>\n\t\t\t\t<\/div>\n\t\t\t\t\t\t\t\t<\/div>\n\t\t\t\t<\/div>\n\t\t\t\t\t<\/div>\n\t\t<\/div>\n\t\t\t\t\t<\/div>\n\t\t<\/section>\n\t\t\t\t<section class=\"has_eae_slider elementor-section elementor-top-section elementor-element elementor-element-617ba87 elementor-section-boxed elementor-section-height-default elementor-section-height-default\" data-eae-slider=\"27353\" data-id=\"617ba87\" data-element_type=\"section\" data-e-type=\"section\" data-settings=\"{&quot;background_background&quot;:&quot;classic&quot;}\">\n\t\t\t\t\t\t<div class=\"elementor-container elementor-column-gap-default\">\n\t\t\t\t\t<div class=\"has_eae_slider elementor-column elementor-col-50 elementor-top-column elementor-element elementor-element-f994d56\" data-eae-slider=\"65434\" data-id=\"f994d56\" data-element_type=\"column\" data-e-type=\"column\" data-settings=\"{&quot;background_background&quot;:&quot;classic&quot;}\">\n\t\t\t<div class=\"elementor-widget-wrap elementor-element-populated\">\n\t\t\t\t\t\t<div class=\"elementor-element elementor-element-984ef47 elementor-widget elementor-widget-image\" data-id=\"984ef47\" data-element_type=\"widget\" data-e-type=\"widget\" data-widget_type=\"image.default\">\n\t\t\t\t<div class=\"elementor-widget-container\">\n\t\t\t\t\t\t\t\t\t\t\t\t\t\t\t\t<a href=\"https:\/\/bioyoutoon-project.eu\/tr\/the-biologists-summerhome\/\" target=\"_blank\">\n\t\t\t\t\t\t\t<img decoding=\"async\" width=\"800\" height=\"800\" src=\"https:\/\/bioyoutoon-project.eu\/wp-content\/uploads\/2025\/03\/cover3.png\" class=\"elementor-animation-grow attachment-large size-large wp-image-4339\" alt=\"\" srcset=\"https:\/\/bioyoutoon-project.eu\/wp-content\/uploads\/2025\/03\/cover3.png 800w, https:\/\/bioyoutoon-project.eu\/wp-content\/uploads\/2025\/03\/cover3-300x300.png 300w, https:\/\/bioyoutoon-project.eu\/wp-content\/uploads\/2025\/03\/cover3-150x150.png 150w, https:\/\/bioyoutoon-project.eu\/wp-content\/uploads\/2025\/03\/cover3-768x768.png 768w, https:\/\/bioyoutoon-project.eu\/wp-content\/uploads\/2025\/03\/cover3-12x12.png 12w\" sizes=\"(max-width: 800px) 100vw, 800px\" \/>\t\t\t\t\t\t\t\t<\/a>\n\t\t\t\t\t\t\t\t\t\t\t\t\t\t\t<\/div>\n\t\t\t\t<\/div>\n\t\t\t\t<div class=\"elementor-element elementor-element-ebf8651 elementor-widget elementor-widget-heading\" data-id=\"ebf8651\" data-element_type=\"widget\" data-e-type=\"widget\" data-widget_type=\"heading.default\">\n\t\t\t\t<div class=\"elementor-widget-container\">\n\t\t\t\t\t<h2 class=\"elementor-heading-title elementor-size-default\">Biyologlar\u0131n Yazl\u0131k Evi<\/h2>\t\t\t\t<\/div>\n\t\t\t\t<\/div>\n\t\t\t\t<div class=\"elementor-element elementor-element-9290782 elementor-align-center elementor-widget elementor-widget-button\" data-id=\"9290782\" data-element_type=\"widget\" data-e-type=\"widget\" data-widget_type=\"button.default\">\n\t\t\t\t<div class=\"elementor-widget-container\">\n\t\t\t\t\t\t\t\t\t<div class=\"elementor-button-wrapper\">\n\t\t\t\t\t<a class=\"elementor-button elementor-button-link elementor-size-sm elementor-animation-float\" href=\"https:\/\/bioyoutoon-project.eu\/tr\/the-biologists-summerhome\/\" target=\"_blank\">\n\t\t\t\t\t\t<span class=\"elementor-button-content-wrapper\">\n\t\t\t\t\t\t\t\t\t<span class=\"elementor-button-text\">Buraya T\u0131klay\u0131n!<\/span>\n\t\t\t\t\t<\/span>\n\t\t\t\t\t<\/a>\n\t\t\t\t<\/div>\n\t\t\t\t\t\t\t\t<\/div>\n\t\t\t\t<\/div>\n\t\t\t\t\t<\/div>\n\t\t<\/div>\n\t\t\t\t<div class=\"has_eae_slider elementor-column elementor-col-50 elementor-top-column elementor-element elementor-element-4fa538e\" data-eae-slider=\"2295\" data-id=\"4fa538e\" data-element_type=\"column\" data-e-type=\"column\" data-settings=\"{&quot;background_background&quot;:&quot;classic&quot;}\">\n\t\t\t<div class=\"elementor-widget-wrap elementor-element-populated\">\n\t\t\t\t\t\t<div class=\"elementor-element elementor-element-ac97325 elementor-widget elementor-widget-image\" data-id=\"ac97325\" data-element_type=\"widget\" data-e-type=\"widget\" data-widget_type=\"image.default\">\n\t\t\t\t<div class=\"elementor-widget-container\">\n\t\t\t\t\t\t\t\t\t\t\t\t\t\t\t\t<a href=\"https:\/\/bioyoutoon-project.eu\/tr\/the-mosquito-story\/\" target=\"_blank\">\n\t\t\t\t\t\t\t<img loading=\"lazy\" decoding=\"async\" width=\"800\" height=\"800\" src=\"https:\/\/bioyoutoon-project.eu\/wp-content\/uploads\/2025\/03\/cover4.png\" class=\"elementor-animation-grow attachment-large size-large wp-image-4340\" alt=\"\" srcset=\"https:\/\/bioyoutoon-project.eu\/wp-content\/uploads\/2025\/03\/cover4.png 800w, https:\/\/bioyoutoon-project.eu\/wp-content\/uploads\/2025\/03\/cover4-300x300.png 300w, https:\/\/bioyoutoon-project.eu\/wp-content\/uploads\/2025\/03\/cover4-150x150.png 150w, https:\/\/bioyoutoon-project.eu\/wp-content\/uploads\/2025\/03\/cover4-768x768.png 768w, https:\/\/bioyoutoon-project.eu\/wp-content\/uploads\/2025\/03\/cover4-12x12.png 12w\" sizes=\"(max-width: 800px) 100vw, 800px\" \/>\t\t\t\t\t\t\t\t<\/a>\n\t\t\t\t\t\t\t\t\t\t\t\t\t\t\t<\/div>\n\t\t\t\t<\/div>\n\t\t\t\t<div class=\"elementor-element elementor-element-d8c8145 elementor-widget elementor-widget-heading\" data-id=\"d8c8145\" data-element_type=\"widget\" data-e-type=\"widget\" data-widget_type=\"heading.default\">\n\t\t\t\t<div class=\"elementor-widget-container\">\n\t\t\t\t\t<h2 class=\"elementor-heading-title elementor-size-default\">Sivrisinek Hikayesi<\/h2>\t\t\t\t<\/div>\n\t\t\t\t<\/div>\n\t\t\t\t<div class=\"elementor-element elementor-element-e11d29b elementor-align-center elementor-widget elementor-widget-button\" data-id=\"e11d29b\" data-element_type=\"widget\" data-e-type=\"widget\" data-widget_type=\"button.default\">\n\t\t\t\t<div class=\"elementor-widget-container\">\n\t\t\t\t\t\t\t\t\t<div class=\"elementor-button-wrapper\">\n\t\t\t\t\t<a class=\"elementor-button elementor-button-link elementor-size-sm elementor-animation-float\" href=\"https:\/\/bioyoutoon-project.eu\/tr\/the-mosquito-story\/\" target=\"_blank\">\n\t\t\t\t\t\t<span class=\"elementor-button-content-wrapper\">\n\t\t\t\t\t\t\t\t\t<span class=\"elementor-button-text\">Buraya T\u0131klay\u0131n!<\/span>\n\t\t\t\t\t<\/span>\n\t\t\t\t\t<\/a>\n\t\t\t\t<\/div>\n\t\t\t\t\t\t\t\t<\/div>\n\t\t\t\t<\/div>\n\t\t\t\t\t<\/div>\n\t\t<\/div>\n\t\t\t\t\t<\/div>\n\t\t<\/section>\n\t\t\t\t<section class=\"has_eae_slider elementor-section elementor-top-section elementor-element elementor-element-390bc60 elementor-section-boxed elementor-section-height-default elementor-section-height-default\" data-eae-slider=\"18738\" data-id=\"390bc60\" data-element_type=\"section\" data-e-type=\"section\" data-settings=\"{&quot;background_background&quot;:&quot;classic&quot;}\">\n\t\t\t\t\t\t<div class=\"elementor-container elementor-column-gap-default\">\n\t\t\t\t\t<div class=\"has_eae_slider elementor-column elementor-col-33 elementor-top-column elementor-element elementor-element-7d992df\" data-eae-slider=\"48720\" data-id=\"7d992df\" data-element_type=\"column\" data-e-type=\"column\">\n\t\t\t<div class=\"elementor-widget-wrap\">\n\t\t\t\t\t\t\t<\/div>\n\t\t<\/div>\n\t\t\t\t<div class=\"has_eae_slider elementor-column elementor-col-33 elementor-top-column elementor-element elementor-element-1c2d7d6\" data-eae-slider=\"23537\" data-id=\"1c2d7d6\" data-element_type=\"column\" data-e-type=\"column\" data-settings=\"{&quot;background_background&quot;:&quot;classic&quot;}\">\n\t\t\t<div class=\"elementor-widget-wrap elementor-element-populated\">\n\t\t\t\t\t\t<div class=\"elementor-element elementor-element-19634e5 elementor-widget elementor-widget-image\" data-id=\"19634e5\" data-element_type=\"widget\" data-e-type=\"widget\" data-widget_type=\"image.default\">\n\t\t\t\t<div class=\"elementor-widget-container\">\n\t\t\t\t\t\t\t\t\t\t\t\t\t\t\t\t<a href=\"https:\/\/bioyoutoon-project.eu\/tr\/the-plight-of-the-sea-turtles\/\" target=\"_blank\">\n\t\t\t\t\t\t\t<img loading=\"lazy\" decoding=\"async\" width=\"800\" height=\"800\" src=\"https:\/\/bioyoutoon-project.eu\/wp-content\/uploads\/2025\/03\/cover5.png\" class=\"elementor-animation-grow attachment-large size-large wp-image-4341\" alt=\"\" srcset=\"https:\/\/bioyoutoon-project.eu\/wp-content\/uploads\/2025\/03\/cover5.png 800w, https:\/\/bioyoutoon-project.eu\/wp-content\/uploads\/2025\/03\/cover5-300x300.png 300w, https:\/\/bioyoutoon-project.eu\/wp-content\/uploads\/2025\/03\/cover5-150x150.png 150w, https:\/\/bioyoutoon-project.eu\/wp-content\/uploads\/2025\/03\/cover5-768x768.png 768w, https:\/\/bioyoutoon-project.eu\/wp-content\/uploads\/2025\/03\/cover5-12x12.png 12w\" sizes=\"(max-width: 800px) 100vw, 800px\" \/>\t\t\t\t\t\t\t\t<\/a>\n\t\t\t\t\t\t\t\t\t\t\t\t\t\t\t<\/div>\n\t\t\t\t<\/div>\n\t\t\t\t<div class=\"elementor-element elementor-element-64a8c8c elementor-widget elementor-widget-heading\" data-id=\"64a8c8c\" data-element_type=\"widget\" data-e-type=\"widget\" data-widget_type=\"heading.default\">\n\t\t\t\t<div class=\"elementor-widget-container\">\n\t\t\t\t\t<h2 class=\"elementor-heading-title elementor-size-default\">Deniz Kaplumba\u011falar\u0131n\u0131n K\u00f6t\u00fc Durumu<\/h2>\t\t\t\t<\/div>\n\t\t\t\t<\/div>\n\t\t\t\t<div class=\"elementor-element elementor-element-939957d elementor-align-center elementor-widget elementor-widget-button\" data-id=\"939957d\" data-element_type=\"widget\" data-e-type=\"widget\" data-widget_type=\"button.default\">\n\t\t\t\t<div class=\"elementor-widget-container\">\n\t\t\t\t\t\t\t\t\t<div class=\"elementor-button-wrapper\">\n\t\t\t\t\t<a class=\"elementor-button elementor-button-link elementor-size-sm elementor-animation-float\" href=\"https:\/\/bioyoutoon-project.eu\/tr\/the-plight-of-the-sea-turtles\/\" target=\"_blank\">\n\t\t\t\t\t\t<span class=\"elementor-button-content-wrapper\">\n\t\t\t\t\t\t\t\t\t<span class=\"elementor-button-text\">Buraya T\u0131klay\u0131n!<\/span>\n\t\t\t\t\t<\/span>\n\t\t\t\t\t<\/a>\n\t\t\t\t<\/div>\n\t\t\t\t\t\t\t\t<\/div>\n\t\t\t\t<\/div>\n\t\t\t\t\t<\/div>\n\t\t<\/div>\n\t\t\t\t<div class=\"has_eae_slider elementor-column elementor-col-33 elementor-top-column elementor-element elementor-element-2460c76\" data-eae-slider=\"89183\" data-id=\"2460c76\" data-element_type=\"column\" data-e-type=\"column\">\n\t\t\t<div class=\"elementor-widget-wrap\">\n\t\t\t\t\t\t\t<\/div>\n\t\t<\/div>\n\t\t\t\t\t<\/div>\n\t\t<\/section>\n\t\t\t\t<section class=\"has_eae_slider elementor-section elementor-top-section elementor-element elementor-element-d0055fe elementor-section-boxed elementor-section-height-default elementor-section-height-default\" data-eae-slider=\"76194\" data-id=\"d0055fe\" data-element_type=\"section\" data-e-type=\"section\" data-settings=\"{&quot;background_background&quot;:&quot;classic&quot;}\">\n\t\t\t\t\t\t<div class=\"elementor-container elementor-column-gap-default\">\n\t\t\t\t\t<div class=\"has_eae_slider elementor-column elementor-col-50 elementor-top-column elementor-element elementor-element-cd39320\" data-eae-slider=\"11815\" data-id=\"cd39320\" data-element_type=\"column\" data-e-type=\"column\">\n\t\t\t<div class=\"elementor-widget-wrap\">\n\t\t\t\t\t\t\t<\/div>\n\t\t<\/div>\n\t\t\t\t<div class=\"has_eae_slider elementor-column elementor-col-50 elementor-top-column elementor-element elementor-element-d9baa1c\" data-eae-slider=\"25208\" data-id=\"d9baa1c\" data-element_type=\"column\" data-e-type=\"column\">\n\t\t\t<div class=\"elementor-widget-wrap\">\n\t\t\t\t\t\t\t<\/div>\n\t\t<\/div>\n\t\t\t\t\t<\/div>\n\t\t<\/section>\n\t\t<div class=\"has_eae_slider elementor-element elementor-element-2f6c972 e-flex e-con-boxed e-con e-parent\" data-eae-slider=\"68240\" data-id=\"2f6c972\" data-element_type=\"container\" data-e-type=\"container\">\n\t\t\t\t\t<div class=\"e-con-inner\">\n\t\t\t\t\t<\/div>\n\t\t\t\t<\/div>\n\t\t<div class=\"has_eae_slider elementor-element elementor-element-f624cfa e-flex e-con-boxed e-con e-parent\" data-eae-slider=\"9060\" data-id=\"f624cfa\" data-element_type=\"container\" data-e-type=\"container\">\n\t\t\t\t\t<div class=\"e-con-inner\">\n\t\t\t\t\t<\/div>\n\t\t\t\t<\/div>\n\t\t\t\t<\/div>","protected":false},"excerpt":{"rendered":"<p>Webtoon \u00c7izgi Roman Y\u00fcn Tarak\u00e7\u0131 Ar\u0131 Danny Buraya T\u0131klay\u0131n! Ela, Kayra ve Sihirli \u00c7ekmece Buraya T\u0131klay\u0131n! Biyologlar Yaz...<\/p>","protected":false},"author":1,"featured_media":0,"parent":0,"menu_order":0,"comment_status":"closed","ping_status":"closed","template":"","meta":{"footnotes":""},"class_list":["post-4335","page","type-page","status-publish","hentry"],"jetpack_sharing_enabled":true,"_links":{"self":[{"href":"https:\/\/bioyoutoon-project.eu\/tr\/wp-json\/wp\/v2\/pages\/4335","targetHints":{"allow":["GET"]}}],"collection":[{"href":"https:\/\/bioyoutoon-project.eu\/tr\/wp-json\/wp\/v2\/pages"}],"about":[{"href":"https:\/\/bioyoutoon-project.eu\/tr\/wp-json\/wp\/v2\/types\/page"}],"author":[{"embeddable":true,"href":"https:\/\/bioyoutoon-project.eu\/tr\/wp-json\/wp\/v2\/users\/1"}],"replies":[{"embeddable":true,"href":"https:\/\/bioyoutoon-project.eu\/tr\/wp-json\/wp\/v2\/comments?post=4335"}],"version-history":[{"count":37,"href":"https:\/\/bioyoutoon-project.eu\/tr\/wp-json\/wp\/v2\/pages\/4335\/revisions"}],"predecessor-version":[{"id":4913,"href":"https:\/\/bioyoutoon-project.eu\/tr\/wp-json\/wp\/v2\/pages\/4335\/revisions\/4913"}],"wp:attachment":[{"href":"https:\/\/bioyoutoon-project.eu\/tr\/wp-json\/wp\/v2\/media?parent=4335"}],"curies":[{"name":"wp","href":"https:\/\/api.w.org\/{rel}","templated":true}]}}