{"id":5136,"date":"2025-04-04T06:53:22","date_gmt":"2025-04-04T06:53:22","guid":{"rendered":"https:\/\/bioyoutoon-project.eu\/?page_id=5136"},"modified":"2025-04-09T15:21:11","modified_gmt":"2025-04-09T15:21:11","slug":"multiplier-event-in-germany","status":"publish","type":"page","link":"https:\/\/bioyoutoon-project.eu\/tr\/multiplier-event-in-germany\/","title":{"rendered":"Almanya'da \u00c7arpan Etkinli\u011fi"},"content":{"rendered":"<div data-elementor-type=\"wp-page\" data-elementor-id=\"5136\" class=\"elementor elementor-5136\" data-elementor-post-type=\"page\">\n\t\t\t\t<div class=\"has_eae_slider elementor-element elementor-element-3521346 e-flex e-con-boxed e-con e-parent\" data-eae-slider=\"84684\" data-id=\"3521346\" data-element_type=\"container\" data-e-type=\"container\" id=\"kickoffmeeting\">\n\t\t\t\t\t<div class=\"e-con-inner\">\n\t\t\t\t<div class=\"elementor-element elementor-element-99fd009 eae--hr-position-center eae--vr-position-middle elementor-widget elementor-widget-eae-thumbgallery\" data-id=\"99fd009\" data-element_type=\"widget\" data-e-type=\"widget\" data-settings=\"{&quot;thumb_slides_per_view&quot;:6,&quot;thumb_space_between&quot;:8,&quot;thumb_slides_per_view_tablet&quot;:3,&quot;thumb_slides_per_view_mobile&quot;:2,&quot;thumb_space_between_tablet&quot;:10,&quot;thumb_space_between_mobile&quot;:5,&quot;slider_space_between&quot;:{&quot;unit&quot;:&quot;px&quot;,&quot;size&quot;:10,&quot;sizes&quot;:[]},&quot;slider_space_between_tablet&quot;:{&quot;unit&quot;:&quot;px&quot;,&quot;size&quot;:15,&quot;sizes&quot;:[]},&quot;slider_space_between_mobile&quot;:{&quot;unit&quot;:&quot;px&quot;,&quot;size&quot;:10,&quot;sizes&quot;:[]}}\" data-widget_type=\"eae-thumbgallery.default\">\n\t\t\t\t<div class=\"elementor-widget-container\">\n\t\t\t\t\t\n\t\t<div class=\"eae-swiper-outer-wrapper eae-swiper\" data-swiper-settings=\"{&quot;breakpoints_value&quot;:{&quot;mobile&quot;:320,&quot;tablet&quot;:768,&quot;desktop&quot;:1025},&quot;thumbs&quot;:{&quot;spaceBetween&quot;:{&quot;mobile&quot;:5,&quot;tablet&quot;:10,&quot;default&quot;:8},&quot;slidesPerView&quot;:{&quot;mobile&quot;:2,&quot;tablet&quot;:3,&quot;default&quot;:6}},&quot;effect&quot;:&quot;slide&quot;,&quot;speed&quot;:500,&quot;autoplay&quot;:{&quot;duration&quot;:5000,&quot;reverseDirection&quot;:false,&quot;slider_direction&quot;:&quot;ltr&quot;,&quot;disableOnInteraction&quot;:true},&quot;pauseOnHover&quot;:&quot;yes&quot;,&quot;spaceBetween&quot;:{&quot;mobile&quot;:1,&quot;tablet&quot;:1,&quot;default&quot;:10},&quot;loop&quot;:&quot;yes&quot;,&quot;navigation&quot;:&quot;yes&quot;,&quot;clickable&quot;:false,&quot;keyboard&quot;:true}\">\n\t\t\t\t\t   \n\t\t\t<div class=\"eae-swiper-container swiper\">\n\t\t\t\t<div class=\"eae-swiper-wrapper swiper-wrapper slider_vertical_wrapper\">\n\t\t\t\t\t\n\n\t\t\t\t\t<div class=\"elementor-repeater-item-e9f9627 eae-swiper-slide swiper-slide\" style=\"background-image : url(https:\/\/bioyoutoon-project.eu\/wp-content\/uploads\/2025\/04\/IMG_6971-scaled.jpg);\">\n\t\t\t\t   \n\t\t\t\t\t\t\t\t\t\t\t\t<div class=\"eae-slide-inner\">\t\t\t\t\t\t\t\t\t\t\t\t\t\t\t<div class=\"eae-slide-content\">\n\t\t\t\t\t\t\t\t\t\t\t\t\t\t\t\t\t\t\t<div class=\"eae-slide-heading\">Berlin'de Multiplier Etkinli\u011fi<\/div>\n\t\t\t\t\t\t\t\t\t\n\t\t\t\t\t\t\t\t\t\t\n\t\t\t\t\t\t\t\t\t<div class=\"eae-slide-text\">Etki Izgaras\u0131<\/div>\n\t\t\t\t\t\t\t\t\t \n\t\t\t\t\t\t\t\t\t\t\t\t\t\t\t\t\t<\/div>\n\t\t\t\t\t\t\t\t\t\t\t\t\t\t<\/div>\t\t\t\t\t\t\t<\/div>\n\t\t\t\t   \n\t\t\t\t\t\n\n\t\t\t\t\t<div class=\"elementor-repeater-item-bcc2049 eae-swiper-slide swiper-slide\" style=\"background-image : url(https:\/\/bioyoutoon-project.eu\/wp-content\/uploads\/2025\/04\/IMG_6973-scaled.jpg);\">\n\t\t\t\t   \n\t\t\t\t\t\t\t\t\t\t\t\t<div class=\"eae-slide-inner\">\t\t\t\t\t\t\t\t\t\t\t\t\t\t\t<div class=\"eae-slide-content\">\n\t\t\t\t\t\t\t\t\t\t\t\t\t\t\t\t\t\t\t<div class=\"eae-slide-heading\">Berlin'de Multiplier Etkinli\u011fi<\/div>\n\t\t\t\t\t\t\t\t\t\n\t\t\t\t\t\t\t\t\t\t\n\t\t\t\t\t\t\t\t\t<div class=\"eae-slide-text\">Etki Izgaras\u0131<\/div>\n\t\t\t\t\t\t\t\t\t \n\t\t\t\t\t\t\t\t\t\t\t\t\t\t\t\t\t<\/div>\n\t\t\t\t\t\t\t\t\t\t\t\t\t\t<\/div>\t\t\t\t\t\t\t<\/div>\n\t\t\t\t   \n\t\t\t\t\t\n\n\t\t\t\t\t<div class=\"elementor-repeater-item-968f18d eae-swiper-slide swiper-slide\" style=\"background-image : url(https:\/\/bioyoutoon-project.eu\/wp-content\/uploads\/2025\/04\/IMG_6974-scaled.jpg);\">\n\t\t\t\t   \n\t\t\t\t\t\t\t\t\t\t\t\t<div class=\"eae-slide-inner\">\t\t\t\t\t\t\t\t\t\t\t\t\t\t\t<div class=\"eae-slide-content\">\n\t\t\t\t\t\t\t\t\t\t\t\t\t\t\t\t\t\t\t<div class=\"eae-slide-heading\">Berlin'de Multiplier Etkinli\u011fi<\/div>\n\t\t\t\t\t\t\t\t\t\n\t\t\t\t\t\t\t\t\t\t\n\t\t\t\t\t\t\t\t\t<div class=\"eae-slide-text\">Etki Izgaras\u0131<\/div>\n\t\t\t\t\t\t\t\t\t \n\t\t\t\t\t\t\t\t\t\t\t\t\t\t\t\t\t<\/div>\n\t\t\t\t\t\t\t\t\t\t\t\t\t\t<\/div>\t\t\t\t\t\t\t<\/div>\n\t\t\t\t   \n\t\t\t\t\t\n\n\t\t\t\t\t<div class=\"elementor-repeater-item-20f982a eae-swiper-slide swiper-slide\" style=\"background-image : url(https:\/\/bioyoutoon-project.eu\/wp-content\/uploads\/2025\/04\/IMG_6975-scaled.jpg);\">\n\t\t\t\t   \n\t\t\t\t\t\t\t\t\t\t\t\t<div class=\"eae-slide-inner\">\t\t\t\t\t\t\t\t\t\t\t\t\t\t\t<div class=\"eae-slide-content\">\n\t\t\t\t\t\t\t\t\t\t\t\t\t\t\t\t\t\t\t<div class=\"eae-slide-heading\">Berlin'de Multiplier Etkinli\u011fi<\/div>\n\t\t\t\t\t\t\t\t\t\n\t\t\t\t\t\t\t\t\t\t\n\t\t\t\t\t\t\t\t\t<div class=\"eae-slide-text\">Etki Izgaras\u0131<\/div>\n\t\t\t\t\t\t\t\t\t \n\t\t\t\t\t\t\t\t\t\t\t\t\t\t\t\t\t<\/div>\n\t\t\t\t\t\t\t\t\t\t\t\t\t\t<\/div>\t\t\t\t\t\t\t<\/div>\n\t\t\t\t   \n\t\t\t\t\t\n\n\t\t\t\t\t<div class=\"elementor-repeater-item-ffc7d19 eae-swiper-slide swiper-slide\" style=\"background-image : url(https:\/\/bioyoutoon-project.eu\/wp-content\/uploads\/2025\/04\/IMG_6978-scaled.jpg);\">\n\t\t\t\t   \n\t\t\t\t\t\t\t\t\t\t\t\t<div class=\"eae-slide-inner\">\t\t\t\t\t\t\t\t\t\t\t\t\t\t\t<div class=\"eae-slide-content\">\n\t\t\t\t\t\t\t\t\t\t\t\t\t\t\t\t\t\t\t<div class=\"eae-slide-heading\">Berlin'de Multiplier Etkinli\u011fi<\/div>\n\t\t\t\t\t\t\t\t\t\n\t\t\t\t\t\t\t\t\t\t\n\t\t\t\t\t\t\t\t\t<div class=\"eae-slide-text\">Etki Izgaras\u0131<\/div>\n\t\t\t\t\t\t\t\t\t \n\t\t\t\t\t\t\t\t\t\t\t\t\t\t\t\t\t<\/div>\n\t\t\t\t\t\t\t\t\t\t\t\t\t\t<\/div>\t\t\t\t\t\t\t<\/div>\n\t\t\t\t   \n\t\t\t\t\t\n\n\t\t\t\t\t<div class=\"elementor-repeater-item-2b16dc8 eae-swiper-slide swiper-slide\" style=\"background-image : url(https:\/\/bioyoutoon-project.eu\/wp-content\/uploads\/2025\/04\/IMG_6980-scaled.jpg);\">\n\t\t\t\t   \n\t\t\t\t\t\t\t\t\t\t\t\t<div class=\"eae-slide-inner\">\t\t\t\t\t\t\t\t\t\t\t\t\t\t\t<div class=\"eae-slide-content\">\n\t\t\t\t\t\t\t\t\t\t\t\t\t\t\t\t\t\t\t<div class=\"eae-slide-heading\">Berlin'de Multiplier Etkinli\u011fi<\/div>\n\t\t\t\t\t\t\t\t\t\n\t\t\t\t\t\t\t\t\t\t\n\t\t\t\t\t\t\t\t\t<div class=\"eae-slide-text\">Etki Izgaras\u0131<\/div>\n\t\t\t\t\t\t\t\t\t \n\t\t\t\t\t\t\t\t\t\t\t\t\t\t\t\t\t<\/div>\n\t\t\t\t\t\t\t\t\t\t\t\t\t\t<\/div>\t\t\t\t\t\t\t<\/div>\n\t\t\t\t   \n\t\t\t\t\t\n\n\t\t\t\t\t<div class=\"elementor-repeater-item-ddf6ff3 eae-swiper-slide swiper-slide\" style=\"background-image : url(https:\/\/bioyoutoon-project.eu\/wp-content\/uploads\/2025\/04\/IMG_6981-scaled.jpg);\">\n\t\t\t\t   \n\t\t\t\t\t\t\t\t\t\t\t\t<div class=\"eae-slide-inner\">\t\t\t\t\t\t\t\t\t\t\t\t\t\t\t<div class=\"eae-slide-content\">\n\t\t\t\t\t\t\t\t\t\t\t\t\t\t\t\t\t\t\t<div class=\"eae-slide-heading\">Berlin'de Multiplier Etkinli\u011fi<\/div>\n\t\t\t\t\t\t\t\t\t\n\t\t\t\t\t\t\t\t\t\t\n\t\t\t\t\t\t\t\t\t<div class=\"eae-slide-text\">Etki Izgaras\u0131<\/div>\n\t\t\t\t\t\t\t\t\t \n\t\t\t\t\t\t\t\t\t\t\t\t\t\t\t\t\t<\/div>\n\t\t\t\t\t\t\t\t\t\t\t\t\t\t<\/div>\t\t\t\t\t\t\t<\/div>\n\t\t\t\t   \n\t\t\t\t\t\n\n\t\t\t\t\t<div class=\"elementor-repeater-item-faf1112 eae-swiper-slide swiper-slide\" style=\"background-image : url(https:\/\/bioyoutoon-project.eu\/wp-content\/uploads\/2025\/04\/IMG_6984-scaled.jpg);\">\n\t\t\t\t   \n\t\t\t\t\t\t\t\t\t\t\t\t<div class=\"eae-slide-inner\">\t\t\t\t\t\t\t\t\t\t\t\t\t\t\t<div class=\"eae-slide-content\">\n\t\t\t\t\t\t\t\t\t\t\t\t\t\t\t\t\t\t\t<div class=\"eae-slide-heading\">Berlin'de Multiplier Etkinli\u011fi<\/div>\n\t\t\t\t\t\t\t\t\t\n\t\t\t\t\t\t\t\t\t\t\n\t\t\t\t\t\t\t\t\t<div class=\"eae-slide-text\">Etki Izgaras\u0131<\/div>\n\t\t\t\t\t\t\t\t\t \n\t\t\t\t\t\t\t\t\t\t\t\t\t\t\t\t\t<\/div>\n\t\t\t\t\t\t\t\t\t\t\t\t\t\t<\/div>\t\t\t\t\t\t\t<\/div>\n\t\t\t\t   \n\t\t\t\t\t\n\n\t\t\t\t\t<div class=\"elementor-repeater-item-e763547 eae-swiper-slide swiper-slide\" style=\"background-image : url(https:\/\/bioyoutoon-project.eu\/wp-content\/uploads\/2025\/04\/IMG_6986-scaled.jpg);\">\n\t\t\t\t   \n\t\t\t\t\t\t\t\t\t\t\t\t<div class=\"eae-slide-inner\">\t\t\t\t\t\t\t\t\t\t\t\t\t\t\t<div class=\"eae-slide-content\">\n\t\t\t\t\t\t\t\t\t\t\t\t\t\t\t\t\t\t\t<div class=\"eae-slide-heading\">Berlin'de Multiplier Etkinli\u011fi<\/div>\n\t\t\t\t\t\t\t\t\t\n\t\t\t\t\t\t\t\t\t\t\n\t\t\t\t\t\t\t\t\t<div class=\"eae-slide-text\">Etki Izgaras\u0131<\/div>\n\t\t\t\t\t\t\t\t\t \n\t\t\t\t\t\t\t\t\t\t\t\t\t\t\t\t\t<\/div>\n\t\t\t\t\t\t\t\t\t\t\t\t\t\t<\/div>\t\t\t\t\t\t\t<\/div>\n\t\t\t\t   \n\t\t\t\t\t\n\n\t\t\t\t\t<div class=\"elementor-repeater-item-d057a87 eae-swiper-slide swiper-slide\" style=\"background-image : url(https:\/\/bioyoutoon-project.eu\/wp-content\/uploads\/2025\/04\/IMG_6987-scaled.jpg);\">\n\t\t\t\t   \n\t\t\t\t\t\t\t\t\t\t\t\t<div class=\"eae-slide-inner\">\t\t\t\t\t\t\t\t\t\t\t\t\t\t\t<div class=\"eae-slide-content\">\n\t\t\t\t\t\t\t\t\t\t\t\t\t\t\t\t\t\t\t<div class=\"eae-slide-heading\">Berlin'de Multiplier Etkinli\u011fi<\/div>\n\t\t\t\t\t\t\t\t\t\n\t\t\t\t\t\t\t\t\t\t\n\t\t\t\t\t\t\t\t\t<div class=\"eae-slide-text\">Etki Izgaras\u0131<\/div>\n\t\t\t\t\t\t\t\t\t \n\t\t\t\t\t\t\t\t\t\t\t\t\t\t\t\t\t<\/div>\n\t\t\t\t\t\t\t\t\t\t\t\t\t\t<\/div>\t\t\t\t\t\t\t<\/div>\n\t\t\t\t   \n\t\t\t\t\t \n\t\t\t\t<\/div>\n\t\t\t   \n\t\t\t\t\t\t\t\t\t\t\t\t\t\t<div class = \"eae-swiper-button eae-slider-nav-button  eae-swiper-button-prev\">\n\t\t\t\t\t\t\t<i class=\"fa fa-angle-left\"><\/i>\t\t\t\t\t\t<\/div>\t\n\t\t\t\t\t\t   \n\t\t\t\t\t\t<div class = \"eae-swiper-button eae-slider-nav-button eae-swiper-button-next\">\n\t\t\t\t\t\t\t<i class=\"fa fa-angle-right\"><\/i>\t\t\t\t\t\t<\/div>\t\n\t\t\t\t\t\t\t\t   \n\t\t\t\t\t\n\t\t\t<\/div>\t\n\t\t\n\t\t\t<div class=\"eae-thumb-container swiper eae-gallery-thumbs eae-thumb-horizontal-bottom\">\n\t\t\t\t<div class=\"eae-thumb-wrapper swiper-wrapper\">\n\t\t\t\t\t\t\t\t\t\t   \n\t\t\t\t\t\t<div class=\"elementor-repeater-item-e9f9627 eae-thumb-slide swiper-slide\" style=\"background-image : url(https:\/\/bioyoutoon-project.eu\/wp-content\/uploads\/2025\/04\/IMG_6971-scaled.jpg);\">\n\t\t\t\t\t\t\t\t<div class='eae-fit-aspect-ratio'><\/div>\n\t\t\t\t\t\t<\/div>\n\t\t\t\t\t\t\t\t\t\t   \n\t\t\t\t\t\t<div class=\"elementor-repeater-item-bcc2049 eae-thumb-slide swiper-slide\" style=\"background-image : url(https:\/\/bioyoutoon-project.eu\/wp-content\/uploads\/2025\/04\/IMG_6973-scaled.jpg);\">\n\t\t\t\t\t\t\t\t<div class='eae-fit-aspect-ratio'><\/div>\n\t\t\t\t\t\t<\/div>\n\t\t\t\t\t\t\t\t\t\t   \n\t\t\t\t\t\t<div class=\"elementor-repeater-item-968f18d eae-thumb-slide swiper-slide\" style=\"background-image : url(https:\/\/bioyoutoon-project.eu\/wp-content\/uploads\/2025\/04\/IMG_6974-scaled.jpg);\">\n\t\t\t\t\t\t\t\t<div class='eae-fit-aspect-ratio'><\/div>\n\t\t\t\t\t\t<\/div>\n\t\t\t\t\t\t\t\t\t\t   \n\t\t\t\t\t\t<div class=\"elementor-repeater-item-20f982a eae-thumb-slide swiper-slide\" style=\"background-image : url(https:\/\/bioyoutoon-project.eu\/wp-content\/uploads\/2025\/04\/IMG_6975-scaled.jpg);\">\n\t\t\t\t\t\t\t\t<div class='eae-fit-aspect-ratio'><\/div>\n\t\t\t\t\t\t<\/div>\n\t\t\t\t\t\t\t\t\t\t   \n\t\t\t\t\t\t<div class=\"elementor-repeater-item-ffc7d19 eae-thumb-slide swiper-slide\" style=\"background-image : url(https:\/\/bioyoutoon-project.eu\/wp-content\/uploads\/2025\/04\/IMG_6978-scaled.jpg);\">\n\t\t\t\t\t\t\t\t<div class='eae-fit-aspect-ratio'><\/div>\n\t\t\t\t\t\t<\/div>\n\t\t\t\t\t\t\t\t\t\t   \n\t\t\t\t\t\t<div class=\"elementor-repeater-item-2b16dc8 eae-thumb-slide swiper-slide\" style=\"background-image : url(https:\/\/bioyoutoon-project.eu\/wp-content\/uploads\/2025\/04\/IMG_6980-scaled.jpg);\">\n\t\t\t\t\t\t\t\t<div class='eae-fit-aspect-ratio'><\/div>\n\t\t\t\t\t\t<\/div>\n\t\t\t\t\t\t\t\t\t\t   \n\t\t\t\t\t\t<div class=\"elementor-repeater-item-ddf6ff3 eae-thumb-slide swiper-slide\" style=\"background-image : url(https:\/\/bioyoutoon-project.eu\/wp-content\/uploads\/2025\/04\/IMG_6981-scaled.jpg);\">\n\t\t\t\t\t\t\t\t<div class='eae-fit-aspect-ratio'><\/div>\n\t\t\t\t\t\t<\/div>\n\t\t\t\t\t\t\t\t\t\t   \n\t\t\t\t\t\t<div class=\"elementor-repeater-item-faf1112 eae-thumb-slide swiper-slide\" style=\"background-image : url(https:\/\/bioyoutoon-project.eu\/wp-content\/uploads\/2025\/04\/IMG_6984-scaled.jpg);\">\n\t\t\t\t\t\t\t\t<div class='eae-fit-aspect-ratio'><\/div>\n\t\t\t\t\t\t<\/div>\n\t\t\t\t\t\t\t\t\t\t   \n\t\t\t\t\t\t<div class=\"elementor-repeater-item-e763547 eae-thumb-slide swiper-slide\" style=\"background-image : url(https:\/\/bioyoutoon-project.eu\/wp-content\/uploads\/2025\/04\/IMG_6986-scaled.jpg);\">\n\t\t\t\t\t\t\t\t<div class='eae-fit-aspect-ratio'><\/div>\n\t\t\t\t\t\t<\/div>\n\t\t\t\t\t\t\t\t\t\t   \n\t\t\t\t\t\t<div class=\"elementor-repeater-item-d057a87 eae-thumb-slide swiper-slide\" style=\"background-image : url(https:\/\/bioyoutoon-project.eu\/wp-content\/uploads\/2025\/04\/IMG_6987-scaled.jpg);\">\n\t\t\t\t\t\t\t\t<div class='eae-fit-aspect-ratio'><\/div>\n\t\t\t\t\t\t<\/div>\n\t\t\t\t\t \n\t\t\t\t<\/div>\n\n\t\t\t\t\n\t\t\t<\/div>\n\n\t\t\t\t<\/div> \n\t\t\t\t\t\t<\/div>\n\t\t\t\t<\/div>\n\t\t\t\t<div class=\"elementor-element elementor-element-b715105 elementor-widget elementor-widget-heading\" data-id=\"b715105\" data-element_type=\"widget\" data-e-type=\"widget\" data-widget_type=\"heading.default\">\n\t\t\t\t<div class=\"elementor-widget-container\">\n\t\t\t\t\t<h2 class=\"elementor-heading-title elementor-size-default\">Berlin'de \u00c7arpan Etkinli\u011fi - Impact Grid<\/h2>\t\t\t\t<\/div>\n\t\t\t\t<\/div>\n\t\t\t\t<div class=\"elementor-element elementor-element-07baab2 elementor-widget elementor-widget-text-editor\" data-id=\"07baab2\" data-element_type=\"widget\" data-e-type=\"widget\" data-widget_type=\"text-editor.default\">\n\t\t\t\t<div class=\"elementor-widget-container\">\n\t\t\t\t\t\t\t\t\t<p><span class=\"TextRun SCXW58092030 BCX0\" lang=\"EN-US\" xml:lang=\"EN-US\" data-contrast=\"auto\"><span class=\"NormalTextRun SCXW58092030 BCX0\">22 \u015eubat tarihinde <\/span><span class=\"NormalTextRun SCXW58092030 BCX0\">BioYouToon<\/span><span class=\"NormalTextRun SCXW58092030 BCX0\"> projesi Berlin'de canl\u0131 bir mola verdi ve \u00e7e\u015fitli kat\u0131l\u0131mc\u0131lardan olu\u015fan bir grubu de\u011fi\u015fim, hikaye anlat\u0131m\u0131 ve kutlama gecesi i\u00e7in bir araya getirdi. Etkinlik, e-k\u0131lavuz, gen\u00e7ler ve gen\u00e7lik \u00e7al\u0131\u015fanlar\u0131 i\u00e7in ara\u00e7 kiti ve \u00f6zel web karikat\u00fcrleri gibi projenin temel kaynaklar\u0131n\u0131 sunma f\u0131rsat\u0131 sunarken, biyo\u00e7e\u015fitlilik ve gen\u00e7lik kat\u0131l\u0131m\u0131 \u00fczerine diyalo\u011fu da te\u015fvik etti.<\/span><\/span><span class=\"EOP SCXW58092030 BCX0\" data-ccp-props=\"{&quot;134233118&quot;:false,&quot;335551550&quot;:6,&quot;335551620&quot;:6,&quot;335559739&quot;:0}\">\u00a0<\/span><\/p>\t\t\t\t\t\t\t\t<\/div>\n\t\t\t\t<\/div>\n\t\t\t\t\t<\/div>\n\t\t\t\t<\/div>\n\t\t\t\t<\/div>","protected":false},"excerpt":{"rendered":"<p>Multiplier Event in Berlin Impact Grid Multiplier Event in Berlin Impact Grid Multiplier Event in Berlin Impact Grid Multiplier Event&hellip;<\/p>","protected":false},"author":1,"featured_media":0,"parent":0,"menu_order":0,"comment_status":"closed","ping_status":"closed","template":"","meta":{"footnotes":""},"class_list":["post-5136","page","type-page","status-publish","hentry"],"jetpack_sharing_enabled":true,"_links":{"self":[{"href":"https:\/\/bioyoutoon-project.eu\/tr\/wp-json\/wp\/v2\/pages\/5136","targetHints":{"allow":["GET"]}}],"collection":[{"href":"https:\/\/bioyoutoon-project.eu\/tr\/wp-json\/wp\/v2\/pages"}],"about":[{"href":"https:\/\/bioyoutoon-project.eu\/tr\/wp-json\/wp\/v2\/types\/page"}],"author":[{"embeddable":true,"href":"https:\/\/bioyoutoon-project.eu\/tr\/wp-json\/wp\/v2\/users\/1"}],"replies":[{"embeddable":true,"href":"https:\/\/bioyoutoon-project.eu\/tr\/wp-json\/wp\/v2\/comments?post=5136"}],"version-history":[{"count":7,"href":"https:\/\/bioyoutoon-project.eu\/tr\/wp-json\/wp\/v2\/pages\/5136\/revisions"}],"predecessor-version":[{"id":5339,"href":"https:\/\/bioyoutoon-project.eu\/tr\/wp-json\/wp\/v2\/pages\/5136\/revisions\/5339"}],"wp:attachment":[{"href":"https:\/\/bioyoutoon-project.eu\/tr\/wp-json\/wp\/v2\/media?parent=5136"}],"curies":[{"name":"wp","href":"https:\/\/api.w.org\/{rel}","templated":true}]}}